{"id":1739,"date":"2011-05-18T08:49:20","date_gmt":"2011-05-18T08:49:20","guid":{"rendered":"https:\/\/www.associationafmi.com\/amis-du-musee\/"},"modified":"2018-07-19T12:25:17","modified_gmt":"2018-07-19T10:25:17","slug":"about-us","status":"publish","type":"page","link":"https:\/\/www.associationafmi.com\/en\/about-us\/","title":{"rendered":"About our association"},"content":{"rendered":"<div class=\"wpb-content-wrapper\"><p>[vc_row dfd_row_config=&#8221;full_width_content&#8221; dfd_row_responsive_enable=&#8221;dfd-row-responsive-enable&#8221; css=&#8221;.vc_custom_1528720326581{padding-right: 100px !important;padding-left: 100px !important;}&#8221; responsive_styles=&#8221;padding_left_mobile:10|padding_right_mobile:10&#8243;][vc_column dfd_column_responsive_enable=&#8221;dfd-column-responsive-enable&#8221; css=&#8221;.vc_custom_1527603702382{padding-top: 50px !important;padding-bottom: 50px !important;}&#8221; col_shadow=&#8221;box_shadow_enable:disable|shadow_horizontal:0|shadow_vertical:15|shadow_blur:50|shadow_spread:0|box_shadow_color:rgba(0%2C0%2C0%2C0.35)&#8221; col_shadow_hover=&#8221;box_shadow_enable:disable|shadow_horizontal:0|shadow_vertical:15|shadow_blur:50|shadow_spread:0|box_shadow_color:rgba(0%2C0%2C0%2C0.35)&#8221; responsive_styles=&#8221;border_bottom_mobile:10|padding_top_mobile:10&#8243;][dfd_heading subtitle=&#8221;&#8221; enable_delimiter=&#8221;&#8221; undefined=&#8221;&#8221; title_font_options=&#8221;tag:h1|font_size:30|line_height:35|letter_spacing:1&#8243; subtitle_font_options=&#8221;tag:div&#8221;]About our association[\/dfd_heading][dfd_single_image image=&#8221;2439&#8243; tutorials=&#8221;&#8221;][dfd_spacer screen_wide_spacer_size=&#8221;50&#8243; screen_normal_resolution=&#8221;1024&#8243; screen_tablet_resolution=&#8221;800&#8243; screen_mobile_resolution=&#8221;480&#8243; tutorials=&#8221;&#8221;][dfd_heading subtitle=&#8221;&#8221; enable_delimiter=&#8221;&#8221; undefined=&#8221;&#8221; title_font_options=&#8221;tag:h2|font_size:20|line_height:35|letter_spacing:1&#8243; subtitle_font_options=&#8221;tag:div&#8221;]Founded in 1972, the association supports the development of the Israel Museum in Jerusalem, both on a financial and a moral level. It also strengthens cultural and artistic connections between France and Israel.[\/dfd_heading][\/vc_column][\/vc_row][vc_row dfd_row_responsive_enable=&#8221;dfd-row-responsive-enable&#8221; css=&#8221;.vc_custom_1531995666367{padding-right: 200px !important;padding-bottom: 50px !important;padding-left: 200px !important;}&#8221; responsive_styles=&#8221;padding_top_mobile:10|padding_bottom_mobile:10|padding_left_mobile:10|padding_right_mobile:10&#8243;][vc_column width=&#8221;1\/2&#8243;][dfd_heading subtitle=&#8221;&#8221; content_alignment=&#8221;text-left&#8221; enable_delimiter=&#8221;&#8221; undefined=&#8221;&#8221; title_font_options=&#8221;tag:h3|font_size:15|letter_spacing:1&#8243; title_google_fonts=&#8221;yes&#8221; title_custom_fonts=&#8221;font_family:Roboto%3A100%2C100italic%2C300%2C300italic%2Cregular%2Citalic%2C500%2C500italic%2C700%2C700italic%2C900%2C900italic|font_style:100%20light%20regular%3A100%3Anormal&#8221; subtitle_font_options=&#8221;tag:div&#8221;]A Private Initiative[\/dfd_heading][vc_column_text]The first president of the association was Alix de Rothschild. After her death, she was succeeded by Guy Loudmer, and following him, the presidency of the association has been successively conducted by Henri Samuel, Marc Landeau and Denise Levy, Patricia Landeau, Claude and Fran\u00e7oise Segalot.<\/p>\n<p>Since then, have shared the presidency of the association:<\/p>\n<ul>\n<li>Mimette Drommelschlager and Philippe Cohen,<\/li>\n<li>Chantal and Guy Wallier,<\/li>\n<li>Patricia Landeau and Philippe Cohen,<\/li>\n<li>Patricia Landeau and V\u00e9ronique Chiche,<\/li>\n<li>Patricia Landeau and Nathalie Mamane-Cohen.<\/li>\n<\/ul>\n<p>Patricia Landeau and Mimette Drommelschlager are the actual presidents and Mrs. Denise Levy is the honorary president.[\/vc_column_text][\/vc_column][vc_column width=&#8221;1\/2&#8243;][dfd_single_image image_type=&#8221;external_link&#8221; external_link_url=&#8221;https:\/\/www.associationafmi.com\/amis-france-musee-israel\/2018\/06\/3-gala-2017.jpg&#8221;][\/vc_column][\/vc_row][vc_row dfd_row_responsive_enable=&#8221;dfd-row-responsive-enable&#8221; css=&#8221;.vc_custom_1527603734740{padding-top: 50px !important;padding-right: 200px !important;padding-bottom: 50px !important;padding-left: 200px !important;}&#8221; responsive_styles=&#8221;padding_top_mobile:10|padding_bottom_mobile:10|padding_left_mobile:10|padding_right_mobile:10&#8243;][vc_column width=&#8221;1\/2&#8243;][dfd_single_image tutorials=&#8221;&#8221; image=&#8221;2434&#8243;][\/vc_column][vc_column width=&#8221;1\/2&#8243;][dfd_heading subtitle=&#8221;&#8221; content_alignment=&#8221;text-left&#8221; enable_delimiter=&#8221;&#8221; undefined=&#8221;&#8221; title_font_options=&#8221;tag:h3|font_size:15|letter_spacing:1&#8243; title_google_fonts=&#8221;yes&#8221; title_custom_fonts=&#8221;font_family:Roboto%3A100%2C100italic%2C300%2C300italic%2Cregular%2Citalic%2C500%2C500italic%2C700%2C700italic%2C900%2C900italic|font_style:100%20light%20regular%3A100%3Anormal&#8221; subtitle_font_options=&#8221;tag:div&#8221;]Our vocation[\/dfd_heading][vc_column_text]Fully committed to contemporary art through its art acquisitions and its various activities, the AFMI seeks to raise awareness and enrich the heritage of the Israel Museum collection in France, Israel, and throughout the world.<\/p>\n<p>Thanks to its numerous members and to the generosity of its donators, each year the association is able to allocate funds to buy various art acquisitions for the Israel Museum in Jerusalem.<br \/>\n[\/vc_column_text][\/vc_column][\/vc_row][vc_row dfd_row_responsive_enable=&#8221;dfd-row-responsive-enable&#8221; css=&#8221;.vc_custom_1527603754704{padding-top: 50px !important;padding-right: 200px !important;padding-bottom: 50px !important;padding-left: 200px !important;}&#8221; responsive_styles=&#8221;padding_top_mobile:10|padding_bottom_mobile:10|padding_left_mobile:10|padding_right_mobile:10&#8243;][vc_column width=&#8221;1\/2&#8243;][dfd_heading subtitle=&#8221;&#8221; content_alignment=&#8221;text-left&#8221; enable_delimiter=&#8221;&#8221; undefined=&#8221;&#8221; title_font_options=&#8221;tag:h3|font_size:15|letter_spacing:1&#8243; title_google_fonts=&#8221;yes&#8221; title_custom_fonts=&#8221;font_family:Roboto%3A100%2C100italic%2C300%2C300italic%2Cregular%2Citalic%2C500%2C500italic%2C700%2C700italic%2C900%2C900italic|font_style:100%20light%20regular%3A100%3Anormal&#8221; subtitle_font_options=&#8221;tag:div&#8221;]A Collective Sponsorship[\/dfd_heading][vc_column_text]The association employs a fundraising model that depends upon both the generosity of its members and its donators.<\/p>\n<p>The association organizes special events and projects with renowned artists, curators, and collectors who share their interest in art with its members.<\/p>\n<p>Exhibitions, private tours, trips, or visits to artists\u2019 studios are all opportunities for interaction and dialogue between the members of the association and the art world. The AFMI is a non-profit organization, registered by the association law of 1901 in France.[\/vc_column_text][\/vc_column][vc_column width=&#8221;1\/2&#8243;][dfd_single_image tutorials=&#8221;&#8221; image=&#8221;2436&#8243;][\/vc_column][\/vc_row]<\/p>\n<\/div>","protected":false},"excerpt":{"rendered":"<p>Founded in 1972, the association The French Friends of the Israel Museum supports the development of the Israel Museum in Jerusalem, both on a financial and a moral level. It also strengthens cultural and artistic connections between France and Israel.<\/p>\n","protected":false},"author":1,"featured_media":0,"parent":0,"menu_order":2,"comment_status":"open","ping_status":"open","template":"","meta":{"footnotes":""},"class_list":["post-1739","page","type-page","status-publish","hentry"],"yoast_head":"<!-- This site is optimized with the Yoast SEO plugin v27.0 - https:\/\/yoast.com\/product\/yoast-seo-wordpress\/ -->\n<title>About our association - Association des Amis Fran\u00e7ais du Mus\u00e9e d&#039;Isra\u00ebll<\/title>\n<meta name=\"robots\" content=\"index, follow, max-snippet:-1, max-image-preview:large, max-video-preview:-1\" \/>\n<link rel=\"canonical\" href=\"https:\/\/www.associationafmi.com\/en\/about-us\/\" \/>\n<meta property=\"og:locale\" content=\"en_US\" \/>\n<meta property=\"og:type\" content=\"article\" \/>\n<meta property=\"og:title\" content=\"About our association - Association des Amis Fran\u00e7ais du Mus\u00e9e d&#039;Isra\u00ebll\" \/>\n<meta property=\"og:description\" content=\"Founded in 1972, the association The French Friends of the Israel Museum supports the development of the Israel Museum in Jerusalem, both on a financial and a moral level. It also strengthens cultural and artistic connections between France and Israel.\" \/>\n<meta property=\"og:url\" content=\"https:\/\/www.associationafmi.com\/en\/about-us\/\" \/>\n<meta property=\"og:site_name\" content=\"Association des Amis Fran\u00e7ais du Mus\u00e9e d&#039;Isra\u00ebll\" \/>\n<meta property=\"article:modified_time\" content=\"2018-07-19T10:25:17+00:00\" \/>\n<meta name=\"twitter:card\" content=\"summary_large_image\" \/>\n<meta name=\"twitter:label1\" content=\"Est. reading time\" \/>\n\t<meta name=\"twitter:data1\" content=\"4 minutes\" \/>\n<script type=\"application\/ld+json\" class=\"yoast-schema-graph\">{\"@context\":\"https:\/\/schema.org\",\"@graph\":[{\"@type\":\"WebPage\",\"@id\":\"https:\/\/www.associationafmi.com\/en\/about-us\/\",\"url\":\"https:\/\/www.associationafmi.com\/en\/about-us\/\",\"name\":\"About our association - Association des Amis Fran\u00e7ais du Mus\u00e9e d&#039;Isra\u00ebll\",\"isPartOf\":{\"@id\":\"https:\/\/www.associationafmi.com\/fr\/#website\"},\"datePublished\":\"2011-05-18T08:49:20+00:00\",\"dateModified\":\"2018-07-19T10:25:17+00:00\",\"breadcrumb\":{\"@id\":\"https:\/\/www.associationafmi.com\/en\/about-us\/#breadcrumb\"},\"inLanguage\":\"en-US\",\"potentialAction\":[{\"@type\":\"ReadAction\",\"target\":[\"https:\/\/www.associationafmi.com\/en\/about-us\/\"]}]},{\"@type\":\"BreadcrumbList\",\"@id\":\"https:\/\/www.associationafmi.com\/en\/about-us\/#breadcrumb\",\"itemListElement\":[{\"@type\":\"ListItem\",\"position\":1,\"name\":\"Accueil\",\"item\":\"https:\/\/www.associationafmi.com\/en\/\"},{\"@type\":\"ListItem\",\"position\":2,\"name\":\"About our association\"}]},{\"@type\":\"WebSite\",\"@id\":\"https:\/\/www.associationafmi.com\/fr\/#website\",\"url\":\"https:\/\/www.associationafmi.com\/fr\/\",\"name\":\"Association des Amis Fran\u00e7ais du Mus\u00e9e d&#039;Isra\u00ebll\",\"description\":\"AFMI I Amis Fran\u00e7ais du Mus\u00e9e d&#039;Isra\u00ebl\",\"potentialAction\":[{\"@type\":\"SearchAction\",\"target\":{\"@type\":\"EntryPoint\",\"urlTemplate\":\"https:\/\/www.associationafmi.com\/fr\/?s={search_term_string}\"},\"query-input\":{\"@type\":\"PropertyValueSpecification\",\"valueRequired\":true,\"valueName\":\"search_term_string\"}}],\"inLanguage\":\"en-US\"}]}<\/script>\n<!-- \/ Yoast SEO plugin. -->","yoast_head_json":{"title":"About our association - Association des Amis Fran\u00e7ais du Mus\u00e9e d&#039;Isra\u00ebll","robots":{"index":"index","follow":"follow","max-snippet":"max-snippet:-1","max-image-preview":"max-image-preview:large","max-video-preview":"max-video-preview:-1"},"canonical":"https:\/\/www.associationafmi.com\/en\/about-us\/","og_locale":"en_US","og_type":"article","og_title":"About our association - Association des Amis Fran\u00e7ais du Mus\u00e9e d&#039;Isra\u00ebll","og_description":"Founded in 1972, the association The French Friends of the Israel Museum supports the development of the Israel Museum in Jerusalem, both on a financial and a moral level. It also strengthens cultural and artistic connections between France and Israel.","og_url":"https:\/\/www.associationafmi.com\/en\/about-us\/","og_site_name":"Association des Amis Fran\u00e7ais du Mus\u00e9e d&#039;Isra\u00ebll","article_modified_time":"2018-07-19T10:25:17+00:00","twitter_card":"summary_large_image","twitter_misc":{"Est. reading time":"4 minutes"},"schema":{"@context":"https:\/\/schema.org","@graph":[{"@type":"WebPage","@id":"https:\/\/www.associationafmi.com\/en\/about-us\/","url":"https:\/\/www.associationafmi.com\/en\/about-us\/","name":"About our association - Association des Amis Fran\u00e7ais du Mus\u00e9e d&#039;Isra\u00ebll","isPartOf":{"@id":"https:\/\/www.associationafmi.com\/fr\/#website"},"datePublished":"2011-05-18T08:49:20+00:00","dateModified":"2018-07-19T10:25:17+00:00","breadcrumb":{"@id":"https:\/\/www.associationafmi.com\/en\/about-us\/#breadcrumb"},"inLanguage":"en-US","potentialAction":[{"@type":"ReadAction","target":["https:\/\/www.associationafmi.com\/en\/about-us\/"]}]},{"@type":"BreadcrumbList","@id":"https:\/\/www.associationafmi.com\/en\/about-us\/#breadcrumb","itemListElement":[{"@type":"ListItem","position":1,"name":"Accueil","item":"https:\/\/www.associationafmi.com\/en\/"},{"@type":"ListItem","position":2,"name":"About our association"}]},{"@type":"WebSite","@id":"https:\/\/www.associationafmi.com\/fr\/#website","url":"https:\/\/www.associationafmi.com\/fr\/","name":"Association des Amis Fran\u00e7ais du Mus\u00e9e d&#039;Isra\u00ebll","description":"AFMI I Amis Fran\u00e7ais du Mus\u00e9e d&#039;Isra\u00ebl","potentialAction":[{"@type":"SearchAction","target":{"@type":"EntryPoint","urlTemplate":"https:\/\/www.associationafmi.com\/fr\/?s={search_term_string}"},"query-input":{"@type":"PropertyValueSpecification","valueRequired":true,"valueName":"search_term_string"}}],"inLanguage":"en-US"}]}},"_links":{"self":[{"href":"https:\/\/www.associationafmi.com\/en\/wp-json\/wp\/v2\/pages\/1739","targetHints":{"allow":["GET"]}}],"collection":[{"href":"https:\/\/www.associationafmi.com\/en\/wp-json\/wp\/v2\/pages"}],"about":[{"href":"https:\/\/www.associationafmi.com\/en\/wp-json\/wp\/v2\/types\/page"}],"author":[{"embeddable":true,"href":"https:\/\/www.associationafmi.com\/en\/wp-json\/wp\/v2\/users\/1"}],"replies":[{"embeddable":true,"href":"https:\/\/www.associationafmi.com\/en\/wp-json\/wp\/v2\/comments?post=1739"}],"version-history":[{"count":0,"href":"https:\/\/www.associationafmi.com\/en\/wp-json\/wp\/v2\/pages\/1739\/revisions"}],"wp:attachment":[{"href":"https:\/\/www.associationafmi.com\/en\/wp-json\/wp\/v2\/media?parent=1739"}],"curies":[{"name":"wp","href":"https:\/\/api.w.org\/{rel}","templated":true}]}}