{"id":1947,"date":"2011-06-13T14:11:54","date_gmt":"2011-06-13T14:11:54","guid":{"rendered":"https:\/\/www.associationafmi.com\/partenaires\/"},"modified":"2018-07-19T15:34:36","modified_gmt":"2018-07-19T13:34:36","slug":"partners","status":"publish","type":"page","link":"https:\/\/www.associationafmi.com\/en\/partners\/","title":{"rendered":"Partners"},"content":{"rendered":"<div class=\"wpb-content-wrapper\"><p>[vc_row dfd_row_responsive_enable=&#8221;dfd-row-responsive-enable&#8221; css=&#8221;.vc_custom_1529047456386{padding-right: 300px !important;padding-left: 300px !important;}&#8221; responsive_styles=&#8221;padding_left_tablet:10|padding_right_tablet:10|padding_left_mobile:10|padding_right_mobile:10&#8243;][vc_column css=&#8221;.vc_custom_1527582087916{padding-top: 50px !important;padding-bottom: 50px !important;}&#8221; col_shadow=&#8221;box_shadow_enable:disable|shadow_horizontal:0|shadow_vertical:15|shadow_blur:50|shadow_spread:0|box_shadow_color:rgba(0%2C0%2C0%2C0.35)&#8221; col_shadow_hover=&#8221;box_shadow_enable:disable|shadow_horizontal:0|shadow_vertical:15|shadow_blur:50|shadow_spread:0|box_shadow_color:rgba(0%2C0%2C0%2C0.35)&#8221;][dfd_heading subtitle=&#8221;&#8221; enable_delimiter=&#8221;&#8221; undefined=&#8221;&#8221; title_font_options=&#8221;tag:h1|font_size:30|line_height:35|letter_spacing:1&#8243; subtitle_font_options=&#8221;tag:div&#8221;]Our partners[\/dfd_heading][dfd_single_image enable_retina=&#8221;&#8221; image=&#8221;2403&#8243;][dfd_spacer screen_wide_spacer_size=&#8221;50&#8243; screen_normal_resolution=&#8221;1024&#8243; screen_tablet_resolution=&#8221;800&#8243; screen_mobile_resolution=&#8221;480&#8243; tutorials=&#8221;&#8221;][dfd_heading subtitle=&#8221;&#8221; enable_delimiter=&#8221;&#8221; undefined=&#8221;&#8221; title_font_options=&#8221;tag:h2|font_size:20|line_height:35|letter_spacing:1&#8243; subtitle_font_options=&#8221;tag:div&#8221;]WE WOULD LIKE TO EXPRESS OUR THANKS TO OUR PARTNER COMPANIES FOR THEIR UNCONDITIONAL SUPPORT FOR OUR ACTION.[\/dfd_heading][\/vc_column][\/vc_row][vc_row dfd_row_responsive_enable=&#8221;dfd-row-responsive-enable&#8221; css=&#8221;.vc_custom_1528703511434{padding-right: 300px !important;padding-left: 300px !important;}&#8221; responsive_styles=&#8221;padding_left_tablet:10|padding_right_tablet:10|padding_left_mobile:10|padding_right_mobile:10&#8243;][vc_column width=&#8221;1\/2&#8243;][vc_raw_html]JTNDcCUyMHN0eWxlJTNEJTIydGV4dC1hbGlnbiUzQSUyMGNlbnRlciUzQiUyMiUzRSUzQ2ElMjBocmVmJTNEJTIyaHR0cCUzQSUyRiUyRnd3dy5jaHJpc3RpZXMuY29tJTJGJTIyJTIwdGFyZ2V0JTNEJTIyX2JsYW5rJTIyJTIwcmVsJTNEJTIybm9vcGVuZXIlMjIlM0UlM0NpbWclMjBjbGFzcyUzRCUyMnNpemUtZnVsbCUyMHdwLWltYWdlLTY5MyUyMGFsaWduY2VudGVyJTIyJTIwdGl0bGUlM0QlMjJDYXB0dXJlJTIwZCVFMiU4MCU5OSVDMyVBOWNyYW4lMjAyMDExLTA2LTIxJTIwJUMzJUEwJTIwMjAuMzQuMzQlMjIlMjBzcmMlM0QlMjJodHRwcyUzQSUyRiUyRnd3dy5hc3NvY2lhdGlvbmFmbWkuY29tJTJGd3AtY29udGVudCUyRnVwbG9hZHMlMkYyMDExJTJGMDYlMkZDYXB0dXJlLWQlRTIlODAlOTklQzMlQTljcmFuLTIwMTEtMDYtMjEtJUMzJUEwLTIwLjM0LjM0LnBuZyUyMiUyMGFsdCUzRCUyMiUyMiUyMHdpZHRoJTNEJTIyMTkzJTIyJTIwaGVpZ2h0JTNEJTIyMTAwJTIyJTIwJTJGJTNFJTNDJTJGYSUzRSUzQyUyRnAlM0UlMEE=[\/vc_raw_html][\/vc_column][vc_column width=&#8221;1\/2&#8243;][dfd_spacer screen_wide_spacer_size=&#8221;30&#8243; screen_normal_resolution=&#8221;1024&#8243; screen_tablet_resolution=&#8221;800&#8243; screen_mobile_resolution=&#8221;480&#8243;][vc_raw_html]JTNDcCUzRSUzQ2NlbnRlciUzRSUzQ2ElMjBocmVmJTNEJTIyaHR0cCUzQSUyRiUyRnd3dy5pbnRlcnBhcmZ1bXMuZnIlMkZhY2N1ZWlsLnBocCUyMiUyMHRhcmdldCUzRCUyMl9ibGFuayUyMiUzRSUzQ2ltZyUyMGNsYXNzJTNEJTIyYWxpZ25ub25lJTIwc2l6ZS1mdWxsJTIwd3AtaW1hZ2UtMTM1OCUyMiUyMHNyYyUzRCUyMmh0dHBzJTNBJTJGJTJGd3d3LmFzc29jaWF0aW9uYWZtaS5jb20lMkZhbWlzLWZyYW5jZS1tdXNlZS1pc3JhZWwlMkYyMDE4JTJGMDYlMkZsb2dvLWludGVycGFyZnVtcy5qcGclMjIlMjBhbHQlM0QlMjJJbnRlcnBhcmZ1bXMlMjIlMjB3aWR0aCUzRCUyMjI1MCUyMiUyMCUyRiUzRSUzQyUyRmElM0UlM0MlMkZjZW50ZXIlM0UlM0MlMkZwJTNFJTBB[\/vc_raw_html][\/vc_column][\/vc_row][vc_row][vc_column][dfd_spacer screen_wide_spacer_size=&#8221;30&#8243; screen_normal_resolution=&#8221;1024&#8243; screen_tablet_resolution=&#8221;800&#8243; screen_mobile_resolution=&#8221;480&#8243;][\/vc_column][\/vc_row][vc_row dfd_row_responsive_enable=&#8221;dfd-row-responsive-enable&#8221; css=&#8221;.vc_custom_1528703511434{padding-right: 300px !important;padding-left: 300px !important;}&#8221; responsive_styles=&#8221;padding_left_tablet:10|padding_right_tablet:10|padding_left_mobile:10|padding_right_mobile:10&#8243;][vc_column width=&#8221;1\/2&#8243;][vc_raw_html]JTNDcCUyMHN0eWxlJTNEJTIydGV4dC1hbGlnbiUzQSUyMGNlbnRlciUzQiUyMiUzRSUzQ2ElMjBocmVmJTNEJTIyaHR0cCUzQSUyRiUyRnd3dy5sZXVtaS5jby5pbCUyRiUyMiUyMHRhcmdldCUzRCUyMl9ibGFuayUyMiUyMHJlbCUzRCUyMm5vb3BlbmVyJTIyJTNFJTNDaW1nJTIwY2xhc3MlM0QlMjJhbGlnbm5vbmUlMjBzaXplLWZ1bGwlMjB3cC1pbWFnZS02MjAlMjIlMjB0aXRsZSUzRCUyMmxldW1pJTIyJTIwc3JjJTNEJTIyaHR0cHMlM0ElMkYlMkZ3d3cuYXNzb2NpYXRpb25hZm1pLmNvbSUyRndwLWNvbnRlbnQlMkZ1cGxvYWRzJTJGMjAxMSUyRjA2JTJGbGV1bWkucG5nJTIyJTIwYWx0JTNEJTIyJTIyJTIwd2lkdGglM0QlMjIyMzAlMjIlMjBoZWlnaHQlM0QlMjI2NyUyMiUyMCUyRiUzRSUzQyUyRmElM0UlM0MlMkZwJTNFJTBB[\/vc_raw_html][\/vc_column][vc_column width=&#8221;1\/2&#8243;][vc_raw_html]JTNDcCUzRSUzQ2NlbnRlciUzRSUzQ2ltZyUyMGNsYXNzJTNEJTIyYWxpZ25ub25lJTIwc2l6ZS1mdWxsJTIwd3AtaW1hZ2UtMTM1OCUyMiUyMHNyYyUzRCUyMmh0dHBzJTNBJTJGJTJGd3d3LmFzc29jaWF0aW9uYWZtaS5jb20lMkZ3cC1jb250ZW50JTJGdXBsb2FkcyUyRjIwMTElMkYwNiUyRmRiLmpwZyUyMiUyMGFsdCUzRCUyMmRiJTIyJTIwd2lkdGglM0QlMjIyNTAlMjIlMjAlMkYlM0UlM0MlMkZjZW50ZXIlM0UlM0MlMkZwJTNFJTBB[\/vc_raw_html][\/vc_column][\/vc_row][vc_row][vc_column][dfd_spacer screen_wide_spacer_size=&#8221;30&#8243; screen_normal_resolution=&#8221;1024&#8243; screen_tablet_resolution=&#8221;800&#8243; screen_mobile_resolution=&#8221;480&#8243;][\/vc_column][\/vc_row][vc_row dfd_row_responsive_enable=&#8221;dfd-row-responsive-enable&#8221; css=&#8221;.vc_custom_1528703511434{padding-right: 300px !important;padding-left: 300px !important;}&#8221; responsive_styles=&#8221;padding_left_tablet:10|padding_right_tablet:10|padding_left_mobile:10|padding_right_mobile:10&#8243;][vc_column width=&#8221;1\/2&#8243;][vc_raw_html]JTNDcCUyMHN0eWxlJTNEJTIydGV4dC1hbGlnbiUzQSUyMGNlbnRlciUzQiUyMiUzRSUzQ2ElMjBocmVmJTNEJTIyaHR0cCUzQSUyRiUyRnd3dy5iaGliYW5rLmNvbSUyRiUyMiUyMHRhcmdldCUzRCUyMl9ibGFuayUyMiUyMHJlbCUzRCUyMm5vb3BlbmVyJTIyJTNFJTNDaW1nJTIwY2xhc3MlM0QlMjJzaXplLWZ1bGwlMjB3cC1pbWFnZS02MjIlMjBhbGlnbmNlbnRlciUyMiUyMHRpdGxlJTNEJTIyYmhJJTIyJTIwc3JjJTNEJTIyaHR0cHMlM0ElMkYlMkZ3d3cuYXNzb2NpYXRpb25hZm1pLmNvbSUyRndwLWNvbnRlbnQlMkZ1cGxvYWRzJTJGMjAxMSUyRjA2JTJGYmhJLmpwZyUyMiUyMGFsdCUzRCUyMiUyMiUyMHdpZHRoJTNEJTIyMjcwJTIyJTIwaGVpZ2h0JTNEJTIyODglMjIlMjAlMkYlM0UlM0MlMkZhJTNFJTNDJTJGcCUzRSUwQQ==[\/vc_raw_html][\/vc_column][vc_column width=&#8221;1\/2&#8243;][vc_raw_html]JTNDcCUyMHN0eWxlJTNEJTIydGV4dC1hbGlnbiUzQSUyMGNlbnRlciUzQiUyMiUzRSUzQ2ElMjBocmVmJTNEJTIyaHR0cCUzQSUyRiUyRnd3dy5kaXNjb3VudGJhbmsuY28uaWwlMkZ3cHMlMkZwb3J0YWwlMkZoZWJyZXclMkYlMjIlMjB0YXJnZXQlM0QlMjJfYmxhbmslMjIlMjByZWwlM0QlMjJub29wZW5lciUyMiUzRSUzQ2ltZyUyMGNsYXNzJTNEJTIyYWxpZ25ub25lJTIwc2l6ZS1mdWxsJTIwd3AtaW1hZ2UtNjIxJTIyJTIwdGl0bGUlM0QlMjJsb2dvLWlzcmFlbGRpc2NvdW50YmFuayUyMiUyMHNyYyUzRCUyMmh0dHBzJTNBJTJGJTJGd3d3LmFzc29jaWF0aW9uYWZtaS5jb20lMkZ3cC1jb250ZW50JTJGdXBsb2FkcyUyRjIwMTElMkYwNiUyRmxvZ28taXNyYWVsZGlzY291bnRiYW5rLmpwZyUyMiUyMGFsdCUzRCUyMiUyMiUyMHdpZHRoJTNEJTIyMTYwJTIyJTIwaGVpZ2h0JTNEJTIyODglMjIlMjAlMkYlM0UlM0MlMkZhJTNFJTNDJTJGcCUzRSUwQQ==[\/vc_raw_html][\/vc_column][\/vc_row][vc_row][vc_column][dfd_spacer screen_wide_spacer_size=&#8221;30&#8243; screen_normal_resolution=&#8221;1024&#8243; screen_tablet_resolution=&#8221;800&#8243; screen_mobile_resolution=&#8221;480&#8243;][\/vc_column][\/vc_row][vc_row dfd_row_responsive_enable=&#8221;dfd-row-responsive-enable&#8221; css=&#8221;.vc_custom_1528703511434{padding-right: 300px !important;padding-left: 300px !important;}&#8221; responsive_styles=&#8221;padding_left_tablet:10|padding_right_tablet:10|padding_left_mobile:10|padding_right_mobile:10&#8243;][vc_column width=&#8221;1\/2&#8243;][vc_raw_html]JTNDcCUyMHN0eWxlJTNEJTIydGV4dC1hbGlnbiUzQSUyMGNlbnRlciUzQiUyMiUzRSUzQ2ElMjBocmVmJTNEJTIyaHR0cCUzQSUyRiUyRnd3dy5naWxsZXNwb3RoaWVyLmNvbSUyRiUyMiUyMHRhcmdldCUzRCUyMl9ibGFuayUyMiUyMHJlbCUzRCUyMm5vb3BlbmVyJTIyJTNFJTNDaW1nJTIwY2xhc3MlM0QlMjJzaXplLWZ1bGwlMjB3cC1pbWFnZS02MjIlMjBhbGlnbmNlbnRlciUyMiUyMHRpdGxlJTNEJTIyR2lsbGVzJTIwUG90aGllciUyMiUyMHNyYyUzRCUyMmh0dHBzJTNBJTJGJTJGd3d3LmFzc29jaWF0aW9uYWZtaS5jb20lMkZhbWlzLWZyYW5jZS1tdXNlZS1pc3JhZWwlMkYyMDE4JTJGMDYlMkZnaWxsZXMtcG90aGllci5wbmclMjIlMjBhbHQlM0QlMjIlMjIlMjB3aWR0aCUzRCUyMjI3MCUyMiUyMGhlaWdodCUzRCUyMjg4JTIyJTIwJTJGJTNFJTNDJTJGYSUzRSUzQyUyRnAlM0UlMEE=[\/vc_raw_html][\/vc_column][vc_column width=&#8221;1\/2&#8243;][\/vc_column][\/vc_row]<\/p>\n<\/div>","protected":false},"excerpt":{"rendered":"<p>We would like to express our thanks to our partner companies for their unconditional support for our action.<\/p>\n","protected":false},"author":1,"featured_media":0,"parent":0,"menu_order":1,"comment_status":"open","ping_status":"open","template":"","meta":{"footnotes":""},"class_list":["post-1947","page","type-page","status-publish","hentry"],"yoast_head":"<!-- This site is optimized with the Yoast SEO plugin v27.0 - https:\/\/yoast.com\/product\/yoast-seo-wordpress\/ -->\n<title>Partners - Association des Amis Fran\u00e7ais du Mus\u00e9e d&#039;Isra\u00ebll<\/title>\n<meta name=\"robots\" content=\"index, follow, max-snippet:-1, max-image-preview:large, max-video-preview:-1\" \/>\n<link rel=\"canonical\" href=\"https:\/\/www.associationafmi.com\/en\/partners\/\" \/>\n<meta property=\"og:locale\" content=\"en_US\" \/>\n<meta property=\"og:type\" content=\"article\" \/>\n<meta property=\"og:title\" content=\"Partners - Association des Amis Fran\u00e7ais du Mus\u00e9e d&#039;Isra\u00ebll\" \/>\n<meta property=\"og:description\" content=\"We would like to express our thanks to our partner companies for their unconditional support for our action.\" \/>\n<meta property=\"og:url\" content=\"https:\/\/www.associationafmi.com\/en\/partners\/\" \/>\n<meta property=\"og:site_name\" content=\"Association des Amis Fran\u00e7ais du Mus\u00e9e d&#039;Isra\u00ebll\" \/>\n<meta property=\"article:modified_time\" content=\"2018-07-19T13:34:36+00:00\" \/>\n<meta name=\"twitter:card\" content=\"summary_large_image\" \/>\n<meta name=\"twitter:label1\" content=\"Est. reading time\" \/>\n\t<meta name=\"twitter:data1\" content=\"4 minutes\" \/>\n<script type=\"application\/ld+json\" class=\"yoast-schema-graph\">{\"@context\":\"https:\/\/schema.org\",\"@graph\":[{\"@type\":\"WebPage\",\"@id\":\"https:\/\/www.associationafmi.com\/en\/partners\/\",\"url\":\"https:\/\/www.associationafmi.com\/en\/partners\/\",\"name\":\"Partners - Association des Amis Fran\u00e7ais du Mus\u00e9e d&#039;Isra\u00ebll\",\"isPartOf\":{\"@id\":\"https:\/\/www.associationafmi.com\/fr\/#website\"},\"datePublished\":\"2011-06-13T14:11:54+00:00\",\"dateModified\":\"2018-07-19T13:34:36+00:00\",\"breadcrumb\":{\"@id\":\"https:\/\/www.associationafmi.com\/en\/partners\/#breadcrumb\"},\"inLanguage\":\"en-US\",\"potentialAction\":[{\"@type\":\"ReadAction\",\"target\":[\"https:\/\/www.associationafmi.com\/en\/partners\/\"]}]},{\"@type\":\"BreadcrumbList\",\"@id\":\"https:\/\/www.associationafmi.com\/en\/partners\/#breadcrumb\",\"itemListElement\":[{\"@type\":\"ListItem\",\"position\":1,\"name\":\"Accueil\",\"item\":\"https:\/\/www.associationafmi.com\/en\/\"},{\"@type\":\"ListItem\",\"position\":2,\"name\":\"Partners\"}]},{\"@type\":\"WebSite\",\"@id\":\"https:\/\/www.associationafmi.com\/fr\/#website\",\"url\":\"https:\/\/www.associationafmi.com\/fr\/\",\"name\":\"Association des Amis Fran\u00e7ais du Mus\u00e9e d&#039;Isra\u00ebll\",\"description\":\"AFMI I Amis Fran\u00e7ais du Mus\u00e9e d&#039;Isra\u00ebl\",\"potentialAction\":[{\"@type\":\"SearchAction\",\"target\":{\"@type\":\"EntryPoint\",\"urlTemplate\":\"https:\/\/www.associationafmi.com\/fr\/?s={search_term_string}\"},\"query-input\":{\"@type\":\"PropertyValueSpecification\",\"valueRequired\":true,\"valueName\":\"search_term_string\"}}],\"inLanguage\":\"en-US\"}]}<\/script>\n<!-- \/ Yoast SEO plugin. -->","yoast_head_json":{"title":"Partners - Association des Amis Fran\u00e7ais du Mus\u00e9e d&#039;Isra\u00ebll","robots":{"index":"index","follow":"follow","max-snippet":"max-snippet:-1","max-image-preview":"max-image-preview:large","max-video-preview":"max-video-preview:-1"},"canonical":"https:\/\/www.associationafmi.com\/en\/partners\/","og_locale":"en_US","og_type":"article","og_title":"Partners - Association des Amis Fran\u00e7ais du Mus\u00e9e d&#039;Isra\u00ebll","og_description":"We would like to express our thanks to our partner companies for their unconditional support for our action.","og_url":"https:\/\/www.associationafmi.com\/en\/partners\/","og_site_name":"Association des Amis Fran\u00e7ais du Mus\u00e9e d&#039;Isra\u00ebll","article_modified_time":"2018-07-19T13:34:36+00:00","twitter_card":"summary_large_image","twitter_misc":{"Est. reading time":"4 minutes"},"schema":{"@context":"https:\/\/schema.org","@graph":[{"@type":"WebPage","@id":"https:\/\/www.associationafmi.com\/en\/partners\/","url":"https:\/\/www.associationafmi.com\/en\/partners\/","name":"Partners - Association des Amis Fran\u00e7ais du Mus\u00e9e d&#039;Isra\u00ebll","isPartOf":{"@id":"https:\/\/www.associationafmi.com\/fr\/#website"},"datePublished":"2011-06-13T14:11:54+00:00","dateModified":"2018-07-19T13:34:36+00:00","breadcrumb":{"@id":"https:\/\/www.associationafmi.com\/en\/partners\/#breadcrumb"},"inLanguage":"en-US","potentialAction":[{"@type":"ReadAction","target":["https:\/\/www.associationafmi.com\/en\/partners\/"]}]},{"@type":"BreadcrumbList","@id":"https:\/\/www.associationafmi.com\/en\/partners\/#breadcrumb","itemListElement":[{"@type":"ListItem","position":1,"name":"Accueil","item":"https:\/\/www.associationafmi.com\/en\/"},{"@type":"ListItem","position":2,"name":"Partners"}]},{"@type":"WebSite","@id":"https:\/\/www.associationafmi.com\/fr\/#website","url":"https:\/\/www.associationafmi.com\/fr\/","name":"Association des Amis Fran\u00e7ais du Mus\u00e9e d&#039;Isra\u00ebll","description":"AFMI I Amis Fran\u00e7ais du Mus\u00e9e d&#039;Isra\u00ebl","potentialAction":[{"@type":"SearchAction","target":{"@type":"EntryPoint","urlTemplate":"https:\/\/www.associationafmi.com\/fr\/?s={search_term_string}"},"query-input":{"@type":"PropertyValueSpecification","valueRequired":true,"valueName":"search_term_string"}}],"inLanguage":"en-US"}]}},"_links":{"self":[{"href":"https:\/\/www.associationafmi.com\/en\/wp-json\/wp\/v2\/pages\/1947","targetHints":{"allow":["GET"]}}],"collection":[{"href":"https:\/\/www.associationafmi.com\/en\/wp-json\/wp\/v2\/pages"}],"about":[{"href":"https:\/\/www.associationafmi.com\/en\/wp-json\/wp\/v2\/types\/page"}],"author":[{"embeddable":true,"href":"https:\/\/www.associationafmi.com\/en\/wp-json\/wp\/v2\/users\/1"}],"replies":[{"embeddable":true,"href":"https:\/\/www.associationafmi.com\/en\/wp-json\/wp\/v2\/comments?post=1947"}],"version-history":[{"count":0,"href":"https:\/\/www.associationafmi.com\/en\/wp-json\/wp\/v2\/pages\/1947\/revisions"}],"wp:attachment":[{"href":"https:\/\/www.associationafmi.com\/en\/wp-json\/wp\/v2\/media?parent=1947"}],"curies":[{"name":"wp","href":"https:\/\/api.w.org\/{rel}","templated":true}]}}