{"id":2064,"date":"2011-05-29T13:37:38","date_gmt":"2011-05-29T13:37:38","guid":{"rendered":"https:\/\/www.associationafmi.com\/gala\/"},"modified":"2023-01-20T16:45:59","modified_gmt":"2023-01-20T15:45:59","slug":"gala","status":"publish","type":"page","link":"https:\/\/www.associationafmi.com\/en\/gala\/","title":{"rendered":"Our Galas"},"content":{"rendered":"<div class=\"wpb-content-wrapper\"><p>[vc_row css=&#8221;.vc_custom_1527580845976{padding-right: 300px !important;padding-left: 300px !important;}&#8221;][vc_column css=&#8221;.vc_custom_1527582087916{padding-top: 50px !important;padding-bottom: 50px !important;}&#8221; col_shadow=&#8221;box_shadow_enable:disable|shadow_horizontal:0|shadow_vertical:15|shadow_blur:50|shadow_spread:0|box_shadow_color:rgba(0%2C0%2C0%2C0.35)&#8221; col_shadow_hover=&#8221;box_shadow_enable:disable|shadow_horizontal:0|shadow_vertical:15|shadow_blur:50|shadow_spread:0|box_shadow_color:rgba(0%2C0%2C0%2C0.35)&#8221;][dfd_heading subtitle=&#8221;&#8221; enable_delimiter=&#8221;&#8221; undefined=&#8221;&#8221; title_font_options=&#8221;tag:h1|font_size:30|line_height:35|letter_spacing:1&#8243; subtitle_font_options=&#8221;tag:div&#8221;]Our Galas[\/dfd_heading][dfd_single_image image_type=&#8221;external_link&#8221; external_link_url=&#8221;https:\/\/www.associationafmi.com\/amis-france-musee-israel\/2018\/06\/1-gala-2013.jpg&#8221;][dfd_spacer screen_wide_spacer_size=&#8221;50&#8243; screen_normal_resolution=&#8221;1024&#8243; screen_tablet_resolution=&#8221;800&#8243; screen_mobile_resolution=&#8221;480&#8243;][dfd_heading subtitle=&#8221;&#8221; enable_delimiter=&#8221;&#8221; undefined=&#8221;&#8221; title_font_options=&#8221;tag:h2|font_size:20|line_height:35|letter_spacing:1&#8243; subtitle_font_options=&#8221;tag:div&#8221;]THE FRENCH FRIENDS OF THE ISRAEL MUSEUM ORGANIZE EVERY YEAR A MAJOR EVENT HAS BECOME AN ESSENTIAL APPOINTMENT.[\/dfd_heading][\/vc_column][\/vc_row][vc_row dfd_row_responsive_enable=&#8221;dfd-row-responsive-enable&#8221; css=&#8221;.vc_custom_1530888231118{padding-right: 300px !important;padding-left: 300px !important;}&#8221; responsive_styles=&#8221;padding_left_tablet:10|padding_right_tablet:10|padding_left_mobile:10|padding_right_mobile:10&#8243;][vc_column][vc_column_text]Each year more than 300 guests gather around an exceptional evening, bringing together personalities from the world of art, media and fashion. This evening makes it possible to contribute to the enrichment of the collections of the Museum of Israel.[\/vc_column_text][dfd_spacer screen_wide_spacer_size=&#8221;30&#8243; screen_normal_resolution=&#8221;1024&#8243; screen_tablet_resolution=&#8221;800&#8243; screen_mobile_resolution=&#8221;480&#8243;][\/vc_column][\/vc_row][vc_row dfd_row_responsive_enable=&#8221;dfd-row-responsive-enable&#8221; responsive_styles=&#8221;padding_left_tablet:20|padding_right_tablet:20|padding_left_mobile:20|padding_right_mobile:20&#8243;][vc_column][vc_column_text]<\/p>\n<p style=\"text-align: center;\"><a href=\"https:\/\/www.associationafmi.com\/en\/gala\/gala-2022\/\">Gala 2022 &#8211; Pavillon Vend\u00f4me<\/a><\/p>\n<p style=\"text-align: center;\"><a href=\"https:\/\/www.associationafmi.com\/en\/gala\/gala-2017\/\">Gala 2017 \u2013 Pavillon Vend\u00f4me<\/a><\/p>\n<p style=\"text-align: center;\"><a href=\"https:\/\/www.associationafmi.com\/en\/gala\/gala-2015\/\">Gala 2015 \u2013 Mus\u00e9e Picasso<\/a><\/p>\n<p style=\"text-align: center;\"><a href=\"https:\/\/www.associationafmi.com\/en\/gala\/gala-2014\/\">Gala 2014 \u2013 Mus\u00e9e des Arts D\u00e9coratifs<\/a><\/p>\n<p style=\"text-align: center;\"><a href=\"https:\/\/www.associationafmi.com\/en\/gala\/gala-2013\/\">Gala 2013 \u2013 Espace Cambon<\/a><\/p>\n<p style=\"text-align: center;\"><a href=\"https:\/\/www.associationafmi.com\/en\/gala\/gala-2011\/\">Gala 2011 \u2013 Automobile Club de France<\/a><\/p>\n<p style=\"text-align: center;\"><a href=\"https:\/\/www.associationafmi.com\/en\/gala\/gala-2010-beaux-arts\/\">Gala 2010 \u2013 \u00c9cole des Beaux-Art<\/a><\/p>\n<p style=\"text-align: center;\"><a href=\"https:\/\/www.associationafmi.com\/en\/gala\/gala-2009-espace-cambon\/\">Gala 2009 \u2013 Espace Cambon<\/a><\/p>\n<p style=\"text-align: center;\"><a href=\"https:\/\/www.associationafmi.com\/en\/gala\/gala-2008-musee-louvre\/\">Gala 2008 \u2013 Mus\u00e9e du Louvre<\/a><\/p>\n<p style=\"text-align: center;\"><a href=\"https:\/\/www.associationafmi.com\/en\/gala\/gala-2007-palais-chaillot\/\">Gala 2007 \u2013 Cit\u00e9 de l\u2019architecture et du patrimoine<\/a><\/p>\n<p>[\/vc_column_text][\/vc_column][\/vc_row]<\/p>\n<\/div>","protected":false},"excerpt":{"rendered":"<p>[vc_row css=&#8221;.vc_custom_1527580845976{padding-right: 300px !important;padding-left: 300px !important;}&#8221;][vc_column css=&#8221;.vc_custom_1527582087916{padding-top: 50px !important;padding-bottom: 50px !important;}&#8221; col_shadow=&#8221;box_shadow_enable:disable|shadow_horizontal:0|shadow_vertical:15|shadow_blur:50|shadow_spread:0|box_shadow_color:rgba(0%2C0%2C0%2C0.35)&#8221; col_shadow_hover=&#8221;box_shadow_enable:disable|shadow_horizontal:0|shadow_vertical:15|shadow_blur:50|shadow_spread:0|box_shadow_color:rgba(0%2C0%2C0%2C0.35)&#8221;][dfd_heading subtitle=&#8221;&#8221; enable_delimiter=&#8221;&#8221; undefined=&#8221;&#8221; title_font_options=&#8221;tag:h1|font_size:30|line_height:35|letter_spacing:1&#8243; subtitle_font_options=&#8221;tag:div&#8221;]Our Galas[\/dfd_heading][dfd_single_image image_type=&#8221;external_link&#8221; external_link_url=&#8221;https:\/\/www.associationafmi.com\/amis-france-musee-israel\/2018\/06\/1-gala-2013.jpg&#8221;][dfd_spacer screen_wide_spacer_size=&#8221;50&#8243; screen_normal_resolution=&#8221;1024&#8243; screen_tablet_resolution=&#8221;800&#8243; screen_mobile_resolution=&#8221;480&#8243;][dfd_heading subtitle=&#8221;&#8221; enable_delimiter=&#8221;&#8221; undefined=&#8221;&#8221; title_font_options=&#8221;tag:h2|font_size:20|line_height:35|letter_spacing:1&#8243; subtitle_font_options=&#8221;tag:div&#8221;]THE<\/p>\n","protected":false},"author":1,"featured_media":0,"parent":0,"menu_order":2,"comment_status":"open","ping_status":"open","template":"","meta":{"footnotes":""},"class_list":["post-2064","page","type-page","status-publish","hentry"],"yoast_head":"<!-- This site is optimized with the Yoast SEO plugin v27.0 - https:\/\/yoast.com\/product\/yoast-seo-wordpress\/ -->\n<title>Our Galas - Association des Amis Fran\u00e7ais du Mus\u00e9e d&#039;Isra\u00ebll<\/title>\n<meta name=\"robots\" content=\"index, follow, max-snippet:-1, max-image-preview:large, max-video-preview:-1\" \/>\n<link rel=\"canonical\" href=\"https:\/\/www.associationafmi.com\/en\/gala\/\" \/>\n<meta property=\"og:locale\" content=\"en_US\" \/>\n<meta property=\"og:type\" content=\"article\" \/>\n<meta property=\"og:title\" content=\"Our Galas - Association des Amis Fran\u00e7ais du Mus\u00e9e d&#039;Isra\u00ebll\" \/>\n<meta property=\"og:description\" content=\"[vc_row css=&#8221;.vc_custom_1527580845976{padding-right: 300px !important;padding-left: 300px !important;}&#8221;][vc_column css=&#8221;.vc_custom_1527582087916{padding-top: 50px !important;padding-bottom: 50px !important;}&#8221; col_shadow=&#8221;box_shadow_enable:disable|shadow_horizontal:0|shadow_vertical:15|shadow_blur:50|shadow_spread:0|box_shadow_color:rgba(0%2C0%2C0%2C0.35)&#8221; col_shadow_hover=&#8221;box_shadow_enable:disable|shadow_horizontal:0|shadow_vertical:15|shadow_blur:50|shadow_spread:0|box_shadow_color:rgba(0%2C0%2C0%2C0.35)&#8221;][dfd_heading subtitle=&#8221;&#8221; enable_delimiter=&#8221;&#8221; undefined=&#8221;&#8221; title_font_options=&#8221;tag:h1|font_size:30|line_height:35|letter_spacing:1&#8243; subtitle_font_options=&#8221;tag:div&#8221;]Our Galas[\/dfd_heading][dfd_single_image image_type=&#8221;external_link&#8221; external_link_url=&#8221;https:\/\/www.associationafmi.com\/amis-france-musee-israel\/2018\/06\/1-gala-2013.jpg&#8221;][dfd_spacer screen_wide_spacer_size=&#8221;50&#8243; screen_normal_resolution=&#8221;1024&#8243; screen_tablet_resolution=&#8221;800&#8243; screen_mobile_resolution=&#8221;480&#8243;][dfd_heading subtitle=&#8221;&#8221; enable_delimiter=&#8221;&#8221; undefined=&#8221;&#8221; title_font_options=&#8221;tag:h2|font_size:20|line_height:35|letter_spacing:1&#8243; subtitle_font_options=&#8221;tag:div&#8221;]THE\" \/>\n<meta property=\"og:url\" content=\"https:\/\/www.associationafmi.com\/en\/gala\/\" \/>\n<meta property=\"og:site_name\" content=\"Association des Amis Fran\u00e7ais du Mus\u00e9e d&#039;Isra\u00ebll\" \/>\n<meta property=\"article:modified_time\" content=\"2023-01-20T15:45:59+00:00\" \/>\n<meta name=\"twitter:card\" content=\"summary_large_image\" \/>\n<meta name=\"twitter:label1\" content=\"Est. reading time\" \/>\n\t<meta name=\"twitter:data1\" content=\"1 minute\" \/>\n<script type=\"application\/ld+json\" class=\"yoast-schema-graph\">{\"@context\":\"https:\/\/schema.org\",\"@graph\":[{\"@type\":\"WebPage\",\"@id\":\"https:\/\/www.associationafmi.com\/en\/gala\/\",\"url\":\"https:\/\/www.associationafmi.com\/en\/gala\/\",\"name\":\"Our Galas - Association des Amis Fran\u00e7ais du Mus\u00e9e d&#039;Isra\u00ebll\",\"isPartOf\":{\"@id\":\"https:\/\/www.associationafmi.com\/fr\/#website\"},\"datePublished\":\"2011-05-29T13:37:38+00:00\",\"dateModified\":\"2023-01-20T15:45:59+00:00\",\"breadcrumb\":{\"@id\":\"https:\/\/www.associationafmi.com\/en\/gala\/#breadcrumb\"},\"inLanguage\":\"en-US\",\"potentialAction\":[{\"@type\":\"ReadAction\",\"target\":[\"https:\/\/www.associationafmi.com\/en\/gala\/\"]}]},{\"@type\":\"BreadcrumbList\",\"@id\":\"https:\/\/www.associationafmi.com\/en\/gala\/#breadcrumb\",\"itemListElement\":[{\"@type\":\"ListItem\",\"position\":1,\"name\":\"Accueil\",\"item\":\"https:\/\/www.associationafmi.com\/en\/\"},{\"@type\":\"ListItem\",\"position\":2,\"name\":\"Our Galas\"}]},{\"@type\":\"WebSite\",\"@id\":\"https:\/\/www.associationafmi.com\/fr\/#website\",\"url\":\"https:\/\/www.associationafmi.com\/fr\/\",\"name\":\"Association des Amis Fran\u00e7ais du Mus\u00e9e d&#039;Isra\u00ebll\",\"description\":\"AFMI I Amis Fran\u00e7ais du Mus\u00e9e d&#039;Isra\u00ebl\",\"potentialAction\":[{\"@type\":\"SearchAction\",\"target\":{\"@type\":\"EntryPoint\",\"urlTemplate\":\"https:\/\/www.associationafmi.com\/fr\/?s={search_term_string}\"},\"query-input\":{\"@type\":\"PropertyValueSpecification\",\"valueRequired\":true,\"valueName\":\"search_term_string\"}}],\"inLanguage\":\"en-US\"}]}<\/script>\n<!-- \/ Yoast SEO plugin. -->","yoast_head_json":{"title":"Our Galas - Association des Amis Fran\u00e7ais du Mus\u00e9e d&#039;Isra\u00ebll","robots":{"index":"index","follow":"follow","max-snippet":"max-snippet:-1","max-image-preview":"max-image-preview:large","max-video-preview":"max-video-preview:-1"},"canonical":"https:\/\/www.associationafmi.com\/en\/gala\/","og_locale":"en_US","og_type":"article","og_title":"Our Galas - Association des Amis Fran\u00e7ais du Mus\u00e9e d&#039;Isra\u00ebll","og_description":"[vc_row css=&#8221;.vc_custom_1527580845976{padding-right: 300px !important;padding-left: 300px !important;}&#8221;][vc_column css=&#8221;.vc_custom_1527582087916{padding-top: 50px !important;padding-bottom: 50px !important;}&#8221; col_shadow=&#8221;box_shadow_enable:disable|shadow_horizontal:0|shadow_vertical:15|shadow_blur:50|shadow_spread:0|box_shadow_color:rgba(0%2C0%2C0%2C0.35)&#8221; col_shadow_hover=&#8221;box_shadow_enable:disable|shadow_horizontal:0|shadow_vertical:15|shadow_blur:50|shadow_spread:0|box_shadow_color:rgba(0%2C0%2C0%2C0.35)&#8221;][dfd_heading subtitle=&#8221;&#8221; enable_delimiter=&#8221;&#8221; undefined=&#8221;&#8221; title_font_options=&#8221;tag:h1|font_size:30|line_height:35|letter_spacing:1&#8243; subtitle_font_options=&#8221;tag:div&#8221;]Our Galas[\/dfd_heading][dfd_single_image image_type=&#8221;external_link&#8221; external_link_url=&#8221;https:\/\/www.associationafmi.com\/amis-france-musee-israel\/2018\/06\/1-gala-2013.jpg&#8221;][dfd_spacer screen_wide_spacer_size=&#8221;50&#8243; screen_normal_resolution=&#8221;1024&#8243; screen_tablet_resolution=&#8221;800&#8243; screen_mobile_resolution=&#8221;480&#8243;][dfd_heading subtitle=&#8221;&#8221; enable_delimiter=&#8221;&#8221; undefined=&#8221;&#8221; title_font_options=&#8221;tag:h2|font_size:20|line_height:35|letter_spacing:1&#8243; subtitle_font_options=&#8221;tag:div&#8221;]THE","og_url":"https:\/\/www.associationafmi.com\/en\/gala\/","og_site_name":"Association des Amis Fran\u00e7ais du Mus\u00e9e d&#039;Isra\u00ebll","article_modified_time":"2023-01-20T15:45:59+00:00","twitter_card":"summary_large_image","twitter_misc":{"Est. reading time":"1 minute"},"schema":{"@context":"https:\/\/schema.org","@graph":[{"@type":"WebPage","@id":"https:\/\/www.associationafmi.com\/en\/gala\/","url":"https:\/\/www.associationafmi.com\/en\/gala\/","name":"Our Galas - Association des Amis Fran\u00e7ais du Mus\u00e9e d&#039;Isra\u00ebll","isPartOf":{"@id":"https:\/\/www.associationafmi.com\/fr\/#website"},"datePublished":"2011-05-29T13:37:38+00:00","dateModified":"2023-01-20T15:45:59+00:00","breadcrumb":{"@id":"https:\/\/www.associationafmi.com\/en\/gala\/#breadcrumb"},"inLanguage":"en-US","potentialAction":[{"@type":"ReadAction","target":["https:\/\/www.associationafmi.com\/en\/gala\/"]}]},{"@type":"BreadcrumbList","@id":"https:\/\/www.associationafmi.com\/en\/gala\/#breadcrumb","itemListElement":[{"@type":"ListItem","position":1,"name":"Accueil","item":"https:\/\/www.associationafmi.com\/en\/"},{"@type":"ListItem","position":2,"name":"Our Galas"}]},{"@type":"WebSite","@id":"https:\/\/www.associationafmi.com\/fr\/#website","url":"https:\/\/www.associationafmi.com\/fr\/","name":"Association des Amis Fran\u00e7ais du Mus\u00e9e d&#039;Isra\u00ebll","description":"AFMI I Amis Fran\u00e7ais du Mus\u00e9e d&#039;Isra\u00ebl","potentialAction":[{"@type":"SearchAction","target":{"@type":"EntryPoint","urlTemplate":"https:\/\/www.associationafmi.com\/fr\/?s={search_term_string}"},"query-input":{"@type":"PropertyValueSpecification","valueRequired":true,"valueName":"search_term_string"}}],"inLanguage":"en-US"}]}},"_links":{"self":[{"href":"https:\/\/www.associationafmi.com\/en\/wp-json\/wp\/v2\/pages\/2064","targetHints":{"allow":["GET"]}}],"collection":[{"href":"https:\/\/www.associationafmi.com\/en\/wp-json\/wp\/v2\/pages"}],"about":[{"href":"https:\/\/www.associationafmi.com\/en\/wp-json\/wp\/v2\/types\/page"}],"author":[{"embeddable":true,"href":"https:\/\/www.associationafmi.com\/en\/wp-json\/wp\/v2\/users\/1"}],"replies":[{"embeddable":true,"href":"https:\/\/www.associationafmi.com\/en\/wp-json\/wp\/v2\/comments?post=2064"}],"version-history":[{"count":0,"href":"https:\/\/www.associationafmi.com\/en\/wp-json\/wp\/v2\/pages\/2064\/revisions"}],"wp:attachment":[{"href":"https:\/\/www.associationafmi.com\/en\/wp-json\/wp\/v2\/media?parent=2064"}],"curies":[{"name":"wp","href":"https:\/\/api.w.org\/{rel}","templated":true}]}}