{"id":2068,"date":"2011-06-13T13:18:06","date_gmt":"2011-06-13T13:18:06","guid":{"rendered":"https:\/\/www.associationafmi.com\/gala\/gala-2010-beaux-arts\/"},"modified":"2011-06-13T13:18:06","modified_gmt":"2011-06-13T13:18:06","slug":"gala-2010-beaux-arts","status":"publish","type":"page","link":"https:\/\/www.associationafmi.com\/en\/gala\/gala-2010-beaux-arts\/","title":{"rendered":"Gala 2010 Ecole des Beaux-Arts"},"content":{"rendered":"<div class=\"wpb-content-wrapper\"><p>[vc_row dfd_row_responsive_enable=&#8221;dfd-row-responsive-enable&#8221; css=&#8221;.vc_custom_1528705555786{padding-right: 300px !important;padding-left: 300px !important;}&#8221; responsive_styles=&#8221;padding_left_mobile:10|padding_right_mobile:10&#8243;][vc_column css=&#8221;.vc_custom_1527582087916{padding-top: 50px !important;padding-bottom: 50px !important;}&#8221; col_shadow=&#8221;box_shadow_enable:disable|shadow_horizontal:0|shadow_vertical:15|shadow_blur:50|shadow_spread:0|box_shadow_color:rgba(0%2C0%2C0%2C0.35)&#8221; col_shadow_hover=&#8221;box_shadow_enable:disable|shadow_horizontal:0|shadow_vertical:15|shadow_blur:50|shadow_spread:0|box_shadow_color:rgba(0%2C0%2C0%2C0.35)&#8221;][dfd_heading subtitle=&#8221;&#8221; enable_delimiter=&#8221;&#8221; undefined=&#8221;&#8221; title_font_options=&#8221;tag:h1|font_size:30|line_height:35|letter_spacing:1&#8243; subtitle_font_options=&#8221;tag:div&#8221; tutorials=&#8221;&#8221;]Gala 2010 \u00e0 l&#8217;Ecole des Beaux Arts[\/dfd_heading][\/vc_column][\/vc_row][vc_row dfd_row_responsive_enable=&#8221;dfd-row-responsive-enable&#8221; css=&#8221;.vc_custom_1528705447753{padding-right: 200px !important;padding-left: 200px !important;}&#8221; responsive_styles=&#8221;padding_left_mobile:10|padding_right_mobile:10&#8243;][vc_column width=&#8221;2\/3&#8243;][vc_column_text]Gala du 21 novembre 2010 \u00c9cole des Beaux-Arts.<\/p>\n<p>&nbsp;<\/p>\n<p><img loading=\"lazy\" decoding=\"async\" title=\"gala-2010-1\" src=\"http:\/\/www.associationafmi.com\/wp-content\/uploads\/2011\/06\/gala-2010-3.png\" alt=\"\" width=\"610\" height=\"406\" \/><\/p>\n<p><img decoding=\"async\" title=\"gala-2010-1\" src=\"http:\/\/www.associationafmi.com\/wp-content\/uploads\/2011\/06\/gala-2010-6.png\" alt=\"\" height=\"610\" \/><\/p>\n<p><img loading=\"lazy\" decoding=\"async\" class=\"alignnone size-full wp-image-479\" title=\"gala-2010-1\" src=\"http:\/\/www.associationafmi.com\/wp-content\/uploads\/2011\/06\/gala-2010-1.png\" alt=\"\" width=\"610\" height=\"406\" \/><\/p>\n<p><img loading=\"lazy\" decoding=\"async\" class=\"alignnone size-full wp-image-479\" title=\"gala-2010-1\" src=\"http:\/\/www.associationafmi.com\/wp-content\/uploads\/2011\/06\/gala-2010-2.png\" alt=\"\" width=\"610\" height=\"406\" \/><\/p>\n<p>&nbsp;<\/p>\n<p><img loading=\"lazy\" decoding=\"async\" class=\"alignnone size-full wp-image-479\" title=\"gala-2010-1\" src=\"http:\/\/www.associationafmi.com\/wp-content\/uploads\/2011\/06\/gala-2010-4.png\" alt=\"\" width=\"610\" height=\"406\" \/><\/p>\n<p><img decoding=\"async\" class=\"alignnone size-full wp-image-479\" title=\"gala-2010-1\" src=\"http:\/\/www.associationafmi.com\/wp-content\/uploads\/2011\/06\/gala-2010-5.png\" alt=\"\" height=\"610\" \/><\/p>\n<p>[\/vc_column_text][\/vc_column][vc_column width=&#8221;1\/3&#8243;][vc_wp_custommenu nav_menu=&#8221;22&#8243;][\/vc_column][\/vc_row]<\/p>\n<\/div>","protected":false},"excerpt":{"rendered":"<p>[vc_row dfd_row_responsive_enable=&#8221;dfd-row-responsive-enable&#8221; css=&#8221;.vc_custom_1528705555786{padding-right: 300px !important;padding-left: 300px !important;}&#8221; responsive_styles=&#8221;padding_left_mobile:10|padding_right_mobile:10&#8243;][vc_column css=&#8221;.vc_custom_1527582087916{padding-top: 50px !important;padding-bottom: 50px !important;}&#8221; col_shadow=&#8221;box_shadow_enable:disable|shadow_horizontal:0|shadow_vertical:15|shadow_blur:50|shadow_spread:0|box_shadow_color:rgba(0%2C0%2C0%2C0.35)&#8221; col_shadow_hover=&#8221;box_shadow_enable:disable|shadow_horizontal:0|shadow_vertical:15|shadow_blur:50|shadow_spread:0|box_shadow_color:rgba(0%2C0%2C0%2C0.35)&#8221;][dfd_heading subtitle=&#8221;&#8221; enable_delimiter=&#8221;&#8221; undefined=&#8221;&#8221; title_font_options=&#8221;tag:h1|font_size:30|line_height:35|letter_spacing:1&#8243; subtitle_font_options=&#8221;tag:div&#8221; tutorials=&#8221;&#8221;]Gala 2010 \u00e0 l&#8217;Ecole des Beaux Arts[\/dfd_heading][\/vc_column][\/vc_row][vc_row dfd_row_responsive_enable=&#8221;dfd-row-responsive-enable&#8221; css=&#8221;.vc_custom_1528705447753{padding-right: 200px<\/p>\n","protected":false},"author":1,"featured_media":0,"parent":2064,"menu_order":0,"comment_status":"open","ping_status":"open","template":"","meta":{"footnotes":""},"class_list":["post-2068","page","type-page","status-publish","hentry"],"yoast_head":"<!-- This site is optimized with the Yoast SEO plugin v27.0 - https:\/\/yoast.com\/product\/yoast-seo-wordpress\/ -->\n<title>Gala 2010 Ecole des Beaux-Arts - Association des Amis Fran\u00e7ais du Mus\u00e9e d&#039;Isra\u00ebll<\/title>\n<meta name=\"robots\" content=\"index, follow, max-snippet:-1, max-image-preview:large, max-video-preview:-1\" \/>\n<link rel=\"canonical\" href=\"https:\/\/www.associationafmi.com\/en\/gala\/gala-2010-beaux-arts\/\" \/>\n<meta property=\"og:locale\" content=\"en_US\" \/>\n<meta property=\"og:type\" content=\"article\" \/>\n<meta property=\"og:title\" content=\"Gala 2010 Ecole des Beaux-Arts - Association des Amis Fran\u00e7ais du Mus\u00e9e d&#039;Isra\u00ebll\" \/>\n<meta property=\"og:description\" content=\"[vc_row dfd_row_responsive_enable=&#8221;dfd-row-responsive-enable&#8221; css=&#8221;.vc_custom_1528705555786{padding-right: 300px !important;padding-left: 300px !important;}&#8221; responsive_styles=&#8221;padding_left_mobile:10|padding_right_mobile:10&#8243;][vc_column css=&#8221;.vc_custom_1527582087916{padding-top: 50px !important;padding-bottom: 50px !important;}&#8221; col_shadow=&#8221;box_shadow_enable:disable|shadow_horizontal:0|shadow_vertical:15|shadow_blur:50|shadow_spread:0|box_shadow_color:rgba(0%2C0%2C0%2C0.35)&#8221; col_shadow_hover=&#8221;box_shadow_enable:disable|shadow_horizontal:0|shadow_vertical:15|shadow_blur:50|shadow_spread:0|box_shadow_color:rgba(0%2C0%2C0%2C0.35)&#8221;][dfd_heading subtitle=&#8221;&#8221; enable_delimiter=&#8221;&#8221; undefined=&#8221;&#8221; title_font_options=&#8221;tag:h1|font_size:30|line_height:35|letter_spacing:1&#8243; subtitle_font_options=&#8221;tag:div&#8221; tutorials=&#8221;&#8221;]Gala 2010 \u00e0 l&#8217;Ecole des Beaux Arts[\/dfd_heading][\/vc_column][\/vc_row][vc_row dfd_row_responsive_enable=&#8221;dfd-row-responsive-enable&#8221; css=&#8221;.vc_custom_1528705447753{padding-right: 200px\" \/>\n<meta property=\"og:url\" content=\"https:\/\/www.associationafmi.com\/en\/gala\/gala-2010-beaux-arts\/\" \/>\n<meta property=\"og:site_name\" content=\"Association des Amis Fran\u00e7ais du Mus\u00e9e d&#039;Isra\u00ebll\" \/>\n<meta property=\"og:image\" content=\"http:\/\/www.associationafmi.com\/wp-content\/uploads\/2011\/06\/gala-2010-3.png\" \/>\n<meta name=\"twitter:card\" content=\"summary_large_image\" \/>\n<meta name=\"twitter:label1\" content=\"Est. reading time\" \/>\n\t<meta name=\"twitter:data1\" content=\"1 minute\" \/>\n<script type=\"application\/ld+json\" class=\"yoast-schema-graph\">{\"@context\":\"https:\/\/schema.org\",\"@graph\":[{\"@type\":\"WebPage\",\"@id\":\"https:\/\/www.associationafmi.com\/en\/gala\/gala-2010-beaux-arts\/\",\"url\":\"https:\/\/www.associationafmi.com\/en\/gala\/gala-2010-beaux-arts\/\",\"name\":\"Gala 2010 Ecole des Beaux-Arts - Association des Amis Fran\u00e7ais du Mus\u00e9e d&#039;Isra\u00ebll\",\"isPartOf\":{\"@id\":\"https:\/\/www.associationafmi.com\/fr\/#website\"},\"primaryImageOfPage\":{\"@id\":\"https:\/\/www.associationafmi.com\/en\/gala\/gala-2010-beaux-arts\/#primaryimage\"},\"image\":{\"@id\":\"https:\/\/www.associationafmi.com\/en\/gala\/gala-2010-beaux-arts\/#primaryimage\"},\"thumbnailUrl\":\"http:\/\/www.associationafmi.com\/wp-content\/uploads\/2011\/06\/gala-2010-3.png\",\"datePublished\":\"2011-06-13T13:18:06+00:00\",\"breadcrumb\":{\"@id\":\"https:\/\/www.associationafmi.com\/en\/gala\/gala-2010-beaux-arts\/#breadcrumb\"},\"inLanguage\":\"en-US\",\"potentialAction\":[{\"@type\":\"ReadAction\",\"target\":[\"https:\/\/www.associationafmi.com\/en\/gala\/gala-2010-beaux-arts\/\"]}]},{\"@type\":\"ImageObject\",\"inLanguage\":\"en-US\",\"@id\":\"https:\/\/www.associationafmi.com\/en\/gala\/gala-2010-beaux-arts\/#primaryimage\",\"url\":\"http:\/\/www.associationafmi.com\/wp-content\/uploads\/2011\/06\/gala-2010-3.png\",\"contentUrl\":\"http:\/\/www.associationafmi.com\/wp-content\/uploads\/2011\/06\/gala-2010-3.png\"},{\"@type\":\"BreadcrumbList\",\"@id\":\"https:\/\/www.associationafmi.com\/en\/gala\/gala-2010-beaux-arts\/#breadcrumb\",\"itemListElement\":[{\"@type\":\"ListItem\",\"position\":1,\"name\":\"Accueil\",\"item\":\"https:\/\/www.associationafmi.com\/en\/\"},{\"@type\":\"ListItem\",\"position\":2,\"name\":\"Our Galas\",\"item\":\"https:\/\/www.associationafmi.com\/en\/gala\/\"},{\"@type\":\"ListItem\",\"position\":3,\"name\":\"Gala 2010 Ecole des Beaux-Arts\"}]},{\"@type\":\"WebSite\",\"@id\":\"https:\/\/www.associationafmi.com\/fr\/#website\",\"url\":\"https:\/\/www.associationafmi.com\/fr\/\",\"name\":\"Association des Amis Fran\u00e7ais du Mus\u00e9e d&#039;Isra\u00ebll\",\"description\":\"AFMI I Amis Fran\u00e7ais du Mus\u00e9e d&#039;Isra\u00ebl\",\"potentialAction\":[{\"@type\":\"SearchAction\",\"target\":{\"@type\":\"EntryPoint\",\"urlTemplate\":\"https:\/\/www.associationafmi.com\/fr\/?s={search_term_string}\"},\"query-input\":{\"@type\":\"PropertyValueSpecification\",\"valueRequired\":true,\"valueName\":\"search_term_string\"}}],\"inLanguage\":\"en-US\"}]}<\/script>\n<!-- \/ Yoast SEO plugin. -->","yoast_head_json":{"title":"Gala 2010 Ecole des Beaux-Arts - Association des Amis Fran\u00e7ais du Mus\u00e9e d&#039;Isra\u00ebll","robots":{"index":"index","follow":"follow","max-snippet":"max-snippet:-1","max-image-preview":"max-image-preview:large","max-video-preview":"max-video-preview:-1"},"canonical":"https:\/\/www.associationafmi.com\/en\/gala\/gala-2010-beaux-arts\/","og_locale":"en_US","og_type":"article","og_title":"Gala 2010 Ecole des Beaux-Arts - Association des Amis Fran\u00e7ais du Mus\u00e9e d&#039;Isra\u00ebll","og_description":"[vc_row dfd_row_responsive_enable=&#8221;dfd-row-responsive-enable&#8221; css=&#8221;.vc_custom_1528705555786{padding-right: 300px !important;padding-left: 300px !important;}&#8221; responsive_styles=&#8221;padding_left_mobile:10|padding_right_mobile:10&#8243;][vc_column css=&#8221;.vc_custom_1527582087916{padding-top: 50px !important;padding-bottom: 50px !important;}&#8221; col_shadow=&#8221;box_shadow_enable:disable|shadow_horizontal:0|shadow_vertical:15|shadow_blur:50|shadow_spread:0|box_shadow_color:rgba(0%2C0%2C0%2C0.35)&#8221; col_shadow_hover=&#8221;box_shadow_enable:disable|shadow_horizontal:0|shadow_vertical:15|shadow_blur:50|shadow_spread:0|box_shadow_color:rgba(0%2C0%2C0%2C0.35)&#8221;][dfd_heading subtitle=&#8221;&#8221; enable_delimiter=&#8221;&#8221; undefined=&#8221;&#8221; title_font_options=&#8221;tag:h1|font_size:30|line_height:35|letter_spacing:1&#8243; subtitle_font_options=&#8221;tag:div&#8221; tutorials=&#8221;&#8221;]Gala 2010 \u00e0 l&#8217;Ecole des Beaux Arts[\/dfd_heading][\/vc_column][\/vc_row][vc_row dfd_row_responsive_enable=&#8221;dfd-row-responsive-enable&#8221; css=&#8221;.vc_custom_1528705447753{padding-right: 200px","og_url":"https:\/\/www.associationafmi.com\/en\/gala\/gala-2010-beaux-arts\/","og_site_name":"Association des Amis Fran\u00e7ais du Mus\u00e9e d&#039;Isra\u00ebll","og_image":[{"url":"http:\/\/www.associationafmi.com\/wp-content\/uploads\/2011\/06\/gala-2010-3.png","type":"","width":"","height":""}],"twitter_card":"summary_large_image","twitter_misc":{"Est. reading time":"1 minute"},"schema":{"@context":"https:\/\/schema.org","@graph":[{"@type":"WebPage","@id":"https:\/\/www.associationafmi.com\/en\/gala\/gala-2010-beaux-arts\/","url":"https:\/\/www.associationafmi.com\/en\/gala\/gala-2010-beaux-arts\/","name":"Gala 2010 Ecole des Beaux-Arts - Association des Amis Fran\u00e7ais du Mus\u00e9e d&#039;Isra\u00ebll","isPartOf":{"@id":"https:\/\/www.associationafmi.com\/fr\/#website"},"primaryImageOfPage":{"@id":"https:\/\/www.associationafmi.com\/en\/gala\/gala-2010-beaux-arts\/#primaryimage"},"image":{"@id":"https:\/\/www.associationafmi.com\/en\/gala\/gala-2010-beaux-arts\/#primaryimage"},"thumbnailUrl":"http:\/\/www.associationafmi.com\/wp-content\/uploads\/2011\/06\/gala-2010-3.png","datePublished":"2011-06-13T13:18:06+00:00","breadcrumb":{"@id":"https:\/\/www.associationafmi.com\/en\/gala\/gala-2010-beaux-arts\/#breadcrumb"},"inLanguage":"en-US","potentialAction":[{"@type":"ReadAction","target":["https:\/\/www.associationafmi.com\/en\/gala\/gala-2010-beaux-arts\/"]}]},{"@type":"ImageObject","inLanguage":"en-US","@id":"https:\/\/www.associationafmi.com\/en\/gala\/gala-2010-beaux-arts\/#primaryimage","url":"http:\/\/www.associationafmi.com\/wp-content\/uploads\/2011\/06\/gala-2010-3.png","contentUrl":"http:\/\/www.associationafmi.com\/wp-content\/uploads\/2011\/06\/gala-2010-3.png"},{"@type":"BreadcrumbList","@id":"https:\/\/www.associationafmi.com\/en\/gala\/gala-2010-beaux-arts\/#breadcrumb","itemListElement":[{"@type":"ListItem","position":1,"name":"Accueil","item":"https:\/\/www.associationafmi.com\/en\/"},{"@type":"ListItem","position":2,"name":"Our Galas","item":"https:\/\/www.associationafmi.com\/en\/gala\/"},{"@type":"ListItem","position":3,"name":"Gala 2010 Ecole des Beaux-Arts"}]},{"@type":"WebSite","@id":"https:\/\/www.associationafmi.com\/fr\/#website","url":"https:\/\/www.associationafmi.com\/fr\/","name":"Association des Amis Fran\u00e7ais du Mus\u00e9e d&#039;Isra\u00ebll","description":"AFMI I Amis Fran\u00e7ais du Mus\u00e9e d&#039;Isra\u00ebl","potentialAction":[{"@type":"SearchAction","target":{"@type":"EntryPoint","urlTemplate":"https:\/\/www.associationafmi.com\/fr\/?s={search_term_string}"},"query-input":{"@type":"PropertyValueSpecification","valueRequired":true,"valueName":"search_term_string"}}],"inLanguage":"en-US"}]}},"_links":{"self":[{"href":"https:\/\/www.associationafmi.com\/en\/wp-json\/wp\/v2\/pages\/2068","targetHints":{"allow":["GET"]}}],"collection":[{"href":"https:\/\/www.associationafmi.com\/en\/wp-json\/wp\/v2\/pages"}],"about":[{"href":"https:\/\/www.associationafmi.com\/en\/wp-json\/wp\/v2\/types\/page"}],"author":[{"embeddable":true,"href":"https:\/\/www.associationafmi.com\/en\/wp-json\/wp\/v2\/users\/1"}],"replies":[{"embeddable":true,"href":"https:\/\/www.associationafmi.com\/en\/wp-json\/wp\/v2\/comments?post=2068"}],"version-history":[{"count":0,"href":"https:\/\/www.associationafmi.com\/en\/wp-json\/wp\/v2\/pages\/2068\/revisions"}],"up":[{"embeddable":true,"href":"https:\/\/www.associationafmi.com\/en\/wp-json\/wp\/v2\/pages\/2064"}],"wp:attachment":[{"href":"https:\/\/www.associationafmi.com\/en\/wp-json\/wp\/v2\/media?parent=2068"}],"curies":[{"name":"wp","href":"https:\/\/api.w.org\/{rel}","templated":true}]}}