{"id":2074,"date":"2018-06-15T18:17:52","date_gmt":"2018-06-15T16:17:52","guid":{"rendered":"https:\/\/www.associationafmi.com\/gala\/gala-2015\/"},"modified":"2018-06-25T11:31:14","modified_gmt":"2018-06-25T09:31:14","slug":"gala-2015","status":"publish","type":"page","link":"https:\/\/www.associationafmi.com\/en\/gala\/gala-2015\/","title":{"rendered":"Gala 2015 \u2013 Mus\u00e9e Picasso"},"content":{"rendered":"<div class=\"wpb-content-wrapper\"><p>[vc_row dfd_row_responsive_enable=&#8221;dfd-row-responsive-enable&#8221; css=&#8221;.vc_custom_1528705555786{padding-right: 300px !important;padding-left: 300px !important;}&#8221; responsive_styles=&#8221;padding_left_mobile:10|padding_right_mobile:10&#8243;][vc_column css=&#8221;.vc_custom_1527582087916{padding-top: 50px !important;padding-bottom: 50px !important;}&#8221; col_shadow=&#8221;box_shadow_enable:disable|shadow_horizontal:0|shadow_vertical:15|shadow_blur:50|shadow_spread:0|box_shadow_color:rgba(0%2C0%2C0%2C0.35)&#8221; col_shadow_hover=&#8221;box_shadow_enable:disable|shadow_horizontal:0|shadow_vertical:15|shadow_blur:50|shadow_spread:0|box_shadow_color:rgba(0%2C0%2C0%2C0.35)&#8221;][dfd_heading subtitle=&#8221;&#8221; enable_delimiter=&#8221;&#8221; undefined=&#8221;&#8221; title_font_options=&#8221;tag:h1|font_size:30|line_height:35|letter_spacing:1&#8243; subtitle_font_options=&#8221;tag:div&#8221; tutorials=&#8221;&#8221;]Gala 2015 \u2013 Mus\u00e9e Picasso[\/dfd_heading][\/vc_column][\/vc_row][vc_row dfd_row_responsive_enable=&#8221;dfd-row-responsive-enable&#8221; css=&#8221;.vc_custom_1528705447753{padding-right: 200px !important;padding-left: 200px !important;}&#8221; responsive_styles=&#8221;padding_left_mobile:10|padding_right_mobile:10&#8243;][vc_column width=&#8221;2\/3&#8243;][vc_column_text]<img loading=\"lazy\" decoding=\"async\" class=\"alignnone size-full wp-image-2024 aligncenter\" src=\"https:\/\/www.associationafmi.com\/amis-france-musee-israel\/2018\/06\/1-50ans-2015.jpg\" alt=\"\" width=\"1000\" height=\"666\" srcset=\"https:\/\/www.associationafmi.com\/amis-france-musee-israel\/2018\/06\/1-50ans-2015.jpg 1000w, https:\/\/www.associationafmi.com\/amis-france-musee-israel\/2018\/06\/1-50ans-2015-300x200.jpg 300w, https:\/\/www.associationafmi.com\/amis-france-musee-israel\/2018\/06\/1-50ans-2015-768x511.jpg 768w\" sizes=\"auto, (max-width: 1000px) 100vw, 1000px\" \/><img loading=\"lazy\" decoding=\"async\" class=\"alignnone size-full wp-image-2023 aligncenter\" src=\"https:\/\/www.associationafmi.com\/amis-france-musee-israel\/2018\/06\/2-50ans-2015.jpg\" alt=\"\" width=\"1000\" height=\"667\" srcset=\"https:\/\/www.associationafmi.com\/amis-france-musee-israel\/2018\/06\/2-50ans-2015.jpg 1000w, https:\/\/www.associationafmi.com\/amis-france-musee-israel\/2018\/06\/2-50ans-2015-300x200.jpg 300w, https:\/\/www.associationafmi.com\/amis-france-musee-israel\/2018\/06\/2-50ans-2015-768x512.jpg 768w\" sizes=\"auto, (max-width: 1000px) 100vw, 1000px\" \/><img loading=\"lazy\" decoding=\"async\" class=\"alignnone size-full wp-image-2022 aligncenter\" src=\"https:\/\/www.associationafmi.com\/amis-france-musee-israel\/2018\/06\/3-50ans-2015.jpg\" alt=\"\" width=\"1000\" height=\"666\" srcset=\"https:\/\/www.associationafmi.com\/amis-france-musee-israel\/2018\/06\/3-50ans-2015.jpg 1000w, https:\/\/www.associationafmi.com\/amis-france-musee-israel\/2018\/06\/3-50ans-2015-300x200.jpg 300w, https:\/\/www.associationafmi.com\/amis-france-musee-israel\/2018\/06\/3-50ans-2015-768x511.jpg 768w\" sizes=\"auto, (max-width: 1000px) 100vw, 1000px\" \/><img loading=\"lazy\" decoding=\"async\" class=\"alignnone size-large wp-image-2021 aligncenter\" src=\"https:\/\/www.associationafmi.com\/amis-france-musee-israel\/2018\/06\/4-50ans-2015.jpg\" alt=\"\" width=\"667\" height=\"1000\" srcset=\"https:\/\/www.associationafmi.com\/amis-france-musee-israel\/2018\/06\/4-50ans-2015.jpg 667w, https:\/\/www.associationafmi.com\/amis-france-musee-israel\/2018\/06\/4-50ans-2015-200x300.jpg 200w\" sizes=\"auto, (max-width: 667px) 100vw, 667px\" \/><img loading=\"lazy\" decoding=\"async\" class=\"alignnone size-large wp-image-2020 aligncenter\" src=\"https:\/\/www.associationafmi.com\/amis-france-musee-israel\/2018\/06\/5-50ans-2015.jpg\" alt=\"\" width=\"1000\" height=\"667\" srcset=\"https:\/\/www.associationafmi.com\/amis-france-musee-israel\/2018\/06\/5-50ans-2015.jpg 1000w, https:\/\/www.associationafmi.com\/amis-france-musee-israel\/2018\/06\/5-50ans-2015-300x200.jpg 300w, https:\/\/www.associationafmi.com\/amis-france-musee-israel\/2018\/06\/5-50ans-2015-768x512.jpg 768w\" sizes=\"auto, (max-width: 1000px) 100vw, 1000px\" \/><img loading=\"lazy\" decoding=\"async\" class=\"alignnone size-large wp-image-2019 aligncenter\" src=\"https:\/\/www.associationafmi.com\/amis-france-musee-israel\/2018\/06\/6-50ans-2015-682x1024.jpg\" alt=\"\" width=\"682\" height=\"1024\" srcset=\"https:\/\/www.associationafmi.com\/amis-france-musee-israel\/2018\/06\/6-50ans-2015-682x1024.jpg 682w, https:\/\/www.associationafmi.com\/amis-france-musee-israel\/2018\/06\/6-50ans-2015-200x300.jpg 200w, https:\/\/www.associationafmi.com\/amis-france-musee-israel\/2018\/06\/6-50ans-2015-768x1154.jpg 768w\" sizes=\"auto, (max-width: 682px) 100vw, 682px\" \/><img loading=\"lazy\" decoding=\"async\" class=\"alignnone size-large wp-image-2018 aligncenter\" src=\"https:\/\/www.associationafmi.com\/amis-france-musee-israel\/2018\/06\/7-50ans-2015.jpg\" alt=\"\" width=\"666\" height=\"1000\" srcset=\"https:\/\/www.associationafmi.com\/amis-france-musee-israel\/2018\/06\/7-50ans-2015.jpg 666w, https:\/\/www.associationafmi.com\/amis-france-musee-israel\/2018\/06\/7-50ans-2015-200x300.jpg 200w\" sizes=\"auto, (max-width: 666px) 100vw, 666px\" \/><img loading=\"lazy\" decoding=\"async\" class=\"alignnone size-large wp-image-2017 aligncenter\" src=\"https:\/\/www.associationafmi.com\/amis-france-musee-israel\/2018\/06\/8-50ans-2015.jpg\" alt=\"\" width=\"1000\" height=\"666\" srcset=\"https:\/\/www.associationafmi.com\/amis-france-musee-israel\/2018\/06\/8-50ans-2015.jpg 1000w, https:\/\/www.associationafmi.com\/amis-france-musee-israel\/2018\/06\/8-50ans-2015-300x200.jpg 300w, https:\/\/www.associationafmi.com\/amis-france-musee-israel\/2018\/06\/8-50ans-2015-768x511.jpg 768w\" sizes=\"auto, (max-width: 1000px) 100vw, 1000px\" \/><img loading=\"lazy\" decoding=\"async\" class=\"alignnone size-large wp-image-2016 aligncenter\" src=\"https:\/\/www.associationafmi.com\/amis-france-musee-israel\/2018\/06\/9-50ans-2015.jpg\" alt=\"\" width=\"666\" height=\"1000\" srcset=\"https:\/\/www.associationafmi.com\/amis-france-musee-israel\/2018\/06\/9-50ans-2015.jpg 666w, https:\/\/www.associationafmi.com\/amis-france-musee-israel\/2018\/06\/9-50ans-2015-200x300.jpg 200w\" sizes=\"auto, (max-width: 666px) 100vw, 666px\" \/><img loading=\"lazy\" decoding=\"async\" class=\"alignnone size-large wp-image-2015 aligncenter\" src=\"https:\/\/www.associationafmi.com\/amis-france-musee-israel\/2018\/06\/10-50ans-2015.jpg\" alt=\"\" width=\"1000\" height=\"666\" srcset=\"https:\/\/www.associationafmi.com\/amis-france-musee-israel\/2018\/06\/10-50ans-2015.jpg 1000w, https:\/\/www.associationafmi.com\/amis-france-musee-israel\/2018\/06\/10-50ans-2015-300x200.jpg 300w, https:\/\/www.associationafmi.com\/amis-france-musee-israel\/2018\/06\/10-50ans-2015-768x511.jpg 768w\" sizes=\"auto, (max-width: 1000px) 100vw, 1000px\" \/><img loading=\"lazy\" decoding=\"async\" class=\"alignnone size-full wp-image-2014 aligncenter\" src=\"https:\/\/www.associationafmi.com\/amis-france-musee-israel\/2018\/06\/11-50ans-2015.jpg\" alt=\"\" width=\"1000\" height=\"666\" srcset=\"https:\/\/www.associationafmi.com\/amis-france-musee-israel\/2018\/06\/11-50ans-2015.jpg 1000w, https:\/\/www.associationafmi.com\/amis-france-musee-israel\/2018\/06\/11-50ans-2015-300x200.jpg 300w, https:\/\/www.associationafmi.com\/amis-france-musee-israel\/2018\/06\/11-50ans-2015-768x511.jpg 768w\" sizes=\"auto, (max-width: 1000px) 100vw, 1000px\" \/><img loading=\"lazy\" decoding=\"async\" class=\"alignnone size-full wp-image-2013 aligncenter\" src=\"https:\/\/www.associationafmi.com\/amis-france-musee-israel\/2018\/06\/12-50ans-2015.jpg\" alt=\"\" width=\"666\" height=\"1000\" srcset=\"https:\/\/www.associationafmi.com\/amis-france-musee-israel\/2018\/06\/12-50ans-2015.jpg 666w, https:\/\/www.associationafmi.com\/amis-france-musee-israel\/2018\/06\/12-50ans-2015-200x300.jpg 200w\" sizes=\"auto, (max-width: 666px) 100vw, 666px\" \/><img loading=\"lazy\" decoding=\"async\" class=\"alignnone size-full wp-image-2012 aligncenter\" src=\"https:\/\/www.associationafmi.com\/amis-france-musee-israel\/2018\/06\/13-50ans-2015.jpg\" alt=\"\" width=\"1000\" height=\"666\" srcset=\"https:\/\/www.associationafmi.com\/amis-france-musee-israel\/2018\/06\/13-50ans-2015.jpg 1000w, https:\/\/www.associationafmi.com\/amis-france-musee-israel\/2018\/06\/13-50ans-2015-300x200.jpg 300w, https:\/\/www.associationafmi.com\/amis-france-musee-israel\/2018\/06\/13-50ans-2015-768x511.jpg 768w\" sizes=\"auto, (max-width: 1000px) 100vw, 1000px\" \/><img loading=\"lazy\" decoding=\"async\" class=\"alignnone size-full wp-image-2011 aligncenter\" src=\"https:\/\/www.associationafmi.com\/amis-france-musee-israel\/2018\/06\/14-50ans-2015.jpg\" alt=\"\" width=\"666\" height=\"1000\" srcset=\"https:\/\/www.associationafmi.com\/amis-france-musee-israel\/2018\/06\/14-50ans-2015.jpg 666w, https:\/\/www.associationafmi.com\/amis-france-musee-israel\/2018\/06\/14-50ans-2015-200x300.jpg 200w\" sizes=\"auto, (max-width: 666px) 100vw, 666px\" \/><img loading=\"lazy\" decoding=\"async\" class=\"alignnone size-full wp-image-2010 aligncenter\" src=\"https:\/\/www.associationafmi.com\/amis-france-musee-israel\/2018\/06\/15-50ans-2015.jpg\" alt=\"\" width=\"1000\" height=\"666\" srcset=\"https:\/\/www.associationafmi.com\/amis-france-musee-israel\/2018\/06\/15-50ans-2015.jpg 1000w, https:\/\/www.associationafmi.com\/amis-france-musee-israel\/2018\/06\/15-50ans-2015-300x200.jpg 300w, https:\/\/www.associationafmi.com\/amis-france-musee-israel\/2018\/06\/15-50ans-2015-768x511.jpg 768w\" sizes=\"auto, (max-width: 1000px) 100vw, 1000px\" \/><img loading=\"lazy\" decoding=\"async\" class=\"alignnone size-full wp-image-2009 aligncenter\" src=\"https:\/\/www.associationafmi.com\/amis-france-musee-israel\/2018\/06\/16-50ans-2015.jpg\" alt=\"\" width=\"1000\" height=\"666\" srcset=\"https:\/\/www.associationafmi.com\/amis-france-musee-israel\/2018\/06\/16-50ans-2015.jpg 1000w, https:\/\/www.associationafmi.com\/amis-france-musee-israel\/2018\/06\/16-50ans-2015-300x200.jpg 300w, https:\/\/www.associationafmi.com\/amis-france-musee-israel\/2018\/06\/16-50ans-2015-768x511.jpg 768w\" sizes=\"auto, (max-width: 1000px) 100vw, 1000px\" \/>[\/vc_column_text][\/vc_column][vc_column width=&#8221;1\/3&#8243;][vc_wp_custommenu nav_menu=&#8221;22&#8243;][\/vc_column][\/vc_row]<\/p>\n<\/div>","protected":false},"excerpt":{"rendered":"<p>[vc_row dfd_row_responsive_enable=&#8221;dfd-row-responsive-enable&#8221; css=&#8221;.vc_custom_1528705555786{padding-right: 300px !important;padding-left: 300px !important;}&#8221; responsive_styles=&#8221;padding_left_mobile:10|padding_right_mobile:10&#8243;][vc_column css=&#8221;.vc_custom_1527582087916{padding-top: 50px !important;padding-bottom: 50px !important;}&#8221; col_shadow=&#8221;box_shadow_enable:disable|shadow_horizontal:0|shadow_vertical:15|shadow_blur:50|shadow_spread:0|box_shadow_color:rgba(0%2C0%2C0%2C0.35)&#8221; col_shadow_hover=&#8221;box_shadow_enable:disable|shadow_horizontal:0|shadow_vertical:15|shadow_blur:50|shadow_spread:0|box_shadow_color:rgba(0%2C0%2C0%2C0.35)&#8221;][dfd_heading subtitle=&#8221;&#8221; enable_delimiter=&#8221;&#8221; undefined=&#8221;&#8221; title_font_options=&#8221;tag:h1|font_size:30|line_height:35|letter_spacing:1&#8243; subtitle_font_options=&#8221;tag:div&#8221; tutorials=&#8221;&#8221;]Gala 2015 \u2013 Mus\u00e9e Picasso[\/dfd_heading][\/vc_column][\/vc_row][vc_row dfd_row_responsive_enable=&#8221;dfd-row-responsive-enable&#8221; css=&#8221;.vc_custom_1528705447753{padding-right: 200px !important;padding-left: 200px<\/p>\n","protected":false},"author":1,"featured_media":0,"parent":2064,"menu_order":0,"comment_status":"closed","ping_status":"closed","template":"","meta":{"footnotes":""},"class_list":["post-2074","page","type-page","status-publish","hentry"],"yoast_head":"<!-- This site is optimized with the Yoast SEO plugin v27.0 - https:\/\/yoast.com\/product\/yoast-seo-wordpress\/ -->\n<title>Gala 2015 \u2013 Mus\u00e9e Picasso - Association des Amis Fran\u00e7ais du Mus\u00e9e d&#039;Isra\u00ebll<\/title>\n<meta name=\"robots\" content=\"index, follow, max-snippet:-1, max-image-preview:large, max-video-preview:-1\" \/>\n<link rel=\"canonical\" href=\"https:\/\/www.associationafmi.com\/en\/gala\/gala-2015\/\" \/>\n<meta property=\"og:locale\" content=\"en_US\" \/>\n<meta property=\"og:type\" content=\"article\" \/>\n<meta property=\"og:title\" content=\"Gala 2015 \u2013 Mus\u00e9e Picasso - Association des Amis Fran\u00e7ais du Mus\u00e9e d&#039;Isra\u00ebll\" \/>\n<meta property=\"og:description\" content=\"[vc_row dfd_row_responsive_enable=&#8221;dfd-row-responsive-enable&#8221; css=&#8221;.vc_custom_1528705555786{padding-right: 300px !important;padding-left: 300px !important;}&#8221; responsive_styles=&#8221;padding_left_mobile:10|padding_right_mobile:10&#8243;][vc_column css=&#8221;.vc_custom_1527582087916{padding-top: 50px !important;padding-bottom: 50px !important;}&#8221; col_shadow=&#8221;box_shadow_enable:disable|shadow_horizontal:0|shadow_vertical:15|shadow_blur:50|shadow_spread:0|box_shadow_color:rgba(0%2C0%2C0%2C0.35)&#8221; col_shadow_hover=&#8221;box_shadow_enable:disable|shadow_horizontal:0|shadow_vertical:15|shadow_blur:50|shadow_spread:0|box_shadow_color:rgba(0%2C0%2C0%2C0.35)&#8221;][dfd_heading subtitle=&#8221;&#8221; enable_delimiter=&#8221;&#8221; undefined=&#8221;&#8221; title_font_options=&#8221;tag:h1|font_size:30|line_height:35|letter_spacing:1&#8243; subtitle_font_options=&#8221;tag:div&#8221; tutorials=&#8221;&#8221;]Gala 2015 \u2013 Mus\u00e9e Picasso[\/dfd_heading][\/vc_column][\/vc_row][vc_row dfd_row_responsive_enable=&#8221;dfd-row-responsive-enable&#8221; css=&#8221;.vc_custom_1528705447753{padding-right: 200px !important;padding-left: 200px\" \/>\n<meta property=\"og:url\" content=\"https:\/\/www.associationafmi.com\/en\/gala\/gala-2015\/\" \/>\n<meta property=\"og:site_name\" content=\"Association des Amis Fran\u00e7ais du Mus\u00e9e d&#039;Isra\u00ebll\" \/>\n<meta property=\"article:modified_time\" content=\"2018-06-25T09:31:14+00:00\" \/>\n<meta property=\"og:image\" content=\"https:\/\/www.associationafmi.com\/amis-france-musee-israel\/2018\/06\/1-50ans-2015.jpg\" \/>\n<meta name=\"twitter:card\" content=\"summary_large_image\" \/>\n<meta name=\"twitter:label1\" content=\"Est. reading time\" \/>\n\t<meta name=\"twitter:data1\" content=\"1 minute\" \/>\n<script type=\"application\/ld+json\" class=\"yoast-schema-graph\">{\"@context\":\"https:\/\/schema.org\",\"@graph\":[{\"@type\":\"WebPage\",\"@id\":\"https:\/\/www.associationafmi.com\/en\/gala\/gala-2015\/\",\"url\":\"https:\/\/www.associationafmi.com\/en\/gala\/gala-2015\/\",\"name\":\"Gala 2015 \u2013 Mus\u00e9e Picasso - Association des Amis Fran\u00e7ais du Mus\u00e9e d&#039;Isra\u00ebll\",\"isPartOf\":{\"@id\":\"https:\/\/www.associationafmi.com\/fr\/#website\"},\"primaryImageOfPage\":{\"@id\":\"https:\/\/www.associationafmi.com\/en\/gala\/gala-2015\/#primaryimage\"},\"image\":{\"@id\":\"https:\/\/www.associationafmi.com\/en\/gala\/gala-2015\/#primaryimage\"},\"thumbnailUrl\":\"https:\/\/www.associationafmi.com\/amis-france-musee-israel\/2018\/06\/1-50ans-2015.jpg\",\"datePublished\":\"2018-06-15T16:17:52+00:00\",\"dateModified\":\"2018-06-25T09:31:14+00:00\",\"breadcrumb\":{\"@id\":\"https:\/\/www.associationafmi.com\/en\/gala\/gala-2015\/#breadcrumb\"},\"inLanguage\":\"en-US\",\"potentialAction\":[{\"@type\":\"ReadAction\",\"target\":[\"https:\/\/www.associationafmi.com\/en\/gala\/gala-2015\/\"]}]},{\"@type\":\"ImageObject\",\"inLanguage\":\"en-US\",\"@id\":\"https:\/\/www.associationafmi.com\/en\/gala\/gala-2015\/#primaryimage\",\"url\":\"https:\/\/www.associationafmi.com\/amis-france-musee-israel\/2018\/06\/1-50ans-2015.jpg\",\"contentUrl\":\"https:\/\/www.associationafmi.com\/amis-france-musee-israel\/2018\/06\/1-50ans-2015.jpg\"},{\"@type\":\"BreadcrumbList\",\"@id\":\"https:\/\/www.associationafmi.com\/en\/gala\/gala-2015\/#breadcrumb\",\"itemListElement\":[{\"@type\":\"ListItem\",\"position\":1,\"name\":\"Accueil\",\"item\":\"https:\/\/www.associationafmi.com\/en\/\"},{\"@type\":\"ListItem\",\"position\":2,\"name\":\"Our Galas\",\"item\":\"https:\/\/www.associationafmi.com\/en\/gala\/\"},{\"@type\":\"ListItem\",\"position\":3,\"name\":\"Gala 2015 \u2013 Mus\u00e9e Picasso\"}]},{\"@type\":\"WebSite\",\"@id\":\"https:\/\/www.associationafmi.com\/fr\/#website\",\"url\":\"https:\/\/www.associationafmi.com\/fr\/\",\"name\":\"Association des Amis Fran\u00e7ais du Mus\u00e9e d&#039;Isra\u00ebll\",\"description\":\"AFMI I Amis Fran\u00e7ais du Mus\u00e9e d&#039;Isra\u00ebl\",\"potentialAction\":[{\"@type\":\"SearchAction\",\"target\":{\"@type\":\"EntryPoint\",\"urlTemplate\":\"https:\/\/www.associationafmi.com\/fr\/?s={search_term_string}\"},\"query-input\":{\"@type\":\"PropertyValueSpecification\",\"valueRequired\":true,\"valueName\":\"search_term_string\"}}],\"inLanguage\":\"en-US\"}]}<\/script>\n<!-- \/ Yoast SEO plugin. -->","yoast_head_json":{"title":"Gala 2015 \u2013 Mus\u00e9e Picasso - Association des Amis Fran\u00e7ais du Mus\u00e9e d&#039;Isra\u00ebll","robots":{"index":"index","follow":"follow","max-snippet":"max-snippet:-1","max-image-preview":"max-image-preview:large","max-video-preview":"max-video-preview:-1"},"canonical":"https:\/\/www.associationafmi.com\/en\/gala\/gala-2015\/","og_locale":"en_US","og_type":"article","og_title":"Gala 2015 \u2013 Mus\u00e9e Picasso - Association des Amis Fran\u00e7ais du Mus\u00e9e d&#039;Isra\u00ebll","og_description":"[vc_row dfd_row_responsive_enable=&#8221;dfd-row-responsive-enable&#8221; css=&#8221;.vc_custom_1528705555786{padding-right: 300px !important;padding-left: 300px !important;}&#8221; responsive_styles=&#8221;padding_left_mobile:10|padding_right_mobile:10&#8243;][vc_column css=&#8221;.vc_custom_1527582087916{padding-top: 50px !important;padding-bottom: 50px !important;}&#8221; col_shadow=&#8221;box_shadow_enable:disable|shadow_horizontal:0|shadow_vertical:15|shadow_blur:50|shadow_spread:0|box_shadow_color:rgba(0%2C0%2C0%2C0.35)&#8221; col_shadow_hover=&#8221;box_shadow_enable:disable|shadow_horizontal:0|shadow_vertical:15|shadow_blur:50|shadow_spread:0|box_shadow_color:rgba(0%2C0%2C0%2C0.35)&#8221;][dfd_heading subtitle=&#8221;&#8221; enable_delimiter=&#8221;&#8221; undefined=&#8221;&#8221; title_font_options=&#8221;tag:h1|font_size:30|line_height:35|letter_spacing:1&#8243; subtitle_font_options=&#8221;tag:div&#8221; tutorials=&#8221;&#8221;]Gala 2015 \u2013 Mus\u00e9e Picasso[\/dfd_heading][\/vc_column][\/vc_row][vc_row dfd_row_responsive_enable=&#8221;dfd-row-responsive-enable&#8221; css=&#8221;.vc_custom_1528705447753{padding-right: 200px !important;padding-left: 200px","og_url":"https:\/\/www.associationafmi.com\/en\/gala\/gala-2015\/","og_site_name":"Association des Amis Fran\u00e7ais du Mus\u00e9e d&#039;Isra\u00ebll","article_modified_time":"2018-06-25T09:31:14+00:00","og_image":[{"url":"https:\/\/www.associationafmi.com\/amis-france-musee-israel\/2018\/06\/1-50ans-2015.jpg","type":"","width":"","height":""}],"twitter_card":"summary_large_image","twitter_misc":{"Est. reading time":"1 minute"},"schema":{"@context":"https:\/\/schema.org","@graph":[{"@type":"WebPage","@id":"https:\/\/www.associationafmi.com\/en\/gala\/gala-2015\/","url":"https:\/\/www.associationafmi.com\/en\/gala\/gala-2015\/","name":"Gala 2015 \u2013 Mus\u00e9e Picasso - Association des Amis Fran\u00e7ais du Mus\u00e9e d&#039;Isra\u00ebll","isPartOf":{"@id":"https:\/\/www.associationafmi.com\/fr\/#website"},"primaryImageOfPage":{"@id":"https:\/\/www.associationafmi.com\/en\/gala\/gala-2015\/#primaryimage"},"image":{"@id":"https:\/\/www.associationafmi.com\/en\/gala\/gala-2015\/#primaryimage"},"thumbnailUrl":"https:\/\/www.associationafmi.com\/amis-france-musee-israel\/2018\/06\/1-50ans-2015.jpg","datePublished":"2018-06-15T16:17:52+00:00","dateModified":"2018-06-25T09:31:14+00:00","breadcrumb":{"@id":"https:\/\/www.associationafmi.com\/en\/gala\/gala-2015\/#breadcrumb"},"inLanguage":"en-US","potentialAction":[{"@type":"ReadAction","target":["https:\/\/www.associationafmi.com\/en\/gala\/gala-2015\/"]}]},{"@type":"ImageObject","inLanguage":"en-US","@id":"https:\/\/www.associationafmi.com\/en\/gala\/gala-2015\/#primaryimage","url":"https:\/\/www.associationafmi.com\/amis-france-musee-israel\/2018\/06\/1-50ans-2015.jpg","contentUrl":"https:\/\/www.associationafmi.com\/amis-france-musee-israel\/2018\/06\/1-50ans-2015.jpg"},{"@type":"BreadcrumbList","@id":"https:\/\/www.associationafmi.com\/en\/gala\/gala-2015\/#breadcrumb","itemListElement":[{"@type":"ListItem","position":1,"name":"Accueil","item":"https:\/\/www.associationafmi.com\/en\/"},{"@type":"ListItem","position":2,"name":"Our Galas","item":"https:\/\/www.associationafmi.com\/en\/gala\/"},{"@type":"ListItem","position":3,"name":"Gala 2015 \u2013 Mus\u00e9e Picasso"}]},{"@type":"WebSite","@id":"https:\/\/www.associationafmi.com\/fr\/#website","url":"https:\/\/www.associationafmi.com\/fr\/","name":"Association des Amis Fran\u00e7ais du Mus\u00e9e d&#039;Isra\u00ebll","description":"AFMI I Amis Fran\u00e7ais du Mus\u00e9e d&#039;Isra\u00ebl","potentialAction":[{"@type":"SearchAction","target":{"@type":"EntryPoint","urlTemplate":"https:\/\/www.associationafmi.com\/fr\/?s={search_term_string}"},"query-input":{"@type":"PropertyValueSpecification","valueRequired":true,"valueName":"search_term_string"}}],"inLanguage":"en-US"}]}},"_links":{"self":[{"href":"https:\/\/www.associationafmi.com\/en\/wp-json\/wp\/v2\/pages\/2074","targetHints":{"allow":["GET"]}}],"collection":[{"href":"https:\/\/www.associationafmi.com\/en\/wp-json\/wp\/v2\/pages"}],"about":[{"href":"https:\/\/www.associationafmi.com\/en\/wp-json\/wp\/v2\/types\/page"}],"author":[{"embeddable":true,"href":"https:\/\/www.associationafmi.com\/en\/wp-json\/wp\/v2\/users\/1"}],"replies":[{"embeddable":true,"href":"https:\/\/www.associationafmi.com\/en\/wp-json\/wp\/v2\/comments?post=2074"}],"version-history":[{"count":0,"href":"https:\/\/www.associationafmi.com\/en\/wp-json\/wp\/v2\/pages\/2074\/revisions"}],"up":[{"embeddable":true,"href":"https:\/\/www.associationafmi.com\/en\/wp-json\/wp\/v2\/pages\/2064"}],"wp:attachment":[{"href":"https:\/\/www.associationafmi.com\/en\/wp-json\/wp\/v2\/media?parent=2074"}],"curies":[{"name":"wp","href":"https:\/\/api.w.org\/{rel}","templated":true}]}}