{"id":2087,"date":"2018-05-28T17:59:38","date_gmt":"2018-05-28T15:59:38","guid":{"rendered":"https:\/\/www.associationafmi.com\/home\/"},"modified":"2023-01-30T09:52:21","modified_gmt":"2023-01-30T08:52:21","slug":"home","status":"publish","type":"page","link":"https:\/\/www.associationafmi.com\/en\/","title":{"rendered":"The French Friends of the Israel Museum I EN"},"content":{"rendered":"<div class=\"wpb-content-wrapper\"><p>[vc_row dfd_row_config=&#8221;full_width_content&#8221; dfd_bg_style=&#8221;image&#8221; dfd_bg_image_repeat=&#8221;no-repeat&#8221; dfd_image_bg_color=&#8221;#f7f7f7&#8243; dfd_row_responsive_enable=&#8221;dfd-row-responsive-enable&#8221; css=&#8221;.vc_custom_1528269134145{padding-right: 300px !important;padding-left: 300px !important;background-color: #ffffff !important;}&#8221; responsive_styles=&#8221;padding_left_mobile:10|padding_right_mobile:10&#8243;][vc_column col_shadow=&#8221;box_shadow_enable:disable|shadow_horizontal:0|shadow_vertical:15|shadow_blur:50|shadow_spread:0|box_shadow_color:rgba(0%2C0%2C0%2C0.35)&#8221; col_shadow_hover=&#8221;box_shadow_enable:disable|shadow_horizontal:0|shadow_vertical:15|shadow_blur:50|shadow_spread:0|box_shadow_color:rgba(0%2C0%2C0%2C0.35)&#8221;][vc_row_inner][vc_column_inner offset=&#8221;vc_hidden-lg vc_hidden-md&#8221; col_inner_shadow=&#8221;box_shadow_enable:disable|shadow_horizontal:0|shadow_vertical:15|shadow_blur:50|shadow_spread:0|box_shadow_color:rgba(0%2C0%2C0%2C0.35)&#8221; col_inner_shadow_hover=&#8221;box_shadow_enable:disable|shadow_horizontal:0|shadow_vertical:15|shadow_blur:50|shadow_spread:0|box_shadow_color:rgba(0%2C0%2C0%2C0.35)&#8221;][dfd_heading subtitle=&#8221;Les Amis Fran\u00e7ais du Mus\u00e9e d&#8217;Isra\u00ebl&#8221; enable_delimiter=&#8221;&#8221; undefined=&#8221;&#8221; title_font_options=&#8221;tag:h2|font_size:14|line_height:20|letter_spacing:1&#8243; subtitle_font_options=&#8221;tag:h1&#8243; title_google_fonts=&#8221;yes&#8221; title_custom_fonts=&#8221;font_family:Roboto%3A100%2C100italic%2C300%2C300italic%2Cregular%2Citalic%2C500%2C500italic%2C700%2C700italic%2C900%2C900italic|font_style:300%20light%20regular%3A300%3Anormal&#8221;][\/dfd_heading][\/vc_column_inner][\/vc_row_inner][dfd_spacer screen_wide_spacer_size=&#8221;10&#8243; screen_normal_resolution=&#8221;1024&#8243; screen_tablet_resolution=&#8221;800&#8243; screen_mobile_resolution=&#8221;480&#8243;][dfd_logo_carousel enable_slides=&#8221;slides&#8221; list_fields=&#8221;%5B%7B%22icon_image_id%22%3A%221766%22%7D%2C%7B%22icon_image_id%22%3A%221777%22%2C%22description%22%3A%22%20%22%7D%2C%7B%22icon_image_id%22%3A%221780%22%2C%22description%22%3A%22%20%22%7D%5D&#8221; slides_to_show=&#8221;1&#8243; slides_to_scroll=&#8221;1&#8243; slideshow_speed=&#8221;5000&#8243; main_style=&#8221;style-1&#8243; auto_slideshow=&#8221;auto_slid&#8221; opacity_before=&#8221;100&#8243; opacity_after=&#8221;100&#8243;][dfd_spacer screen_wide_spacer_size=&#8221;10&#8243; screen_normal_resolution=&#8221;1024&#8243; screen_tablet_resolution=&#8221;800&#8243; screen_mobile_resolution=&#8221;480&#8243;][vc_row_inner][vc_column_inner offset=&#8221;vc_hidden-sm vc_hidden-xs&#8221; col_inner_shadow=&#8221;box_shadow_enable:disable|shadow_horizontal:0|shadow_vertical:15|shadow_blur:50|shadow_spread:0|box_shadow_color:rgba(0%2C0%2C0%2C0.35)&#8221; col_inner_shadow_hover=&#8221;box_shadow_enable:disable|shadow_horizontal:0|shadow_vertical:15|shadow_blur:50|shadow_spread:0|box_shadow_color:rgba(0%2C0%2C0%2C0.35)&#8221;][dfd_heading subtitle=&#8221;Les Amis Fran\u00e7ais du Mus\u00e9e d&#8217;Isra\u00ebl&#8221; enable_delimiter=&#8221;&#8221; undefined=&#8221;&#8221; title_font_options=&#8221;tag:h2|font_size:14|line_height:20|letter_spacing:1&#8243; subtitle_font_options=&#8221;tag:h1&#8243; title_google_fonts=&#8221;yes&#8221; title_custom_fonts=&#8221;font_family:Roboto%3A100%2C100italic%2C300%2C300italic%2Cregular%2Citalic%2C500%2C500italic%2C700%2C700italic%2C900%2C900italic|font_style:300%20light%20regular%3A300%3Anormal&#8221;][\/dfd_heading][\/vc_column_inner][\/vc_row_inner][vc_row_inner dfd_row_responsive_enable=&#8221;dfd-row-responsive-enable&#8221; css=&#8221;.vc_custom_1528269275323{padding-right: 50px !important;padding-left: 50px !important;}&#8221; responsive_styles=&#8221;padding_left_mobile:10|padding_right_mobile:10&#8243;][vc_column_inner][dfd_heading subtitle=&#8221;&#8221; content_alignment=&#8221;text-left&#8221; enable_delimiter=&#8221;&#8221; undefined=&#8221;&#8221; title_font_options=&#8221;tag:h2|font_size:14|line_height:20|letter_spacing:1&#8243; subtitle_font_options=&#8221;tag:h1&#8243; title_google_fonts=&#8221;yes&#8221; title_custom_fonts=&#8221;font_family:Roboto%3A100%2C100italic%2C300%2C300italic%2Cregular%2Citalic%2C500%2C500italic%2C700%2C700italic%2C900%2C900italic|font_style:300%20light%20regular%3A300%3Anormal&#8221;]Founded in 1972, the <span style=\"color: #b51134;\"><a style=\"color: #b51134;\" href=\"https:\/\/www.associationafmi.com\/en\/about-us\/\">association The French Friends of the Israel Museum<\/a><\/span> supports the development of the <span style=\"color: #b51134;\"><a style=\"color: #b51134;\" href=\"https:\/\/www.associationafmi.com\/en\/israel-museum\/\">Israel Museum in Jerusalem<\/a><\/span>, both on a financial and a moral level. \u00a0It also strengthens cultural and artistic connections between France and Israel.\u00a0Thanks to its numerous members and to the generosity of its donators, each year the association is able to allocate <span style=\"color: #b51134;\"><a style=\"color: #b51134;\" href=\"https:\/\/www.associationafmi.com\/en\/acquisitions\/\">funds to buy various art acquisitions<\/a> <\/span>for the Israel Museum in Jerusalem :\u00a0CHRISTIAN BOLTANSKI, MAURIZIO CATELLAN OR CHRIS MARKER.[\/dfd_heading][dfd_heading subtitle=&#8221;&#8221; content_alignment=&#8221;text-left&#8221; enable_delimiter=&#8221;&#8221; undefined=&#8221;&#8221; title_font_options=&#8221;tag:h2|font_size:14|line_height:20|letter_spacing:1&#8243; subtitle_font_options=&#8221;tag:h1&#8243; title_google_fonts=&#8221;yes&#8221; title_custom_fonts=&#8221;font_family:Roboto%3A100%2C100italic%2C300%2C300italic%2Cregular%2Citalic%2C500%2C500italic%2C700%2C700italic%2C900%2C900italic|font_style:300%20light%20regular%3A300%3Anormal&#8221;]<span style=\"color: #b51134;\"><a style=\"color: #b51134;\" href=\"https:\/\/www.facebook.com\/AssociationFMI\/\" target=\"_blank\" rel=\"noopener\">Join us on Facebook for regular news !<\/a><\/span>[\/dfd_heading][\/vc_column_inner][\/vc_row_inner][dfd_spacer screen_wide_spacer_size=&#8221;50&#8243; screen_normal_resolution=&#8221;1024&#8243; screen_tablet_resolution=&#8221;800&#8243; screen_mobile_resolution=&#8221;480&#8243;][dfd_single_image image_size=&#8221;custom&#8221; image_width=&#8221;80&#8243; image_height=&#8221;78&#8243; retina_image_size=&#8221;x2&#8243; image=&#8221;1728&#8243; retina_image_x2=&#8221;1788&#8243;][dfd_spacer screen_wide_spacer_size=&#8221;10&#8243; screen_normal_resolution=&#8221;1024&#8243; screen_tablet_resolution=&#8221;800&#8243; screen_mobile_resolution=&#8221;480&#8243;][dfd_heading subtitle=&#8221;&#8221; enable_delimiter=&#8221;&#8221; el_class=&#8221;foot-nom&#8221; undefined=&#8221;&#8221; title_font_options=&#8221;tag:div|font_size:15|color:%23000000|line_height:29|letter_spacing:3&#8243; title_google_fonts=&#8221;yes&#8221; title_custom_fonts=&#8221;font_family:Roboto%3A100%2C100italic%2C300%2C300italic%2Cregular%2Citalic%2C500%2C500italic%2C700%2C700italic%2C900%2C900italic|font_style:400%20regular%3A400%3Anormal&#8221; subtitle_font_options=&#8221;tag:div&#8221; title_responsive=&#8221;font_size_mobile:10|letter_spacing_mobile:1&#8243;]Association des Amis Fran\u00e7ais du Mus\u00e9e d&#8217;Isra\u00ebl[\/dfd_heading][dfd_heading subtitle=&#8221;&#8221; enable_delimiter=&#8221;&#8221; el_class=&#8221;foot-nom&#8221; undefined=&#8221;&#8221; title_font_options=&#8221;tag:div|font_size:13|color:%23000000|line_height:15|letter_spacing:3&#8243; title_google_fonts=&#8221;yes&#8221; title_custom_fonts=&#8221;font_family:Roboto%3A100%2C100italic%2C300%2C300italic%2Cregular%2Citalic%2C500%2C500italic%2C700%2C700italic%2C900%2C900italic|font_style:100%20light%20regular%3A100%3Anormal&#8221; subtitle_font_options=&#8221;tag:div&#8221;]I <a href=\"https:\/\/www.associationafmi.com\/\">CONTACT<\/a> I <a href=\"https:\/\/www.facebook.com\/AssociationFMI\/\" target=\"_blank\" rel=\"noopener\">FACEBOOK<\/a> I <a href=\"https:\/\/www.associationafmi.com\/en\/legal\/\">LEGAL INFORMATION<\/a>[\/dfd_heading][dfd_spacer screen_wide_spacer_size=&#8221;10&#8243; screen_normal_resolution=&#8221;1024&#8243; screen_tablet_resolution=&#8221;800&#8243; screen_mobile_resolution=&#8221;480&#8243;][dfd_heading subtitle=&#8221;&#8221; enable_delimiter=&#8221;&#8221; el_class=&#8221;foot-nom&#8221; undefined=&#8221;&#8221; title_font_options=&#8221;tag:div|font_size:10|color:%23b22525|line_height:15|letter_spacing:3&#8243; title_google_fonts=&#8221;yes&#8221; title_custom_fonts=&#8221;font_family:Roboto%3A100%2C100italic%2C300%2C300italic%2Cregular%2Citalic%2C500%2C500italic%2C700%2C700italic%2C900%2C900italic|font_style:400%20regular%3A400%3Anormal&#8221; subtitle_font_options=&#8221;tag:div&#8221; tutorials=&#8221;&#8221;]95 boulevard Berthier, 75017 Paris, France<br \/>\nTel\/Fax : +33 (0)1 47 23 58 28[\/dfd_heading][dfd_spacer screen_wide_spacer_size=&#8221;30&#8243; screen_normal_resolution=&#8221;1024&#8243; screen_tablet_resolution=&#8221;800&#8243; screen_mobile_resolution=&#8221;480&#8243;][\/vc_column][\/vc_row]<\/p>\n<\/div>","protected":false},"excerpt":{"rendered":"<p>The association The French Friends of the Israel Museum supports the development of the Israel Museum in Jerusalem, both on a financial and a moral level. <\/p>\n","protected":false},"author":1,"featured_media":0,"parent":0,"menu_order":0,"comment_status":"closed","ping_status":"closed","template":"","meta":{"footnotes":""},"class_list":["post-2087","page","type-page","status-publish","hentry"],"yoast_head":"<!-- This site is optimized with the Yoast SEO plugin v27.0 - https:\/\/yoast.com\/product\/yoast-seo-wordpress\/ -->\n<title>The French Friends of the Israel Museum I EN<\/title>\n<meta name=\"description\" content=\"The association The French Friends of the Israel Museum supports the development of the Israel Museum in Jerusalem, both on a financial and a moral level.\" \/>\n<meta name=\"robots\" content=\"index, follow, max-snippet:-1, max-image-preview:large, max-video-preview:-1\" \/>\n<link rel=\"canonical\" href=\"https:\/\/www.associationafmi.com\/en\/\" \/>\n<meta property=\"og:locale\" content=\"en_US\" \/>\n<meta property=\"og:type\" content=\"article\" \/>\n<meta property=\"og:title\" content=\"The French Friends of the Israel Museum I EN\" \/>\n<meta property=\"og:description\" content=\"The association The French Friends of the Israel Museum supports the development of the Israel Museum in Jerusalem, both on a financial and a moral level.\" \/>\n<meta property=\"og:url\" content=\"https:\/\/www.associationafmi.com\/en\/\" \/>\n<meta property=\"og:site_name\" content=\"Association des Amis Fran\u00e7ais du Mus\u00e9e d&#039;Isra\u00ebll\" \/>\n<meta property=\"article:modified_time\" content=\"2023-01-30T08:52:21+00:00\" \/>\n<meta name=\"twitter:card\" content=\"summary_large_image\" \/>\n<meta name=\"twitter:label1\" content=\"Est. reading time\" \/>\n\t<meta name=\"twitter:data1\" content=\"2 minutes\" \/>\n<script type=\"application\/ld+json\" class=\"yoast-schema-graph\">{\"@context\":\"https:\/\/schema.org\",\"@graph\":[{\"@type\":\"WebPage\",\"@id\":\"https:\/\/www.associationafmi.com\/en\/\",\"url\":\"https:\/\/www.associationafmi.com\/en\/\",\"name\":\"The French Friends of the Israel Museum I EN\",\"isPartOf\":{\"@id\":\"https:\/\/www.associationafmi.com\/fr\/#website\"},\"datePublished\":\"2018-05-28T15:59:38+00:00\",\"dateModified\":\"2023-01-30T08:52:21+00:00\",\"description\":\"The association The French Friends of the Israel Museum supports the development of the Israel Museum in Jerusalem, both on a financial and a moral level.\",\"breadcrumb\":{\"@id\":\"https:\/\/www.associationafmi.com\/en\/#breadcrumb\"},\"inLanguage\":\"en-US\",\"potentialAction\":[{\"@type\":\"ReadAction\",\"target\":[\"https:\/\/www.associationafmi.com\/en\/\"]}]},{\"@type\":\"BreadcrumbList\",\"@id\":\"https:\/\/www.associationafmi.com\/en\/#breadcrumb\",\"itemListElement\":[{\"@type\":\"ListItem\",\"position\":1,\"name\":\"Accueil\",\"item\":\"https:\/\/www.associationafmi.com\/en\/\"},{\"@type\":\"ListItem\",\"position\":2,\"name\":\"The French Friends of the Israel Museum I EN\"}]},{\"@type\":\"WebSite\",\"@id\":\"https:\/\/www.associationafmi.com\/fr\/#website\",\"url\":\"https:\/\/www.associationafmi.com\/fr\/\",\"name\":\"Association des Amis Fran\u00e7ais du Mus\u00e9e d&#039;Isra\u00ebll\",\"description\":\"AFMI I Amis Fran\u00e7ais du Mus\u00e9e d&#039;Isra\u00ebl\",\"potentialAction\":[{\"@type\":\"SearchAction\",\"target\":{\"@type\":\"EntryPoint\",\"urlTemplate\":\"https:\/\/www.associationafmi.com\/fr\/?s={search_term_string}\"},\"query-input\":{\"@type\":\"PropertyValueSpecification\",\"valueRequired\":true,\"valueName\":\"search_term_string\"}}],\"inLanguage\":\"en-US\"}]}<\/script>\n<!-- \/ Yoast SEO plugin. -->","yoast_head_json":{"title":"The French Friends of the Israel Museum I EN","description":"The association The French Friends of the Israel Museum supports the development of the Israel Museum in Jerusalem, both on a financial and a moral level.","robots":{"index":"index","follow":"follow","max-snippet":"max-snippet:-1","max-image-preview":"max-image-preview:large","max-video-preview":"max-video-preview:-1"},"canonical":"https:\/\/www.associationafmi.com\/en\/","og_locale":"en_US","og_type":"article","og_title":"The French Friends of the Israel Museum I EN","og_description":"The association The French Friends of the Israel Museum supports the development of the Israel Museum in Jerusalem, both on a financial and a moral level.","og_url":"https:\/\/www.associationafmi.com\/en\/","og_site_name":"Association des Amis Fran\u00e7ais du Mus\u00e9e d&#039;Isra\u00ebll","article_modified_time":"2023-01-30T08:52:21+00:00","twitter_card":"summary_large_image","twitter_misc":{"Est. reading time":"2 minutes"},"schema":{"@context":"https:\/\/schema.org","@graph":[{"@type":"WebPage","@id":"https:\/\/www.associationafmi.com\/en\/","url":"https:\/\/www.associationafmi.com\/en\/","name":"The French Friends of the Israel Museum I EN","isPartOf":{"@id":"https:\/\/www.associationafmi.com\/fr\/#website"},"datePublished":"2018-05-28T15:59:38+00:00","dateModified":"2023-01-30T08:52:21+00:00","description":"The association The French Friends of the Israel Museum supports the development of the Israel Museum in Jerusalem, both on a financial and a moral level.","breadcrumb":{"@id":"https:\/\/www.associationafmi.com\/en\/#breadcrumb"},"inLanguage":"en-US","potentialAction":[{"@type":"ReadAction","target":["https:\/\/www.associationafmi.com\/en\/"]}]},{"@type":"BreadcrumbList","@id":"https:\/\/www.associationafmi.com\/en\/#breadcrumb","itemListElement":[{"@type":"ListItem","position":1,"name":"Accueil","item":"https:\/\/www.associationafmi.com\/en\/"},{"@type":"ListItem","position":2,"name":"The French Friends of the Israel Museum I EN"}]},{"@type":"WebSite","@id":"https:\/\/www.associationafmi.com\/fr\/#website","url":"https:\/\/www.associationafmi.com\/fr\/","name":"Association des Amis Fran\u00e7ais du Mus\u00e9e d&#039;Isra\u00ebll","description":"AFMI I Amis Fran\u00e7ais du Mus\u00e9e d&#039;Isra\u00ebl","potentialAction":[{"@type":"SearchAction","target":{"@type":"EntryPoint","urlTemplate":"https:\/\/www.associationafmi.com\/fr\/?s={search_term_string}"},"query-input":{"@type":"PropertyValueSpecification","valueRequired":true,"valueName":"search_term_string"}}],"inLanguage":"en-US"}]}},"_links":{"self":[{"href":"https:\/\/www.associationafmi.com\/en\/wp-json\/wp\/v2\/pages\/2087","targetHints":{"allow":["GET"]}}],"collection":[{"href":"https:\/\/www.associationafmi.com\/en\/wp-json\/wp\/v2\/pages"}],"about":[{"href":"https:\/\/www.associationafmi.com\/en\/wp-json\/wp\/v2\/types\/page"}],"author":[{"embeddable":true,"href":"https:\/\/www.associationafmi.com\/en\/wp-json\/wp\/v2\/users\/1"}],"replies":[{"embeddable":true,"href":"https:\/\/www.associationafmi.com\/en\/wp-json\/wp\/v2\/comments?post=2087"}],"version-history":[{"count":0,"href":"https:\/\/www.associationafmi.com\/en\/wp-json\/wp\/v2\/pages\/2087\/revisions"}],"wp:attachment":[{"href":"https:\/\/www.associationafmi.com\/en\/wp-json\/wp\/v2\/media?parent=2087"}],"curies":[{"name":"wp","href":"https:\/\/api.w.org\/{rel}","templated":true}]}}