{"id":2114,"date":"2011-05-18T08:57:11","date_gmt":"2011-05-18T08:57:11","guid":{"rendered":"https:\/\/www.associationafmi.com\/nous-soutenir\/"},"modified":"2018-07-19T15:51:53","modified_gmt":"2018-07-19T13:51:53","slug":"support-us","status":"publish","type":"page","link":"https:\/\/www.associationafmi.com\/en\/support-us\/","title":{"rendered":"Support us"},"content":{"rendered":"<div class=\"wpb-content-wrapper\"><p>[vc_row css=&#8221;.vc_custom_1532008222868{padding-right: 100px !important;padding-left: 100px !important;}&#8221;][vc_column css=&#8221;.vc_custom_1527582087916{padding-top: 50px !important;padding-bottom: 50px !important;}&#8221; col_shadow=&#8221;box_shadow_enable:disable|shadow_horizontal:0|shadow_vertical:15|shadow_blur:50|shadow_spread:0|box_shadow_color:rgba(0%2C0%2C0%2C0.35)&#8221; col_shadow_hover=&#8221;box_shadow_enable:disable|shadow_horizontal:0|shadow_vertical:15|shadow_blur:50|shadow_spread:0|box_shadow_color:rgba(0%2C0%2C0%2C0.35)&#8221;][dfd_heading subtitle=&#8221;&#8221; enable_delimiter=&#8221;&#8221; undefined=&#8221;&#8221; title_font_options=&#8221;tag:h1|font_size:30|line_height:35|letter_spacing:1&#8243; subtitle_font_options=&#8221;tag:div&#8221;]Support us[\/dfd_heading][dfd_single_image enable_retina=&#8221;&#8221; image=&#8221;2445&#8243; tutorials=&#8221;&#8221;][dfd_spacer screen_wide_spacer_size=&#8221;50&#8243; screen_normal_resolution=&#8221;1024&#8243; screen_tablet_resolution=&#8221;800&#8243; screen_mobile_resolution=&#8221;480&#8243; tutorials=&#8221;&#8221;][dfd_heading subtitle=&#8221;&#8221; enable_delimiter=&#8221;&#8221; undefined=&#8221;&#8221; title_font_options=&#8221;tag:h2|font_size:20|line_height:35|letter_spacing:1&#8243; subtitle_font_options=&#8221;tag:div&#8221;]DONATION AS A SUM OF MONEY OR IN THE WORK OF ART,<br \/>\nAFMI is an association declared law 1901.[\/dfd_heading][\/vc_column][\/vc_row][vc_row dfd_row_responsive_enable=&#8221;dfd-row-responsive-enable&#8221; css=&#8221;.vc_custom_1531926833735{padding-right: 200px !important;padding-bottom: 100px !important;padding-left: 200px !important;}&#8221; responsive_styles=&#8221;padding_top_mobile:10|padding_bottom_mobile:10|padding_left_mobile:10|padding_right_mobile:10&#8243;][vc_column width=&#8221;1\/2&#8243;][dfd_heading subtitle=&#8221;&#8221; content_alignment=&#8221;text-left&#8221; enable_delimiter=&#8221;&#8221; undefined=&#8221;&#8221; title_font_options=&#8221;tag:h3|font_size:15|letter_spacing:1&#8243; title_google_fonts=&#8221;yes&#8221; title_custom_fonts=&#8221;font_family:Roboto%3A100%2C100italic%2C300%2C300italic%2Cregular%2Citalic%2C500%2C500italic%2C700%2C700italic%2C900%2C900italic|font_style:100%20light%20regular%3A100%3Anormal&#8221; subtitle_font_options=&#8221;tag:div&#8221;]Give for the development of the Israel Museum[\/dfd_heading][vc_column_text]The 2010 celebration of the museum\u2019s renovation has been an opportunity for the international press and public to rediscover and reveal the extraordinary quality of the contemporary collection curated by Suzanne Landau.<\/p>\n<p>Through its acquisitions, the AFMI endeavors to increase the quality of the contemporary art collection of the Israel Museum. Its only resources are membership and donations.<\/p>\n<p>If you wish to make a donation, we can assure you that whatever the amount, your money will be used exclusively to buy works of art for the Israel Museum.<\/p>\n<p>AFMI is registered under the French law of 1901 as a non-profit organization, and donators can benefit from tax advantages.<\/p>\n<p>[\/vc_column_text][\/vc_column][vc_column width=&#8221;1\/2&#8243;][dfd_single_image enable_retina=&#8221;&#8221; image=&#8221;2324&#8243;][dfd_spacer screen_wide_spacer_size=&#8221;10&#8243; screen_normal_resolution=&#8221;1024&#8243; screen_tablet_resolution=&#8221;800&#8243; screen_mobile_resolution=&#8221;480&#8243;][dfd_single_image enable_retina=&#8221;&#8221; image=&#8221;2293&#8243; tutorials=&#8221;&#8221;][\/vc_column][\/vc_row][vc_row dfd_row_responsive_enable=&#8221;dfd-row-responsive-enable&#8221; css=&#8221;.vc_custom_1527580010515{padding-top: 100px !important;padding-right: 200px !important;padding-bottom: 100px !important;padding-left: 200px !important;}&#8221; responsive_styles=&#8221;padding_top_mobile:10|padding_bottom_mobile:10|padding_left_mobile:10|padding_right_mobile:10&#8243;][vc_column width=&#8221;1\/2&#8243;][dfd_single_image enable_retina=&#8221;&#8221; image=&#8221;2327&#8243;][\/vc_column][vc_column width=&#8221;1\/2&#8243;][dfd_heading subtitle=&#8221;&#8221; content_alignment=&#8221;text-left&#8221; enable_delimiter=&#8221;&#8221; undefined=&#8221;&#8221; title_font_options=&#8221;tag:h3|font_size:15|letter_spacing:1&#8243; title_google_fonts=&#8221;yes&#8221; title_custom_fonts=&#8221;font_family:Roboto%3A100%2C100italic%2C300%2C300italic%2Cregular%2Citalic%2C500%2C500italic%2C700%2C700italic%2C900%2C900italic|font_style:100%20light%20regular%3A100%3Anormal&#8221; subtitle_font_options=&#8221;tag:div&#8221;]Association[\/dfd_heading][vc_column_text]Whether you are an individual or a company, you can support the French Friends of the Jerusalem Museum by giving him gifts. These gifts can take many forms.<\/p>\n<p>We are an association declared law 1901.<\/p>\n<p>As a result, the gifts granted to it benefit from particularly attractive tax advantages, in the legal and fiscal framework of the law of 1 August 2003.[\/vc_column_text][\/vc_column][\/vc_row][vc_row dfd_row_responsive_enable=&#8221;dfd-row-responsive-enable&#8221; css=&#8221;.vc_custom_1527580010515{padding-top: 100px !important;padding-right: 200px !important;padding-bottom: 100px !important;padding-left: 200px !important;}&#8221; responsive_styles=&#8221;padding_top_mobile:10|padding_bottom_mobile:10|padding_left_mobile:10|padding_right_mobile:10&#8243;][vc_column width=&#8221;1\/2&#8243;][dfd_heading subtitle=&#8221;&#8221; content_alignment=&#8221;text-left&#8221; enable_delimiter=&#8221;&#8221; undefined=&#8221;&#8221; title_font_options=&#8221;tag:h3|font_size:15|letter_spacing:1&#8243; title_google_fonts=&#8221;yes&#8221; title_custom_fonts=&#8221;font_family:Roboto%3A100%2C100italic%2C300%2C300italic%2Cregular%2Citalic%2C500%2C500italic%2C700%2C700italic%2C900%2C900italic|font_style:100%20light%20regular%3A100%3Anormal&#8221; subtitle_font_options=&#8221;tag:div&#8221;]Donation[\/dfd_heading][vc_column_text]To carry out its mission and buy quality works on the art market, we can only rely on our own resources: contributions, donations and legacies.<\/p>\n<p>You are an art lover, you want to protect them and make them accessible to the greatest number, make a donation.<\/p>\n<p>Whatever the amount, you can be assured that it will be used to purchase works of art.<\/p>\n<p>This financial support is governed by the same tax and legal rules as traditional donations.[\/vc_column_text][\/vc_column][vc_column width=&#8221;1\/2&#8243;][dfd_single_image enable_retina=&#8221;&#8221; image=&#8221;2329&#8243;][\/vc_column][\/vc_row][vc_row dfd_row_responsive_enable=&#8221;dfd-row-responsive-enable&#8221; css=&#8221;.vc_custom_1527580010515{padding-top: 100px !important;padding-right: 200px !important;padding-bottom: 100px !important;padding-left: 200px !important;}&#8221; responsive_styles=&#8221;padding_top_mobile:10|padding_bottom_mobile:10|padding_left_mobile:10|padding_right_mobile:10&#8243;][vc_column width=&#8221;1\/2&#8243;][dfd_single_image enable_retina=&#8221;&#8221; image=&#8221;2332&#8243;][\/vc_column][vc_column width=&#8221;1\/2&#8243;][dfd_spacer screen_wide_spacer_size=&#8221;30&#8243; screen_normal_resolution=&#8221;1024&#8243; screen_tablet_resolution=&#8221;800&#8243; screen_mobile_resolution=&#8221;480&#8243; tutorials=&#8221;&#8221;][dfd_heading subtitle=&#8221;&#8221; content_alignment=&#8221;text-left&#8221; enable_delimiter=&#8221;&#8221; undefined=&#8221;&#8221; title_font_options=&#8221;tag:h3|font_size:15|letter_spacing:1&#8243; title_google_fonts=&#8221;yes&#8221; title_custom_fonts=&#8221;font_family:Roboto%3A100%2C100italic%2C300%2C300italic%2Cregular%2Citalic%2C500%2C500italic%2C700%2C700italic%2C900%2C900italic|font_style:100%20light%20regular%3A100%3Anormal&#8221; subtitle_font_options=&#8221;tag:div&#8221;]Gift of art works[\/dfd_heading][vc_column_text]It is a long tradition in the history of the French Friends of the Israel Museum to allow the entry of quality works in the collections of the Museum.<\/p>\n<p>These donations can be made as usufruct.<\/p>\n<p>[\/vc_column_text][\/vc_column][\/vc_row][vc_row][vc_column dfd_column_responsive_enable=&#8221;dfd-column-responsive-enable&#8221; css=&#8221;.vc_custom_1528702057430{padding-right: 300px !important;padding-left: 300px !important;}&#8221; col_shadow=&#8221;box_shadow_enable:disable|shadow_horizontal:0|shadow_vertical:15|shadow_blur:50|shadow_spread:0|box_shadow_color:rgba(0%2C0%2C0%2C0.35)&#8221; col_shadow_hover=&#8221;box_shadow_enable:disable|shadow_horizontal:0|shadow_vertical:15|shadow_blur:50|shadow_spread:0|box_shadow_color:rgba(0%2C0%2C0%2C0.35)&#8221; responsive_styles=&#8221;padding_left_tablet:10|padding_right_tablet:1|padding_left_mobile:10|padding_right_mobile:10&#8243;][dfd_heading subtitle=&#8221;&#8221; enable_delimiter=&#8221;&#8221; undefined=&#8221;&#8221; title_font_options=&#8221;tag:h3|font_size:15|letter_spacing:1&#8243; title_google_fonts=&#8221;yes&#8221; title_custom_fonts=&#8221;font_family:Roboto%3A100%2C100italic%2C300%2C300italic%2Cregular%2Citalic%2C500%2C500italic%2C700%2C700italic%2C900%2C900italic|font_style:100%20light%20regular%3A100%3Anormal&#8221; subtitle_font_options=&#8221;tag:div&#8221;]Legal and statutory framework[\/dfd_heading][vc_column_text]<strong>Donations made by individuals<\/strong><\/p>\n<p>The rate of the tax deduction is equal to 66% of the sums paid, deducted within the annual limit of 20% of the taxable income.<\/p>\n<p>When donations exceed this limit, the excess is carried over successively over the next five years and entitles you to the tax reduction under the same conditions.<\/p>\n<p><strong>Donations made by companies<\/strong><\/p>\n<p>All companies subject to corporation tax or income tax in the category of BIC, NBC or BA.<\/p>\n<p>Individual operators have the choice between the scheme of sponsorship provided to companies and the application of rules regarding individuals.<\/p>\n<p>Payments made under the patronage entitle to a tax reduction at the rate of 60% of their amount within the limit of 5 per thousand of the annual turnover.<\/p>\n<p>A mechanism to carry surplus donations is planned.<\/p>\n<p>Donations exceeding the limit of 5 per thousand may allow tax benefit in one of the following five years after taking into account the payments made in each of the years, subject to the limit of each exercise.<\/p>\n<p>For enterprises subject to income tax, this tax reduction is deducted from the tax due for the year in which the payments are made.<\/p>\n<p>The excess of the tax reduction over the amount of tax owing may be used to pay the tax for one of the following five years.<\/p>\n<p>For companies subject to corporation tax, the deduction of the tax reduction is made on the balance of the corporation tax due for the year in which the payments were made.[\/vc_column_text][\/vc_column][\/vc_row]<\/p>\n<\/div>","protected":false},"excerpt":{"rendered":"<p>[vc_row css=&#8221;.vc_custom_1532008222868{padding-right: 100px !important;padding-left: 100px !important;}&#8221;][vc_column css=&#8221;.vc_custom_1527582087916{padding-top: 50px !important;padding-bottom: 50px !important;}&#8221; col_shadow=&#8221;box_shadow_enable:disable|shadow_horizontal:0|shadow_vertical:15|shadow_blur:50|shadow_spread:0|box_shadow_color:rgba(0%2C0%2C0%2C0.35)&#8221; col_shadow_hover=&#8221;box_shadow_enable:disable|shadow_horizontal:0|shadow_vertical:15|shadow_blur:50|shadow_spread:0|box_shadow_color:rgba(0%2C0%2C0%2C0.35)&#8221;][dfd_heading subtitle=&#8221;&#8221; enable_delimiter=&#8221;&#8221; undefined=&#8221;&#8221; title_font_options=&#8221;tag:h1|font_size:30|line_height:35|letter_spacing:1&#8243; subtitle_font_options=&#8221;tag:div&#8221;]Support us[\/dfd_heading][dfd_single_image enable_retina=&#8221;&#8221; image=&#8221;2445&#8243; tutorials=&#8221;&#8221;][dfd_spacer screen_wide_spacer_size=&#8221;50&#8243; screen_normal_resolution=&#8221;1024&#8243; screen_tablet_resolution=&#8221;800&#8243; screen_mobile_resolution=&#8221;480&#8243; tutorials=&#8221;&#8221;][dfd_heading subtitle=&#8221;&#8221; enable_delimiter=&#8221;&#8221; undefined=&#8221;&#8221;<\/p>\n","protected":false},"author":1,"featured_media":0,"parent":0,"menu_order":12,"comment_status":"open","ping_status":"open","template":"","meta":{"footnotes":""},"class_list":["post-2114","page","type-page","status-publish","hentry"],"yoast_head":"<!-- This site is optimized with the Yoast SEO plugin v27.0 - https:\/\/yoast.com\/product\/yoast-seo-wordpress\/ -->\n<title>Support us - Association des Amis Fran\u00e7ais du Mus\u00e9e d&#039;Isra\u00ebll<\/title>\n<meta name=\"robots\" content=\"index, follow, max-snippet:-1, max-image-preview:large, max-video-preview:-1\" \/>\n<link rel=\"canonical\" href=\"https:\/\/www.associationafmi.com\/en\/support-us\/\" \/>\n<meta property=\"og:locale\" content=\"en_US\" \/>\n<meta property=\"og:type\" content=\"article\" \/>\n<meta property=\"og:title\" content=\"Support us - Association des Amis Fran\u00e7ais du Mus\u00e9e d&#039;Isra\u00ebll\" \/>\n<meta property=\"og:description\" content=\"[vc_row css=&#8221;.vc_custom_1532008222868{padding-right: 100px !important;padding-left: 100px !important;}&#8221;][vc_column css=&#8221;.vc_custom_1527582087916{padding-top: 50px !important;padding-bottom: 50px !important;}&#8221; col_shadow=&#8221;box_shadow_enable:disable|shadow_horizontal:0|shadow_vertical:15|shadow_blur:50|shadow_spread:0|box_shadow_color:rgba(0%2C0%2C0%2C0.35)&#8221; col_shadow_hover=&#8221;box_shadow_enable:disable|shadow_horizontal:0|shadow_vertical:15|shadow_blur:50|shadow_spread:0|box_shadow_color:rgba(0%2C0%2C0%2C0.35)&#8221;][dfd_heading subtitle=&#8221;&#8221; enable_delimiter=&#8221;&#8221; undefined=&#8221;&#8221; title_font_options=&#8221;tag:h1|font_size:30|line_height:35|letter_spacing:1&#8243; subtitle_font_options=&#8221;tag:div&#8221;]Support us[\/dfd_heading][dfd_single_image enable_retina=&#8221;&#8221; image=&#8221;2445&#8243; tutorials=&#8221;&#8221;][dfd_spacer screen_wide_spacer_size=&#8221;50&#8243; screen_normal_resolution=&#8221;1024&#8243; screen_tablet_resolution=&#8221;800&#8243; screen_mobile_resolution=&#8221;480&#8243; tutorials=&#8221;&#8221;][dfd_heading subtitle=&#8221;&#8221; enable_delimiter=&#8221;&#8221; undefined=&#8221;&#8221;\" \/>\n<meta property=\"og:url\" content=\"https:\/\/www.associationafmi.com\/en\/support-us\/\" \/>\n<meta property=\"og:site_name\" content=\"Association des Amis Fran\u00e7ais du Mus\u00e9e d&#039;Isra\u00ebll\" \/>\n<meta property=\"article:modified_time\" content=\"2018-07-19T13:51:53+00:00\" \/>\n<meta name=\"twitter:card\" content=\"summary_large_image\" \/>\n<meta name=\"twitter:label1\" content=\"Est. reading time\" \/>\n\t<meta name=\"twitter:data1\" content=\"7 minutes\" \/>\n<script type=\"application\/ld+json\" class=\"yoast-schema-graph\">{\"@context\":\"https:\/\/schema.org\",\"@graph\":[{\"@type\":\"WebPage\",\"@id\":\"https:\/\/www.associationafmi.com\/en\/support-us\/\",\"url\":\"https:\/\/www.associationafmi.com\/en\/support-us\/\",\"name\":\"Support us - Association des Amis Fran\u00e7ais du Mus\u00e9e d&#039;Isra\u00ebll\",\"isPartOf\":{\"@id\":\"https:\/\/www.associationafmi.com\/fr\/#website\"},\"datePublished\":\"2011-05-18T08:57:11+00:00\",\"dateModified\":\"2018-07-19T13:51:53+00:00\",\"breadcrumb\":{\"@id\":\"https:\/\/www.associationafmi.com\/en\/support-us\/#breadcrumb\"},\"inLanguage\":\"en-US\",\"potentialAction\":[{\"@type\":\"ReadAction\",\"target\":[\"https:\/\/www.associationafmi.com\/en\/support-us\/\"]}]},{\"@type\":\"BreadcrumbList\",\"@id\":\"https:\/\/www.associationafmi.com\/en\/support-us\/#breadcrumb\",\"itemListElement\":[{\"@type\":\"ListItem\",\"position\":1,\"name\":\"Accueil\",\"item\":\"https:\/\/www.associationafmi.com\/en\/\"},{\"@type\":\"ListItem\",\"position\":2,\"name\":\"Support us\"}]},{\"@type\":\"WebSite\",\"@id\":\"https:\/\/www.associationafmi.com\/fr\/#website\",\"url\":\"https:\/\/www.associationafmi.com\/fr\/\",\"name\":\"Association des Amis Fran\u00e7ais du Mus\u00e9e d&#039;Isra\u00ebll\",\"description\":\"AFMI I Amis Fran\u00e7ais du Mus\u00e9e d&#039;Isra\u00ebl\",\"potentialAction\":[{\"@type\":\"SearchAction\",\"target\":{\"@type\":\"EntryPoint\",\"urlTemplate\":\"https:\/\/www.associationafmi.com\/fr\/?s={search_term_string}\"},\"query-input\":{\"@type\":\"PropertyValueSpecification\",\"valueRequired\":true,\"valueName\":\"search_term_string\"}}],\"inLanguage\":\"en-US\"}]}<\/script>\n<!-- \/ Yoast SEO plugin. -->","yoast_head_json":{"title":"Support us - Association des Amis Fran\u00e7ais du Mus\u00e9e d&#039;Isra\u00ebll","robots":{"index":"index","follow":"follow","max-snippet":"max-snippet:-1","max-image-preview":"max-image-preview:large","max-video-preview":"max-video-preview:-1"},"canonical":"https:\/\/www.associationafmi.com\/en\/support-us\/","og_locale":"en_US","og_type":"article","og_title":"Support us - Association des Amis Fran\u00e7ais du Mus\u00e9e d&#039;Isra\u00ebll","og_description":"[vc_row css=&#8221;.vc_custom_1532008222868{padding-right: 100px !important;padding-left: 100px !important;}&#8221;][vc_column css=&#8221;.vc_custom_1527582087916{padding-top: 50px !important;padding-bottom: 50px !important;}&#8221; col_shadow=&#8221;box_shadow_enable:disable|shadow_horizontal:0|shadow_vertical:15|shadow_blur:50|shadow_spread:0|box_shadow_color:rgba(0%2C0%2C0%2C0.35)&#8221; col_shadow_hover=&#8221;box_shadow_enable:disable|shadow_horizontal:0|shadow_vertical:15|shadow_blur:50|shadow_spread:0|box_shadow_color:rgba(0%2C0%2C0%2C0.35)&#8221;][dfd_heading subtitle=&#8221;&#8221; enable_delimiter=&#8221;&#8221; undefined=&#8221;&#8221; title_font_options=&#8221;tag:h1|font_size:30|line_height:35|letter_spacing:1&#8243; subtitle_font_options=&#8221;tag:div&#8221;]Support us[\/dfd_heading][dfd_single_image enable_retina=&#8221;&#8221; image=&#8221;2445&#8243; tutorials=&#8221;&#8221;][dfd_spacer screen_wide_spacer_size=&#8221;50&#8243; screen_normal_resolution=&#8221;1024&#8243; screen_tablet_resolution=&#8221;800&#8243; screen_mobile_resolution=&#8221;480&#8243; tutorials=&#8221;&#8221;][dfd_heading subtitle=&#8221;&#8221; enable_delimiter=&#8221;&#8221; undefined=&#8221;&#8221;","og_url":"https:\/\/www.associationafmi.com\/en\/support-us\/","og_site_name":"Association des Amis Fran\u00e7ais du Mus\u00e9e d&#039;Isra\u00ebll","article_modified_time":"2018-07-19T13:51:53+00:00","twitter_card":"summary_large_image","twitter_misc":{"Est. reading time":"7 minutes"},"schema":{"@context":"https:\/\/schema.org","@graph":[{"@type":"WebPage","@id":"https:\/\/www.associationafmi.com\/en\/support-us\/","url":"https:\/\/www.associationafmi.com\/en\/support-us\/","name":"Support us - Association des Amis Fran\u00e7ais du Mus\u00e9e d&#039;Isra\u00ebll","isPartOf":{"@id":"https:\/\/www.associationafmi.com\/fr\/#website"},"datePublished":"2011-05-18T08:57:11+00:00","dateModified":"2018-07-19T13:51:53+00:00","breadcrumb":{"@id":"https:\/\/www.associationafmi.com\/en\/support-us\/#breadcrumb"},"inLanguage":"en-US","potentialAction":[{"@type":"ReadAction","target":["https:\/\/www.associationafmi.com\/en\/support-us\/"]}]},{"@type":"BreadcrumbList","@id":"https:\/\/www.associationafmi.com\/en\/support-us\/#breadcrumb","itemListElement":[{"@type":"ListItem","position":1,"name":"Accueil","item":"https:\/\/www.associationafmi.com\/en\/"},{"@type":"ListItem","position":2,"name":"Support us"}]},{"@type":"WebSite","@id":"https:\/\/www.associationafmi.com\/fr\/#website","url":"https:\/\/www.associationafmi.com\/fr\/","name":"Association des Amis Fran\u00e7ais du Mus\u00e9e d&#039;Isra\u00ebll","description":"AFMI I Amis Fran\u00e7ais du Mus\u00e9e d&#039;Isra\u00ebl","potentialAction":[{"@type":"SearchAction","target":{"@type":"EntryPoint","urlTemplate":"https:\/\/www.associationafmi.com\/fr\/?s={search_term_string}"},"query-input":{"@type":"PropertyValueSpecification","valueRequired":true,"valueName":"search_term_string"}}],"inLanguage":"en-US"}]}},"_links":{"self":[{"href":"https:\/\/www.associationafmi.com\/en\/wp-json\/wp\/v2\/pages\/2114","targetHints":{"allow":["GET"]}}],"collection":[{"href":"https:\/\/www.associationafmi.com\/en\/wp-json\/wp\/v2\/pages"}],"about":[{"href":"https:\/\/www.associationafmi.com\/en\/wp-json\/wp\/v2\/types\/page"}],"author":[{"embeddable":true,"href":"https:\/\/www.associationafmi.com\/en\/wp-json\/wp\/v2\/users\/1"}],"replies":[{"embeddable":true,"href":"https:\/\/www.associationafmi.com\/en\/wp-json\/wp\/v2\/comments?post=2114"}],"version-history":[{"count":0,"href":"https:\/\/www.associationafmi.com\/en\/wp-json\/wp\/v2\/pages\/2114\/revisions"}],"wp:attachment":[{"href":"https:\/\/www.associationafmi.com\/en\/wp-json\/wp\/v2\/media?parent=2114"}],"curies":[{"name":"wp","href":"https:\/\/api.w.org\/{rel}","templated":true}]}}