{"id":2490,"date":"2018-06-11T09:55:55","date_gmt":"2018-06-11T07:55:55","guid":{"rendered":"https:\/\/www.associationafmi.com\/informations-legales\/"},"modified":"2018-07-24T10:26:12","modified_gmt":"2018-07-24T08:26:12","slug":"legal","status":"publish","type":"page","link":"https:\/\/www.associationafmi.com\/en\/legal\/","title":{"rendered":"Legal information"},"content":{"rendered":"<div class=\"wpb-content-wrapper\"><p>[vc_row dfd_row_responsive_enable=&#8221;dfd-row-responsive-enable&#8221; css=&#8221;.vc_custom_1528703746146{padding-top: 50px !important;padding-right: 300px !important;padding-bottom: 100px !important;padding-left: 300px !important;}&#8221; responsive_styles=&#8221;padding_top_mobile:10|padding_bottom_mobile:10|padding_left_mobile:10|padding_right_mobile:10&#8243;][vc_column][dfd_heading subtitle=&#8221;&#8221; enable_delimiter=&#8221;&#8221; undefined=&#8221;&#8221; title_font_options=&#8221;tag:h1|font_size:30|line_height:35|letter_spacing:1&#8243; subtitle_font_options=&#8221;tag:div&#8221;]Informations l\u00e9gales[\/dfd_heading][dfd_single_image enable_retina=&#8221;&#8221; image=&#8221;2447&#8243;][dfd_spacer screen_wide_spacer_size=&#8221;50&#8243; screen_normal_resolution=&#8221;1024&#8243; screen_tablet_resolution=&#8221;800&#8243; screen_mobile_resolution=&#8221;480&#8243; tutorials=&#8221;&#8221;][vc_column_text]<strong>H\u00e9bergement<\/strong><\/p>\n<p>Site h\u00e9berg\u00e9 par OVH SAS au capital de 10 069 020 \u20ac RCS Lille M\u00e9tropole 424 761 419 00045<br \/>\nCode APE 2620Z N\u00b0 TVA : FR 22 424 761 419 Si\u00e8ge social : 2 rue Kellermann &#8211; 59100 Roubaix &#8211; France<\/p>\n<p><strong>Responsable de la publication<\/strong><\/p>\n<p>Caroline Davidovici Directrice Administrative<br \/>\n124, avenue de Villiers 75017 Paris, France<br \/>\nTel\/Fax : +33 (0)1 47 23 58 28[\/vc_column_text][dfd_spacer screen_wide_spacer_size=&#8221;10&#8243; screen_normal_resolution=&#8221;1024&#8243; screen_tablet_resolution=&#8221;800&#8243; screen_mobile_resolution=&#8221;480&#8243;][dfd_heading subtitle=&#8221;&#8221; content_alignment=&#8221;text-left&#8221; enable_delimiter=&#8221;&#8221; undefined=&#8221;&#8221; title_font_options=&#8221;tag:h3|font_size:15|letter_spacing:1&#8243; title_google_fonts=&#8221;yes&#8221; title_custom_fonts=&#8221;font_family:Roboto%3A100%2C100italic%2C300%2C300italic%2Cregular%2Citalic%2C500%2C500italic%2C700%2C700italic%2C900%2C900italic|font_style:100%20light%20regular%3A100%3Anormal&#8221; subtitle_font_options=&#8221;tag:div&#8221;]Cr\u00e9dit photo[\/dfd_heading][vc_column_text]\u00a9 Christian Boltanski<br \/>\nPhoto \u00a9 The Israel Museum by Meidad Suchowolski<\/p>\n<p>Route of passage with Arp Jean, Giant Pip 1937 \u2013 B99_1989<br \/>\nOlafur Eliasson<br \/>\nBorn Denmark 1967, active Copenhagen and Berlin<br \/>\nWhenever the Rainbow Appears<br \/>\n2010<br \/>\n360 oil paintings on canvas<br \/>\n230 x 3.7 cm each, 230 x 1336 cm overall<br \/>\nPurchased through the gift of Alice and Thomas Tisch, New York,<br \/>\nto American Friends of the Israel Museum<br \/>\n\u00a9 The artist<br \/>\nAccession number:<br \/>\nB10.0398<\/p>\n<p>Jean (Hans) Arp<br \/>\nFrench, active France, Germany, and Switzerland, 1886-1966<br \/>\nGiant Pip (Pepin geant)<br \/>\n1937<br \/>\nBronze<br \/>\n162.2 x 125 x 77 cm<br \/>\nThe Arthur and Madeleine Chalette Lejwa Collection, bequeathed by Madeleine Chalette Lejwa, New York, to American Friends of the Israel Museum<br \/>\n\u00a9 VG Bild-Kunst, Bonn<br \/>\nAccession number:<br \/>\nB99.1989<\/p>\n<p>\u00a9 Timothy Hursley, for the Israel Museum, Jerusalem<br \/>\n2015 NEW Upper entrance hall with Coley Nathan, Ohad Memori, Damien Hirst<br \/>\nOhad Meromi<br \/>\nIsraeli, born 1967<br \/>\nThe Boy from South Tel Aviv<br \/>\n2001<br \/>\nStyrofoam, paper, hair, plastic beads<br \/>\nH: 600; W: 150 cm<br \/>\nAnonymous gift in honor of Chonnikarn, Elijah, Jordan, Noah, Phuntsho, Yair, Yuval, Zara, and all the children of the Middle East<br \/>\nAccession number:<br \/>\nB08.0926<\/p>\n<p>Nathan Coley<br \/>\nBorn Scotland 1967<br \/>\nGathering of Strangers<br \/>\n2007<br \/>\nFairground light bulbs, aluminum frames, scaffolding<br \/>\n45 x 990 cm<br \/>\nPurchase, West Coast Acquisitions Committee of American Friends of the Israel Museum<br \/>\n\u00a9 The artist<br \/>\nAccession number:<br \/>\nB14.0627<\/p>\n<p>Damien Hirst<br \/>\nBorn UK 1965<br \/>\nL-Leucine-15-N<br \/>\n2001<br \/>\nHousehold gloss on canvas<br \/>\n294.6 x 1209 cm<br \/>\nExtended loan from Jose and Mary Mugrabi, New York<br \/>\n\u00a9 The artist<br \/>\nAccession number:<br \/>\nL-B05.0205<\/p>\n<p>Photo \u00a9 The Israel Museum, Jerusalem by Elie Posner<br \/>\nAbakanowicz Magdalena, Negev, 1987 \u2013 B87_894 (1)<br \/>\nMagdalena Abakanowicz<br \/>\nBorn Poland 1930<br \/>\nNegev<br \/>\n1987<br \/>\nLimestone<br \/>\n280 (diameter) x 3,500 cm<br \/>\nBirthday gift to Rudolph B. Schulhof from Hannelore B. Schulhof, New York, to American Friends of the Israel Museum<br \/>\n\u00a9 The artist<br \/>\nAccession number:<br \/>\nB87.0894<br \/>\n889<\/p>\n<p>Photo \u00a9 The Israel Museum, Jerusalem by Elie Posner<br \/>\nIndiana, Robert, AHAVA, 1977 \u2013 B79_0115.tif<br \/>\nRobert Indiana<br \/>\nAmerican, born 1928<br \/>\nAhava, 1977<br \/>\nCorten steel, 350 X 344 X 183 cm<br \/>\nThe Israel Museum, Jerusalem<br \/>\nTo the People of Israel in the spirit of international brotherhood<br \/>\nGift of Beverly and Dr. Raymond Sackler, Connecticut, to American Friends of the Israel Museum<br \/>\nB79.0115<br \/>\nPhoto (c) The Israel Museum, Jerusalem by Elie Posner<br \/>\nThe European Art galleries (7)<\/p>\n<p>Photo (c) The Israel Museum, Jerusalem, by Elie Posner<br \/>\nThe Israel Museum, Jerusalem, 2011 (3) Photo Tim Hursley<br \/>\nClaes Oldenburg, born Sweden 1929, and Coosje van Bruggen, born Netherlands 1942, both active in the US<br \/>\nApple Core<br \/>\n1992<br \/>\nCast aluminum coated with resin and painted with polyurethane enamel<br \/>\n300 x 200 x 200 cm<br \/>\nGift of Morton and Barbara Mandel, Cleveland, to American Friends of the Israel Museum<br \/>\n\u00a9 The artists<br \/>\nAccession number:<br \/>\nB93.0617<\/p>\n<p>\u00a9 Timothy Hursley, for The Israel Museum, Jerusalem<br \/>\nThe Israel Museum, Jerusalem, 2011 (17) Tim Hursley<\/p>\n<p>\u00a9 Timothy Hursley, for The Israel Museum, Jerusalem<br \/>\nView of Billy Rose Art Garden with Moore Henry Three piece Sculpture, Vertebrae,~B72_1277<br \/>\nView of Billy Rose Art garden with:<br \/>\nHenry Moore<br \/>\nBritish, 1898\u20131986<br \/>\nThree-piece Sculpture: Vertebrae<br \/>\nBronze<br \/>\nH. 268 cm, base 710 x 355 cm<br \/>\nGift of the artist and of the British Friends of the Art Museums of Israel<br \/>\n\u00a9 The Henry Moore Foundation, Much Hadham, Herfordshire, England.<br \/>\nAccession number: B72.1277<br \/>\nPhoto \u00a9 The Israel Museum, Jerusalem by Eli Posner<br \/>\nLipschitz Collection Galley (1)<br \/>\nLifchitz Collection Gallery<br \/>\nThe Israel Museum, Jerusalem, 2010<br \/>\nPhoto \u00a9 The Israel Museum, Jerusalem, by Elie Posner[\/vc_column_text][\/vc_column][\/vc_row]<\/p>\n<\/div>","protected":false},"excerpt":{"rendered":"<p>[vc_row dfd_row_responsive_enable=&#8221;dfd-row-responsive-enable&#8221; css=&#8221;.vc_custom_1528703746146{padding-top: 50px !important;padding-right: 300px !important;padding-bottom: 100px !important;padding-left: 300px !important;}&#8221; responsive_styles=&#8221;padding_top_mobile:10|padding_bottom_mobile:10|padding_left_mobile:10|padding_right_mobile:10&#8243;][vc_column][dfd_heading subtitle=&#8221;&#8221; enable_delimiter=&#8221;&#8221; undefined=&#8221;&#8221; title_font_options=&#8221;tag:h1|font_size:30|line_height:35|letter_spacing:1&#8243; subtitle_font_options=&#8221;tag:div&#8221;]Informations l\u00e9gales[\/dfd_heading][dfd_single_image enable_retina=&#8221;&#8221; image=&#8221;2447&#8243;][dfd_spacer screen_wide_spacer_size=&#8221;50&#8243; screen_normal_resolution=&#8221;1024&#8243; screen_tablet_resolution=&#8221;800&#8243; screen_mobile_resolution=&#8221;480&#8243; tutorials=&#8221;&#8221;][vc_column_text]H\u00e9bergement Site h\u00e9berg\u00e9 par OVH SAS<\/p>\n","protected":false},"author":1,"featured_media":0,"parent":0,"menu_order":0,"comment_status":"closed","ping_status":"closed","template":"","meta":{"footnotes":""},"class_list":["post-2490","page","type-page","status-publish","hentry"],"yoast_head":"<!-- This site is optimized with the Yoast SEO plugin v27.0 - https:\/\/yoast.com\/product\/yoast-seo-wordpress\/ -->\n<title>Legal information - Association des Amis Fran\u00e7ais du Mus\u00e9e d&#039;Isra\u00ebll<\/title>\n<meta name=\"robots\" content=\"index, follow, max-snippet:-1, max-image-preview:large, max-video-preview:-1\" \/>\n<link rel=\"canonical\" href=\"https:\/\/www.associationafmi.com\/en\/legal\/\" \/>\n<meta property=\"og:locale\" content=\"en_US\" \/>\n<meta property=\"og:type\" content=\"article\" \/>\n<meta property=\"og:title\" content=\"Legal information - Association des Amis Fran\u00e7ais du Mus\u00e9e d&#039;Isra\u00ebll\" \/>\n<meta property=\"og:description\" content=\"[vc_row dfd_row_responsive_enable=&#8221;dfd-row-responsive-enable&#8221; css=&#8221;.vc_custom_1528703746146{padding-top: 50px !important;padding-right: 300px !important;padding-bottom: 100px !important;padding-left: 300px !important;}&#8221; responsive_styles=&#8221;padding_top_mobile:10|padding_bottom_mobile:10|padding_left_mobile:10|padding_right_mobile:10&#8243;][vc_column][dfd_heading subtitle=&#8221;&#8221; enable_delimiter=&#8221;&#8221; undefined=&#8221;&#8221; title_font_options=&#8221;tag:h1|font_size:30|line_height:35|letter_spacing:1&#8243; subtitle_font_options=&#8221;tag:div&#8221;]Informations l\u00e9gales[\/dfd_heading][dfd_single_image enable_retina=&#8221;&#8221; image=&#8221;2447&#8243;][dfd_spacer screen_wide_spacer_size=&#8221;50&#8243; screen_normal_resolution=&#8221;1024&#8243; screen_tablet_resolution=&#8221;800&#8243; screen_mobile_resolution=&#8221;480&#8243; tutorials=&#8221;&#8221;][vc_column_text]H\u00e9bergement Site h\u00e9berg\u00e9 par OVH SAS\" \/>\n<meta property=\"og:url\" content=\"https:\/\/www.associationafmi.com\/en\/legal\/\" \/>\n<meta property=\"og:site_name\" content=\"Association des Amis Fran\u00e7ais du Mus\u00e9e d&#039;Isra\u00ebll\" \/>\n<meta property=\"article:modified_time\" content=\"2018-07-24T08:26:12+00:00\" \/>\n<meta name=\"twitter:card\" content=\"summary_large_image\" \/>\n<meta name=\"twitter:label1\" content=\"Est. reading time\" \/>\n\t<meta name=\"twitter:data1\" content=\"4 minutes\" \/>\n<script type=\"application\/ld+json\" class=\"yoast-schema-graph\">{\"@context\":\"https:\/\/schema.org\",\"@graph\":[{\"@type\":\"WebPage\",\"@id\":\"https:\/\/www.associationafmi.com\/en\/legal\/\",\"url\":\"https:\/\/www.associationafmi.com\/en\/legal\/\",\"name\":\"Legal information - Association des Amis Fran\u00e7ais du Mus\u00e9e d&#039;Isra\u00ebll\",\"isPartOf\":{\"@id\":\"https:\/\/www.associationafmi.com\/fr\/#website\"},\"datePublished\":\"2018-06-11T07:55:55+00:00\",\"dateModified\":\"2018-07-24T08:26:12+00:00\",\"breadcrumb\":{\"@id\":\"https:\/\/www.associationafmi.com\/en\/legal\/#breadcrumb\"},\"inLanguage\":\"en-US\",\"potentialAction\":[{\"@type\":\"ReadAction\",\"target\":[\"https:\/\/www.associationafmi.com\/en\/legal\/\"]}]},{\"@type\":\"BreadcrumbList\",\"@id\":\"https:\/\/www.associationafmi.com\/en\/legal\/#breadcrumb\",\"itemListElement\":[{\"@type\":\"ListItem\",\"position\":1,\"name\":\"Accueil\",\"item\":\"https:\/\/www.associationafmi.com\/en\/\"},{\"@type\":\"ListItem\",\"position\":2,\"name\":\"Legal information\"}]},{\"@type\":\"WebSite\",\"@id\":\"https:\/\/www.associationafmi.com\/fr\/#website\",\"url\":\"https:\/\/www.associationafmi.com\/fr\/\",\"name\":\"Association des Amis Fran\u00e7ais du Mus\u00e9e d&#039;Isra\u00ebll\",\"description\":\"AFMI I Amis Fran\u00e7ais du Mus\u00e9e d&#039;Isra\u00ebl\",\"potentialAction\":[{\"@type\":\"SearchAction\",\"target\":{\"@type\":\"EntryPoint\",\"urlTemplate\":\"https:\/\/www.associationafmi.com\/fr\/?s={search_term_string}\"},\"query-input\":{\"@type\":\"PropertyValueSpecification\",\"valueRequired\":true,\"valueName\":\"search_term_string\"}}],\"inLanguage\":\"en-US\"}]}<\/script>\n<!-- \/ Yoast SEO plugin. -->","yoast_head_json":{"title":"Legal information - Association des Amis Fran\u00e7ais du Mus\u00e9e d&#039;Isra\u00ebll","robots":{"index":"index","follow":"follow","max-snippet":"max-snippet:-1","max-image-preview":"max-image-preview:large","max-video-preview":"max-video-preview:-1"},"canonical":"https:\/\/www.associationafmi.com\/en\/legal\/","og_locale":"en_US","og_type":"article","og_title":"Legal information - Association des Amis Fran\u00e7ais du Mus\u00e9e d&#039;Isra\u00ebll","og_description":"[vc_row dfd_row_responsive_enable=&#8221;dfd-row-responsive-enable&#8221; css=&#8221;.vc_custom_1528703746146{padding-top: 50px !important;padding-right: 300px !important;padding-bottom: 100px !important;padding-left: 300px !important;}&#8221; responsive_styles=&#8221;padding_top_mobile:10|padding_bottom_mobile:10|padding_left_mobile:10|padding_right_mobile:10&#8243;][vc_column][dfd_heading subtitle=&#8221;&#8221; enable_delimiter=&#8221;&#8221; undefined=&#8221;&#8221; title_font_options=&#8221;tag:h1|font_size:30|line_height:35|letter_spacing:1&#8243; subtitle_font_options=&#8221;tag:div&#8221;]Informations l\u00e9gales[\/dfd_heading][dfd_single_image enable_retina=&#8221;&#8221; image=&#8221;2447&#8243;][dfd_spacer screen_wide_spacer_size=&#8221;50&#8243; screen_normal_resolution=&#8221;1024&#8243; screen_tablet_resolution=&#8221;800&#8243; screen_mobile_resolution=&#8221;480&#8243; tutorials=&#8221;&#8221;][vc_column_text]H\u00e9bergement Site h\u00e9berg\u00e9 par OVH SAS","og_url":"https:\/\/www.associationafmi.com\/en\/legal\/","og_site_name":"Association des Amis Fran\u00e7ais du Mus\u00e9e d&#039;Isra\u00ebll","article_modified_time":"2018-07-24T08:26:12+00:00","twitter_card":"summary_large_image","twitter_misc":{"Est. reading time":"4 minutes"},"schema":{"@context":"https:\/\/schema.org","@graph":[{"@type":"WebPage","@id":"https:\/\/www.associationafmi.com\/en\/legal\/","url":"https:\/\/www.associationafmi.com\/en\/legal\/","name":"Legal information - Association des Amis Fran\u00e7ais du Mus\u00e9e d&#039;Isra\u00ebll","isPartOf":{"@id":"https:\/\/www.associationafmi.com\/fr\/#website"},"datePublished":"2018-06-11T07:55:55+00:00","dateModified":"2018-07-24T08:26:12+00:00","breadcrumb":{"@id":"https:\/\/www.associationafmi.com\/en\/legal\/#breadcrumb"},"inLanguage":"en-US","potentialAction":[{"@type":"ReadAction","target":["https:\/\/www.associationafmi.com\/en\/legal\/"]}]},{"@type":"BreadcrumbList","@id":"https:\/\/www.associationafmi.com\/en\/legal\/#breadcrumb","itemListElement":[{"@type":"ListItem","position":1,"name":"Accueil","item":"https:\/\/www.associationafmi.com\/en\/"},{"@type":"ListItem","position":2,"name":"Legal information"}]},{"@type":"WebSite","@id":"https:\/\/www.associationafmi.com\/fr\/#website","url":"https:\/\/www.associationafmi.com\/fr\/","name":"Association des Amis Fran\u00e7ais du Mus\u00e9e d&#039;Isra\u00ebll","description":"AFMI I Amis Fran\u00e7ais du Mus\u00e9e d&#039;Isra\u00ebl","potentialAction":[{"@type":"SearchAction","target":{"@type":"EntryPoint","urlTemplate":"https:\/\/www.associationafmi.com\/fr\/?s={search_term_string}"},"query-input":{"@type":"PropertyValueSpecification","valueRequired":true,"valueName":"search_term_string"}}],"inLanguage":"en-US"}]}},"_links":{"self":[{"href":"https:\/\/www.associationafmi.com\/en\/wp-json\/wp\/v2\/pages\/2490","targetHints":{"allow":["GET"]}}],"collection":[{"href":"https:\/\/www.associationafmi.com\/en\/wp-json\/wp\/v2\/pages"}],"about":[{"href":"https:\/\/www.associationafmi.com\/en\/wp-json\/wp\/v2\/types\/page"}],"author":[{"embeddable":true,"href":"https:\/\/www.associationafmi.com\/en\/wp-json\/wp\/v2\/users\/1"}],"replies":[{"embeddable":true,"href":"https:\/\/www.associationafmi.com\/en\/wp-json\/wp\/v2\/comments?post=2490"}],"version-history":[{"count":0,"href":"https:\/\/www.associationafmi.com\/en\/wp-json\/wp\/v2\/pages\/2490\/revisions"}],"wp:attachment":[{"href":"https:\/\/www.associationafmi.com\/en\/wp-json\/wp\/v2\/media?parent=2490"}],"curies":[{"name":"wp","href":"https:\/\/api.w.org\/{rel}","templated":true}]}}