{"id":102,"date":"2011-05-18T11:41:15","date_gmt":"2011-05-18T11:41:15","guid":{"rendered":"http:\/\/localhost:8888\/wordpress\/?page_id=102"},"modified":"2024-03-22T14:32:40","modified_gmt":"2024-03-22T13:32:40","slug":"amis-musee-international","status":"publish","type":"page","link":"https:\/\/www.associationafmi.com\/fr\/amis-musee-international\/","title":{"rendered":"Les Amis du Mus\u00e9e dans le Monde"},"content":{"rendered":"<div class=\"wpb-content-wrapper\"><p>[vc_row dfd_row_responsive_enable=\u00a0\u00bbdfd-row-responsive-enable\u00a0\u00bb css=\u00a0\u00bb.vc_custom_1529047978210{padding-right: 300px !important;padding-left: 300px !important;}\u00a0\u00bb responsive_styles=\u00a0\u00bbpadding_left_tablet:10|padding_right_tablet:10|padding_left_mobile:10|padding_right_mobile:10&Prime;][vc_column css=\u00a0\u00bb.vc_custom_1527582087916{padding-top: 50px !important;padding-bottom: 50px !important;}\u00a0\u00bb col_shadow=\u00a0\u00bbbox_shadow_enable:disable|shadow_horizontal:0|shadow_vertical:15|shadow_blur:50|shadow_spread:0|box_shadow_color:rgba(0%2C0%2C0%2C0.35)\u00a0\u00bb col_shadow_hover=\u00a0\u00bbbox_shadow_enable:disable|shadow_horizontal:0|shadow_vertical:15|shadow_blur:50|shadow_spread:0|box_shadow_color:rgba(0%2C0%2C0%2C0.35)\u00a0\u00bb][dfd_heading subtitle=\u00a0\u00bb\u00a0\u00bb enable_delimiter=\u00a0\u00bb\u00a0\u00bb undefined=\u00a0\u00bb\u00a0\u00bb title_font_options=\u00a0\u00bbtag:h1|font_size:30|line_height:35|letter_spacing:1&Prime; subtitle_font_options=\u00a0\u00bbtag:div\u00a0\u00bb]Les amis du mus\u00e9e dans le monde[\/dfd_heading][dfd_single_image enable_retina=\u00a0\u00bb\u00a0\u00bb image=\u00a0\u00bb2398&Prime;][dfd_spacer screen_wide_spacer_size=\u00a0\u00bb50&Prime; screen_normal_resolution=\u00a0\u00bb1024&Prime; screen_tablet_resolution=\u00a0\u00bb800&Prime; screen_mobile_resolution=\u00a0\u00bb480&Prime;][dfd_heading subtitle=\u00a0\u00bb\u00a0\u00bb enable_delimiter=\u00a0\u00bb\u00a0\u00bb undefined=\u00a0\u00bb\u00a0\u00bb title_font_options=\u00a0\u00bbtag:h2|font_size:20|line_height:35|letter_spacing:1&Prime; subtitle_font_options=\u00a0\u00bbtag:div\u00a0\u00bb]Le Mus\u00e9e d\u2019Isra\u00ebl est soutenu par de nombreuses organisations dans le monde dont la liste figure ci-dessous.[\/dfd_heading][\/vc_column][\/vc_row][vc_row dfd_row_responsive_enable=\u00a0\u00bbdfd-row-responsive-enable\u00a0\u00bb css=\u00a0\u00bb.vc_custom_1531987271235{padding-right: 300px !important;padding-bottom: 100px !important;padding-left: 300px !important;}\u00a0\u00bb responsive_styles=\u00a0\u00bbpadding_left_tablet:10|padding_right_tablet:10|padding_top_mobile:10|padding_bottom_mobile:10|padding_left_mobile:10|padding_right_mobile:10&Prime;][vc_column width=\u00a0\u00bb1\/2&Prime;][vc_column_text]<\/p>\n<h3>AFRIQUE DU SUD<\/h3>\n<p>c\/o Marco van Embden<br \/>\nP.O.Box 21604 Kloof Street<br \/>\nCape Town 8008<br \/>\nTel: 27 21 461 9001<br \/>\nFax: 27 21 461 9101<br \/>\nEmail:\u00a0<a href=\"mailto:marco@tasafaris.com\" target=\"_blank\" rel=\"noopener\">marco@tasafaris.com<\/a> I <a href=\"mailto:sarin@safim.co.za\" target=\"_blank\" rel=\"noopener\">sarin@safim.co.za<\/a><\/p>\n<h3>ALLEMAGNE<\/h3>\n<p><strong>Association of Friends of the Israel Museum in Germany<\/strong><br \/>\nc\/o Jurgen Seidel<br \/>\nHalenseestrasse 1, 10711 Berlin<br \/>\nTel. 030 891 9770, Fax: 030 891 9887<br \/>\nEmail:\u00a0<a href=\"mailto:info@imj-germany.de\" target=\"_blank\" rel=\"noopener\">info@imj-germany.de<\/a><\/p>\n<h3>AUSTRALIE<\/h3>\n<p>Dr. Gene Sherman AM and<br \/>\nMr. Brian Sherman AM<br \/>\nc\/o Sherman Contemporary Art Foundation, 16\u201320 Goodhope Street<br \/>\nPaddington, NSW 2021<br \/>\nTel: 61 2 9331 1112<br \/>\nFax: 61 2 9331 1051<br \/>\nEmail:\u00a0<a href=\"mailto:imjaustralia@imj.org.il\" target=\"_blank\" rel=\"noopener\">imjaustralia@imj.org.il<\/a><\/p>\n<h3>AUTRICHE<\/h3>\n<p>Mirabellplatz 2<br \/>\n5020 Salzburg<br \/>\nTel: 43 662 881393<br \/>\nFax: 43 662 8813939<br \/>\nE-mail: <a href=\"mailto:office@afotim.at\" target=\"_blank\" rel=\"noopener\">office@afotim.at<\/a><\/p>\n<h3>BELGIQUE<\/h3>\n<p><strong>Belgian Friends of the Israel Museum<\/strong><br \/>\nAvi Keitelman<br \/>\nAvenu Rene Gobert 46, 1180 Brussels, Belgium<br \/>\nTel and Fax: 32 2 3457623<br \/>\nEmail:\u00a0<a href=\"mailto:amisbelges@israelmuseum.be\" target=\"_blank\" rel=\"noopener\">amisbelges@israelmuseum.be<\/a><\/p>\n<h3>BRESIL<\/h3>\n<p><strong>The Brazilian Friends<\/strong><br \/>\nAABIM \u2013 Associacao Amigos Brazileiros do Israel Museum<br \/>\nc\/o Evelyn Ioshpe and Chella Safra<br \/>\nAlameda Tiete 618 Casa 3<br \/>\nSao Paulo CEP 01417-020<br \/>\nTel: 55 11 3081 1082 Fax: 55 11 3103 8082<br \/>\nE-mail:\u00a0<a href=\"mailto:aabimr@uol.com.br\" target=\"_blank\" rel=\"noopener\">aabimr@uol.com.br<\/a><\/p>\n<h3>CANADA<\/h3>\n<p><strong>Canadian Friends of the Israel Museum<\/strong><br \/>\nCFIM\u2019s\u00a0website \u2013\u00a0<a href=\"http:\/\/cfimonline.org\/\" target=\"_blank\" rel=\"noopener\">cfimonline<\/a><br \/>\n262 Warren Road<br \/>\nToronto, Ontario M4V 2S8<br \/>\nTel.\u00a0<a href=\"tel:%28416%29%20901-2231\" target=\"_blank\" rel=\"noopener\">(416) 901-2231<\/a><br \/>\nThe Canadian Friends of the Israel Museum is a national organization with representation from coast to coast.\u00a0It enriches the Museum through gifts of works of art and financial support. Funds raised by the CFIM support \u00ab\u00a0Free Admission\u00a0\u00bb to the Israel Museum for\u00a0all children in Israel.<\/p>\n<h3>ESPAGNE<\/h3>\n<p>c\/ Jose Ortega y Gasset 7, 5\u00b0, 28006 Madrid<br \/>\nTel: 34 91 781 24 79<br \/>\nFax: 34 91 578 38 23<br \/>\nE-mail: imjspain@imj.org.il<\/p>\n<h3>ETATS-UNIS<\/h3>\n<p><strong>American Friends of the Israel Museum<\/strong>500 Fifth Avenue, Suite 2540<br \/>\nNew York, NY 10110<br \/>\nTel:\u00a0<a href=\"tel:212-9975611\" target=\"_blank\" rel=\"noopener\">212-9975611<\/a><br \/>\nFax:\u00a0<a href=\"tel:212-%209975536\" target=\"_blank\" rel=\"noopener\">212- 9975536<\/a><br \/>\n<a href=\"mailto:info@afimnyc.org\" target=\"_blank\" rel=\"noopener\">info@afimnyc.org<\/a><br \/>\n<a href=\"http:\/\/www.afimnyc.org\/\" target=\"_blank\" rel=\"noopener\">www.afimnyc.org<\/a><\/p>\n<p>or 315 S. Beverly Drive, Suite 214<br \/>\nBeverly Hills, CA 90212<br \/>\nTel:\u00a0<a href=\"tel:310-5571061\" target=\"_blank\" rel=\"noopener\">310-5571061<\/a><br \/>\nFax:\u00a0<a href=\"tel:310-5571062\" target=\"_blank\" rel=\"noopener\">310-5571062<\/a><br \/>\n<a href=\"mailto:imj@afimwest.org\" target=\"_blank\" rel=\"noopener\">imj@afimwest.org<\/a><\/p>\n<p>AFIM serves the Museum by gathering support in the United States for a great part of the Museum\u2019s facilities and collections. AFIM is a recognized charity for tax benefits in the USA: (Federal Tax I.D. No. 23-7182582)<br \/>\n[\/vc_column_text][\/vc_column][vc_column width=\u00a0\u00bb1\/2&Prime;][vc_column_text]<\/p>\n<h3>FRANCE<\/h3>\n<p><strong>Les Amis Fran\u00e7ais du Musee d\u2019Israel\u00a0<\/strong><br \/>\n124 Avenue de Villiers 75007 Paris<br \/>\nTel et Fax 01.47.23.58.28<br \/>\n<a href=\"mailto:afmijeru@wanadoo.fr\" target=\"_blank\" rel=\"noopener\">afmijeru@wanadoo.fr<\/a><\/p>\n<p>Helps various departments in the Museum and supports special projects.<\/p>\n<h3>HONG KONG<\/h3>\n<p>c\/o Patricia and Marc Zilkha<br \/>\nSuite 1901 St. George\u2019s Building<br \/>\n2 Ice House Street<br \/>\nHong Kong<br \/>\nE-mail:\u00a0<a href=\"mailto:info@fim.hk\" target=\"_blank\" rel=\"noopener\">info@fim.hk<\/a> I <a href=\"mailto:patricia@fim.hk\" target=\"_blank\" rel=\"noopener\">patricia@fim.hk<\/a><\/p>\n<h3>ISRAEL<\/h3>\n<p><strong>The Association of Israeli Friends of the Israel Museum<\/strong><br \/>\nThe Israel Museum, Hakirya<br \/>\nTel: 02 6708815, Tel 02 6771344<br \/>\nEncompasses Yedidim, Patrons, Guardians, and Corporate Members<\/p>\n<h3>ITALIE<\/h3>\n<p><strong>Italian Friends<\/strong><br \/>\nAMIG \u2013 Amici del MUSEO d\u2019Israele,Gerusalemme<br \/>\nVia Serbelloni 13. Milano, 20122<br \/>\nTel: 3902 7600 1525<br \/>\nFax: 3902 7600 1440<br \/>\nE-mail:\u00a0<a href=\"mailto:amigitalia@tin.it\" target=\"_blank\" rel=\"noopener\">amigitalia@tin.it<\/a><\/p>\n<h3>MEXIQUE<\/h3>\n<p><strong>Mexican Friends of the Israel Museum<\/strong><br \/>\nc\/o Eduardo Bross-Tatz, President,<br \/>\nAv. Sante Fe\u00a0 481, 5o Piso, Col. Cruz Manca, 05349 Mexico, DF, \u00a0Mexico<br \/>\nE-mail:\u00a0<a href=\"mailto:ebt@planigrupo.com\" target=\"_blank\" rel=\"noopener\">ebt@planigrupo.com<\/a><\/p>\n<h3>ROYAUME-UNI<\/h3>\n<p><strong>British Friends of the Art Museums of Israel<\/strong><br \/>\nWIZO House, Suite 3,<br \/>\n105-107 Gloucester Place<br \/>\nLondon W1U 6BY<br \/>\nTel. 44\u00a0<a href=\"tel:207%20935%203954\" target=\"_blank\" rel=\"noopener\">207 935 3954<\/a><br \/>\nFax: 44\u00a0<a href=\"tel:207%20224%200744\" target=\"_blank\" rel=\"noopener\">207 224 0744<\/a><br \/>\n<a href=\"mailto:0744michelle@bfami.org\" target=\"_blank\" rel=\"noopener\">michelle@bfami.org<\/a><br \/>\n<a title=\"blocked::http:\/\/www.bfami.org\/\" href=\"http:\/\/www.bfami.org\/\" target=\"_blank\" rel=\"noopener\">www.bfami.org<\/a><\/p>\n<p>BFAMI aids the Museum in acquisitions and the financing of special projects. Gifts and legacies made through BFAMI are substantially free of Capital Transfer Tax.<\/p>\n<h3>SUISSE<\/h3>\n<p><strong>Schweizer Freunde der Vereinigung der Freunde des Israel Museums in Jerusalem<\/strong><br \/>\nc\/o Dr. David Jeselsohn<br \/>\nBahnhofstrasse 18, 6300 Zug<br \/>\nTel.\u00a0<a href=\"tel:%2B41%2041%20710%2024%2055\" target=\"_blank\" rel=\"noopener\">+41 41 710 24 55<\/a><br \/>\nFax\u00a0<a href=\"tel:%2B41%2041%20711%2051%2024\" target=\"_blank\" rel=\"noopener\">+41 41 711 51 24<\/a><br \/>\nE-Mail:\u00a0<a href=\"mailto:gutamo@gutamo.ch\" target=\"_blank\" rel=\"noopener\">gutamo@gutamo.ch<\/a><\/p>\n<p>Assists the Museum with gifts and donations. Contributors enjoy tax deductions.[\/vc_column_text][\/vc_column][\/vc_row]<\/p>\n<\/div>","protected":false},"excerpt":{"rendered":"<p>[vc_row dfd_row_responsive_enable=\u00a0\u00bbdfd-row-responsive-enable\u00a0\u00bb css=\u00a0\u00bb.vc_custom_1529047978210{padding-right: 300px !important;padding-left: 300px !important;}\u00a0\u00bb responsive_styles=\u00a0\u00bbpadding_left_tablet:10|padding_right_tablet:10|padding_left_mobile:10|padding_right_mobile:10&Prime;][vc_column css=\u00a0\u00bb.vc_custom_1527582087916{padding-top: 50px !important;padding-bottom: 50px !important;}\u00a0\u00bb col_shadow=\u00a0\u00bbbox_shadow_enable:disable|shadow_horizontal:0|shadow_vertical:15|shadow_blur:50|shadow_spread:0|box_shadow_color:rgba(0%2C0%2C0%2C0.35)\u00a0\u00bb col_shadow_hover=\u00a0\u00bbbox_shadow_enable:disable|shadow_horizontal:0|shadow_vertical:15|shadow_blur:50|shadow_spread:0|box_shadow_color:rgba(0%2C0%2C0%2C0.35)\u00a0\u00bb][dfd_heading subtitle=\u00a0\u00bb\u00a0\u00bb enable_delimiter=\u00a0\u00bb\u00a0\u00bb undefined=\u00a0\u00bb\u00a0\u00bb title_font_options=\u00a0\u00bbtag:h1|font_size:30|line_height:35|letter_spacing:1&Prime; subtitle_font_options=\u00a0\u00bbtag:div\u00a0\u00bb]Les amis du mus\u00e9e dans le monde[\/dfd_heading][dfd_single_image enable_retina=\u00a0\u00bb\u00a0\u00bb image=\u00a0\u00bb2398&Prime;][dfd_spacer screen_wide_spacer_size=\u00a0\u00bb50&Prime; screen_normal_resolution=\u00a0\u00bb1024&Prime;<\/p>\n","protected":false},"author":1,"featured_media":0,"parent":0,"menu_order":1,"comment_status":"open","ping_status":"open","template":"","meta":{"footnotes":""},"class_list":["post-102","page","type-page","status-publish","hentry"],"yoast_head":"<!-- This site is optimized with the Yoast SEO plugin v27.0 - https:\/\/yoast.com\/product\/yoast-seo-wordpress\/ -->\n<title>Les Amis du Mus\u00e9e dans le Monde - Association des Amis Fran\u00e7ais du Mus\u00e9e d&#039;Isra\u00ebll<\/title>\n<meta name=\"robots\" content=\"index, follow, max-snippet:-1, max-image-preview:large, max-video-preview:-1\" \/>\n<link rel=\"canonical\" href=\"https:\/\/www.associationafmi.com\/fr\/amis-musee-international\/\" \/>\n<meta property=\"og:locale\" content=\"fr_FR\" \/>\n<meta property=\"og:type\" content=\"article\" \/>\n<meta property=\"og:title\" content=\"Les Amis du Mus\u00e9e dans le Monde - Association des Amis Fran\u00e7ais du Mus\u00e9e d&#039;Isra\u00ebll\" \/>\n<meta property=\"og:description\" content=\"[vc_row dfd_row_responsive_enable=\u00a0\u00bbdfd-row-responsive-enable\u00a0\u00bb css=\u00a0\u00bb.vc_custom_1529047978210{padding-right: 300px !important;padding-left: 300px !important;}\u00a0\u00bb responsive_styles=\u00a0\u00bbpadding_left_tablet:10|padding_right_tablet:10|padding_left_mobile:10|padding_right_mobile:10&Prime;][vc_column css=\u00a0\u00bb.vc_custom_1527582087916{padding-top: 50px !important;padding-bottom: 50px !important;}\u00a0\u00bb col_shadow=\u00a0\u00bbbox_shadow_enable:disable|shadow_horizontal:0|shadow_vertical:15|shadow_blur:50|shadow_spread:0|box_shadow_color:rgba(0%2C0%2C0%2C0.35)\u00a0\u00bb col_shadow_hover=\u00a0\u00bbbox_shadow_enable:disable|shadow_horizontal:0|shadow_vertical:15|shadow_blur:50|shadow_spread:0|box_shadow_color:rgba(0%2C0%2C0%2C0.35)\u00a0\u00bb][dfd_heading subtitle=\u00a0\u00bb\u00a0\u00bb enable_delimiter=\u00a0\u00bb\u00a0\u00bb undefined=\u00a0\u00bb\u00a0\u00bb title_font_options=\u00a0\u00bbtag:h1|font_size:30|line_height:35|letter_spacing:1&Prime; subtitle_font_options=\u00a0\u00bbtag:div\u00a0\u00bb]Les amis du mus\u00e9e dans le monde[\/dfd_heading][dfd_single_image enable_retina=\u00a0\u00bb\u00a0\u00bb image=\u00a0\u00bb2398&Prime;][dfd_spacer screen_wide_spacer_size=\u00a0\u00bb50&Prime; screen_normal_resolution=\u00a0\u00bb1024&Prime;\" \/>\n<meta property=\"og:url\" content=\"https:\/\/www.associationafmi.com\/fr\/amis-musee-international\/\" \/>\n<meta property=\"og:site_name\" content=\"Association des Amis Fran\u00e7ais du Mus\u00e9e d&#039;Isra\u00ebll\" \/>\n<meta property=\"article:modified_time\" content=\"2024-03-22T13:32:40+00:00\" \/>\n<meta name=\"twitter:card\" content=\"summary_large_image\" \/>\n<meta name=\"twitter:label1\" content=\"Dur\u00e9e de lecture estim\u00e9e\" \/>\n\t<meta name=\"twitter:data1\" content=\"4 minutes\" \/>\n<script type=\"application\/ld+json\" class=\"yoast-schema-graph\">{\"@context\":\"https:\/\/schema.org\",\"@graph\":[{\"@type\":\"WebPage\",\"@id\":\"https:\/\/www.associationafmi.com\/fr\/amis-musee-international\/\",\"url\":\"https:\/\/www.associationafmi.com\/fr\/amis-musee-international\/\",\"name\":\"Les Amis du Mus\u00e9e dans le Monde - Association des Amis Fran\u00e7ais du Mus\u00e9e d&#039;Isra\u00ebll\",\"isPartOf\":{\"@id\":\"https:\/\/www.associationafmi.com\/fr\/#website\"},\"datePublished\":\"2011-05-18T11:41:15+00:00\",\"dateModified\":\"2024-03-22T13:32:40+00:00\",\"breadcrumb\":{\"@id\":\"https:\/\/www.associationafmi.com\/fr\/amis-musee-international\/#breadcrumb\"},\"inLanguage\":\"fr-FR\",\"potentialAction\":[{\"@type\":\"ReadAction\",\"target\":[\"https:\/\/www.associationafmi.com\/fr\/amis-musee-international\/\"]}]},{\"@type\":\"BreadcrumbList\",\"@id\":\"https:\/\/www.associationafmi.com\/fr\/amis-musee-international\/#breadcrumb\",\"itemListElement\":[{\"@type\":\"ListItem\",\"position\":1,\"name\":\"Accueil\",\"item\":\"https:\/\/www.associationafmi.com\/fr\/\"},{\"@type\":\"ListItem\",\"position\":2,\"name\":\"Les Amis du Mus\u00e9e dans le Monde\"}]},{\"@type\":\"WebSite\",\"@id\":\"https:\/\/www.associationafmi.com\/fr\/#website\",\"url\":\"https:\/\/www.associationafmi.com\/fr\/\",\"name\":\"Association des Amis Fran\u00e7ais du Mus\u00e9e d&#039;Isra\u00ebll\",\"description\":\"AFMI I Amis Fran\u00e7ais du Mus\u00e9e d&#039;Isra\u00ebl\",\"potentialAction\":[{\"@type\":\"SearchAction\",\"target\":{\"@type\":\"EntryPoint\",\"urlTemplate\":\"https:\/\/www.associationafmi.com\/fr\/?s={search_term_string}\"},\"query-input\":{\"@type\":\"PropertyValueSpecification\",\"valueRequired\":true,\"valueName\":\"search_term_string\"}}],\"inLanguage\":\"fr-FR\"}]}<\/script>\n<!-- \/ Yoast SEO plugin. -->","yoast_head_json":{"title":"Les Amis du Mus\u00e9e dans le Monde - Association des Amis Fran\u00e7ais du Mus\u00e9e d&#039;Isra\u00ebll","robots":{"index":"index","follow":"follow","max-snippet":"max-snippet:-1","max-image-preview":"max-image-preview:large","max-video-preview":"max-video-preview:-1"},"canonical":"https:\/\/www.associationafmi.com\/fr\/amis-musee-international\/","og_locale":"fr_FR","og_type":"article","og_title":"Les Amis du Mus\u00e9e dans le Monde - Association des Amis Fran\u00e7ais du Mus\u00e9e d&#039;Isra\u00ebll","og_description":"[vc_row dfd_row_responsive_enable=\u00a0\u00bbdfd-row-responsive-enable\u00a0\u00bb css=\u00a0\u00bb.vc_custom_1529047978210{padding-right: 300px !important;padding-left: 300px !important;}\u00a0\u00bb responsive_styles=\u00a0\u00bbpadding_left_tablet:10|padding_right_tablet:10|padding_left_mobile:10|padding_right_mobile:10&Prime;][vc_column css=\u00a0\u00bb.vc_custom_1527582087916{padding-top: 50px !important;padding-bottom: 50px !important;}\u00a0\u00bb col_shadow=\u00a0\u00bbbox_shadow_enable:disable|shadow_horizontal:0|shadow_vertical:15|shadow_blur:50|shadow_spread:0|box_shadow_color:rgba(0%2C0%2C0%2C0.35)\u00a0\u00bb col_shadow_hover=\u00a0\u00bbbox_shadow_enable:disable|shadow_horizontal:0|shadow_vertical:15|shadow_blur:50|shadow_spread:0|box_shadow_color:rgba(0%2C0%2C0%2C0.35)\u00a0\u00bb][dfd_heading subtitle=\u00a0\u00bb\u00a0\u00bb enable_delimiter=\u00a0\u00bb\u00a0\u00bb undefined=\u00a0\u00bb\u00a0\u00bb title_font_options=\u00a0\u00bbtag:h1|font_size:30|line_height:35|letter_spacing:1&Prime; subtitle_font_options=\u00a0\u00bbtag:div\u00a0\u00bb]Les amis du mus\u00e9e dans le monde[\/dfd_heading][dfd_single_image enable_retina=\u00a0\u00bb\u00a0\u00bb image=\u00a0\u00bb2398&Prime;][dfd_spacer screen_wide_spacer_size=\u00a0\u00bb50&Prime; screen_normal_resolution=\u00a0\u00bb1024&Prime;","og_url":"https:\/\/www.associationafmi.com\/fr\/amis-musee-international\/","og_site_name":"Association des Amis Fran\u00e7ais du Mus\u00e9e d&#039;Isra\u00ebll","article_modified_time":"2024-03-22T13:32:40+00:00","twitter_card":"summary_large_image","twitter_misc":{"Dur\u00e9e de lecture estim\u00e9e":"4 minutes"},"schema":{"@context":"https:\/\/schema.org","@graph":[{"@type":"WebPage","@id":"https:\/\/www.associationafmi.com\/fr\/amis-musee-international\/","url":"https:\/\/www.associationafmi.com\/fr\/amis-musee-international\/","name":"Les Amis du Mus\u00e9e dans le Monde - Association des Amis Fran\u00e7ais du Mus\u00e9e d&#039;Isra\u00ebll","isPartOf":{"@id":"https:\/\/www.associationafmi.com\/fr\/#website"},"datePublished":"2011-05-18T11:41:15+00:00","dateModified":"2024-03-22T13:32:40+00:00","breadcrumb":{"@id":"https:\/\/www.associationafmi.com\/fr\/amis-musee-international\/#breadcrumb"},"inLanguage":"fr-FR","potentialAction":[{"@type":"ReadAction","target":["https:\/\/www.associationafmi.com\/fr\/amis-musee-international\/"]}]},{"@type":"BreadcrumbList","@id":"https:\/\/www.associationafmi.com\/fr\/amis-musee-international\/#breadcrumb","itemListElement":[{"@type":"ListItem","position":1,"name":"Accueil","item":"https:\/\/www.associationafmi.com\/fr\/"},{"@type":"ListItem","position":2,"name":"Les Amis du Mus\u00e9e dans le Monde"}]},{"@type":"WebSite","@id":"https:\/\/www.associationafmi.com\/fr\/#website","url":"https:\/\/www.associationafmi.com\/fr\/","name":"Association des Amis Fran\u00e7ais du Mus\u00e9e d&#039;Isra\u00ebll","description":"AFMI I Amis Fran\u00e7ais du Mus\u00e9e d&#039;Isra\u00ebl","potentialAction":[{"@type":"SearchAction","target":{"@type":"EntryPoint","urlTemplate":"https:\/\/www.associationafmi.com\/fr\/?s={search_term_string}"},"query-input":{"@type":"PropertyValueSpecification","valueRequired":true,"valueName":"search_term_string"}}],"inLanguage":"fr-FR"}]}},"_links":{"self":[{"href":"https:\/\/www.associationafmi.com\/fr\/wp-json\/wp\/v2\/pages\/102","targetHints":{"allow":["GET"]}}],"collection":[{"href":"https:\/\/www.associationafmi.com\/fr\/wp-json\/wp\/v2\/pages"}],"about":[{"href":"https:\/\/www.associationafmi.com\/fr\/wp-json\/wp\/v2\/types\/page"}],"author":[{"embeddable":true,"href":"https:\/\/www.associationafmi.com\/fr\/wp-json\/wp\/v2\/users\/1"}],"replies":[{"embeddable":true,"href":"https:\/\/www.associationafmi.com\/fr\/wp-json\/wp\/v2\/comments?post=102"}],"version-history":[{"count":0,"href":"https:\/\/www.associationafmi.com\/fr\/wp-json\/wp\/v2\/pages\/102\/revisions"}],"wp:attachment":[{"href":"https:\/\/www.associationafmi.com\/fr\/wp-json\/wp\/v2\/media?parent=102"}],"curies":[{"name":"wp","href":"https:\/\/api.w.org\/{rel}","templated":true}]}}