{"id":2509,"date":"2018-10-11T14:52:17","date_gmt":"2018-10-11T12:52:17","guid":{"rendered":"https:\/\/www.associationafmi.com\/?page_id=2509"},"modified":"2018-10-11T16:08:49","modified_gmt":"2018-10-11T14:08:49","slug":"gala-2018","status":"publish","type":"page","link":"https:\/\/www.associationafmi.com\/fr\/gala\/gala-2018\/","title":{"rendered":"Gala 2018 &#8211; Pavillon Gabriel"},"content":{"rendered":"<div class=\"wpb-content-wrapper\"><p>[vc_row dfd_row_responsive_enable=\u00a0\u00bbdfd-row-responsive-enable\u00a0\u00bb css=\u00a0\u00bb.vc_custom_1528705555786{padding-right: 300px !important;padding-left: 300px !important;}\u00a0\u00bb responsive_styles=\u00a0\u00bbpadding_left_mobile:10|padding_right_mobile:10&Prime;][vc_column css=\u00a0\u00bb.vc_custom_1527582087916{padding-top: 50px !important;padding-bottom: 50px !important;}\u00a0\u00bb col_shadow=\u00a0\u00bbbox_shadow_enable:disable|shadow_horizontal:0|shadow_vertical:15|shadow_blur:50|shadow_spread:0|box_shadow_color:rgba(0%2C0%2C0%2C0.35)\u00a0\u00bb col_shadow_hover=\u00a0\u00bbbox_shadow_enable:disable|shadow_horizontal:0|shadow_vertical:15|shadow_blur:50|shadow_spread:0|box_shadow_color:rgba(0%2C0%2C0%2C0.35)\u00a0\u00bb][dfd_heading subtitle=\u00a0\u00bb\u00a0\u00bb enable_delimiter=\u00a0\u00bb\u00a0\u00bb undefined=\u00a0\u00bb\u00a0\u00bb title_font_options=\u00a0\u00bbtag:h1|font_size:30|line_height:35|letter_spacing:1&Prime; subtitle_font_options=\u00a0\u00bbtag:div\u00a0\u00bb]Gala 2018 &#8211; Pavillon Gabriel[\/dfd_heading][\/vc_column][\/vc_row][vc_row dfd_row_responsive_enable=\u00a0\u00bbdfd-row-responsive-enable\u00a0\u00bb css=\u00a0\u00bb.vc_custom_1528705447753{padding-right: 200px !important;padding-left: 200px !important;}\u00a0\u00bb responsive_styles=\u00a0\u00bbpadding_left_mobile:10|padding_right_mobile:10&Prime;][vc_column width=\u00a0\u00bb2\/3&Prime;][vc_column_text]<\/p>\n<p style=\"text-align: center;\">GALA 2018 \u00e0 venir &#8211; 6 novembre 2018 &#8211; Pavillon Gabriel<\/p>\n<p style=\"text-align: center;\"><a href=\"https:\/\/www.associationafmi.com\/amis-france-musee-israel\/2018\/10\/invitation-gala.pdf\">&gt; T\u00e9l\u00e9charger le carton d&rsquo;invitation<\/a><\/p>\n<p><img loading=\"lazy\" decoding=\"async\" class=\"alignnone size-large wp-image-2517\" src=\"https:\/\/www.associationafmi.com\/amis-france-musee-israel\/2018\/10\/gala-1.jpg\" alt=\"\" width=\"1024\" height=\"719\" srcset=\"https:\/\/www.associationafmi.com\/amis-france-musee-israel\/2018\/10\/gala-1.jpg 1666w, https:\/\/www.associationafmi.com\/amis-france-musee-israel\/2018\/10\/gala-1-300x211.jpg 300w, https:\/\/www.associationafmi.com\/amis-france-musee-israel\/2018\/10\/gala-1-768x539.jpg 768w, https:\/\/www.associationafmi.com\/amis-france-musee-israel\/2018\/10\/gala-1-1024x719.jpg 1024w\" sizes=\"auto, (max-width: 1024px) 100vw, 1024px\" \/><\/p>\n<p><img loading=\"lazy\" decoding=\"async\" class=\"alignnone size-large wp-image-2515\" src=\"https:\/\/www.associationafmi.com\/amis-france-musee-israel\/2018\/10\/gala-2.jpg\" alt=\"\" width=\"1024\" height=\"718\" srcset=\"https:\/\/www.associationafmi.com\/amis-france-musee-israel\/2018\/10\/gala-2.jpg 1664w, https:\/\/www.associationafmi.com\/amis-france-musee-israel\/2018\/10\/gala-2-300x210.jpg 300w, https:\/\/www.associationafmi.com\/amis-france-musee-israel\/2018\/10\/gala-2-768x538.jpg 768w, https:\/\/www.associationafmi.com\/amis-france-musee-israel\/2018\/10\/gala-2-1024x718.jpg 1024w\" sizes=\"auto, (max-width: 1024px) 100vw, 1024px\" \/><\/p>\n<p><img loading=\"lazy\" decoding=\"async\" class=\"alignnone size-large wp-image-2513\" src=\"https:\/\/www.associationafmi.com\/amis-france-musee-israel\/2018\/10\/gala-3.jpg\" alt=\"\" width=\"1024\" height=\"722\" srcset=\"https:\/\/www.associationafmi.com\/amis-france-musee-israel\/2018\/10\/gala-3.jpg 1206w, https:\/\/www.associationafmi.com\/amis-france-musee-israel\/2018\/10\/gala-3-300x211.jpg 300w, https:\/\/www.associationafmi.com\/amis-france-musee-israel\/2018\/10\/gala-3-768x541.jpg 768w, https:\/\/www.associationafmi.com\/amis-france-musee-israel\/2018\/10\/gala-3-1024x722.jpg 1024w\" sizes=\"auto, (max-width: 1024px) 100vw, 1024px\" \/>[\/vc_column_text][\/vc_column][vc_column width=\u00a0\u00bb1\/3&Prime;][vc_wp_custommenu nav_menu=\u00a0\u00bb22&Prime;][\/vc_column][\/vc_row]<\/p>\n<\/div>","protected":false},"excerpt":{"rendered":"<p>[vc_row dfd_row_responsive_enable=\u00a0\u00bbdfd-row-responsive-enable\u00a0\u00bb css=\u00a0\u00bb.vc_custom_1528705555786{padding-right: 300px !important;padding-left: 300px !important;}\u00a0\u00bb responsive_styles=\u00a0\u00bbpadding_left_mobile:10|padding_right_mobile:10&Prime;][vc_column css=\u00a0\u00bb.vc_custom_1527582087916{padding-top: 50px !important;padding-bottom: 50px !important;}\u00a0\u00bb col_shadow=\u00a0\u00bbbox_shadow_enable:disable|shadow_horizontal:0|shadow_vertical:15|shadow_blur:50|shadow_spread:0|box_shadow_color:rgba(0%2C0%2C0%2C0.35)\u00a0\u00bb col_shadow_hover=\u00a0\u00bbbox_shadow_enable:disable|shadow_horizontal:0|shadow_vertical:15|shadow_blur:50|shadow_spread:0|box_shadow_color:rgba(0%2C0%2C0%2C0.35)\u00a0\u00bb][dfd_heading subtitle=\u00a0\u00bb\u00a0\u00bb enable_delimiter=\u00a0\u00bb\u00a0\u00bb undefined=\u00a0\u00bb\u00a0\u00bb title_font_options=\u00a0\u00bbtag:h1|font_size:30|line_height:35|letter_spacing:1&Prime; subtitle_font_options=\u00a0\u00bbtag:div\u00a0\u00bb]Gala 2018 &#8211; Pavillon Gabriel[\/dfd_heading][\/vc_column][\/vc_row][vc_row dfd_row_responsive_enable=\u00a0\u00bbdfd-row-responsive-enable\u00a0\u00bb css=\u00a0\u00bb.vc_custom_1528705447753{padding-right: 200px !important;padding-left: 200px !important;}\u00a0\u00bb<\/p>\n","protected":false},"author":1,"featured_media":0,"parent":283,"menu_order":0,"comment_status":"closed","ping_status":"closed","template":"","meta":{"footnotes":""},"class_list":["post-2509","page","type-page","status-publish","hentry"],"yoast_head":"<!-- This site is optimized with the Yoast SEO plugin v27.0 - https:\/\/yoast.com\/product\/yoast-seo-wordpress\/ -->\n<title>Gala 2018 - Pavillon Gabriel - Association des Amis Fran\u00e7ais du Mus\u00e9e d&#039;Isra\u00ebll<\/title>\n<meta name=\"robots\" content=\"index, follow, max-snippet:-1, max-image-preview:large, max-video-preview:-1\" \/>\n<link rel=\"canonical\" href=\"https:\/\/www.associationafmi.com\/fr\/gala\/gala-2018\/\" \/>\n<meta property=\"og:locale\" content=\"fr_FR\" \/>\n<meta property=\"og:type\" content=\"article\" \/>\n<meta property=\"og:title\" content=\"Gala 2018 - Pavillon Gabriel - Association des Amis Fran\u00e7ais du Mus\u00e9e d&#039;Isra\u00ebll\" \/>\n<meta property=\"og:description\" content=\"[vc_row dfd_row_responsive_enable=\u00a0\u00bbdfd-row-responsive-enable\u00a0\u00bb css=\u00a0\u00bb.vc_custom_1528705555786{padding-right: 300px !important;padding-left: 300px !important;}\u00a0\u00bb responsive_styles=\u00a0\u00bbpadding_left_mobile:10|padding_right_mobile:10&Prime;][vc_column css=\u00a0\u00bb.vc_custom_1527582087916{padding-top: 50px !important;padding-bottom: 50px !important;}\u00a0\u00bb col_shadow=\u00a0\u00bbbox_shadow_enable:disable|shadow_horizontal:0|shadow_vertical:15|shadow_blur:50|shadow_spread:0|box_shadow_color:rgba(0%2C0%2C0%2C0.35)\u00a0\u00bb col_shadow_hover=\u00a0\u00bbbox_shadow_enable:disable|shadow_horizontal:0|shadow_vertical:15|shadow_blur:50|shadow_spread:0|box_shadow_color:rgba(0%2C0%2C0%2C0.35)\u00a0\u00bb][dfd_heading subtitle=\u00a0\u00bb\u00a0\u00bb enable_delimiter=\u00a0\u00bb\u00a0\u00bb undefined=\u00a0\u00bb\u00a0\u00bb title_font_options=\u00a0\u00bbtag:h1|font_size:30|line_height:35|letter_spacing:1&Prime; subtitle_font_options=\u00a0\u00bbtag:div\u00a0\u00bb]Gala 2018 &#8211; Pavillon Gabriel[\/dfd_heading][\/vc_column][\/vc_row][vc_row dfd_row_responsive_enable=\u00a0\u00bbdfd-row-responsive-enable\u00a0\u00bb css=\u00a0\u00bb.vc_custom_1528705447753{padding-right: 200px !important;padding-left: 200px !important;}\u00a0\u00bb\" \/>\n<meta property=\"og:url\" content=\"https:\/\/www.associationafmi.com\/fr\/gala\/gala-2018\/\" \/>\n<meta property=\"og:site_name\" content=\"Association des Amis Fran\u00e7ais du Mus\u00e9e d&#039;Isra\u00ebll\" \/>\n<meta property=\"article:modified_time\" content=\"2018-10-11T14:08:49+00:00\" \/>\n<meta property=\"og:image\" content=\"https:\/\/www.associationafmi.com\/amis-france-musee-israel\/2018\/10\/gala-1.jpg\" \/>\n<meta name=\"twitter:card\" content=\"summary_large_image\" \/>\n<meta name=\"twitter:label1\" content=\"Dur\u00e9e de lecture estim\u00e9e\" \/>\n\t<meta name=\"twitter:data1\" content=\"1 minute\" \/>\n<script type=\"application\/ld+json\" class=\"yoast-schema-graph\">{\"@context\":\"https:\/\/schema.org\",\"@graph\":[{\"@type\":\"WebPage\",\"@id\":\"https:\/\/www.associationafmi.com\/fr\/gala\/gala-2018\/\",\"url\":\"https:\/\/www.associationafmi.com\/fr\/gala\/gala-2018\/\",\"name\":\"Gala 2018 - Pavillon Gabriel - Association des Amis Fran\u00e7ais du Mus\u00e9e d&#039;Isra\u00ebll\",\"isPartOf\":{\"@id\":\"https:\/\/www.associationafmi.com\/fr\/#website\"},\"primaryImageOfPage\":{\"@id\":\"https:\/\/www.associationafmi.com\/fr\/gala\/gala-2018\/#primaryimage\"},\"image\":{\"@id\":\"https:\/\/www.associationafmi.com\/fr\/gala\/gala-2018\/#primaryimage\"},\"thumbnailUrl\":\"https:\/\/www.associationafmi.com\/amis-france-musee-israel\/2018\/10\/gala-1.jpg\",\"datePublished\":\"2018-10-11T12:52:17+00:00\",\"dateModified\":\"2018-10-11T14:08:49+00:00\",\"breadcrumb\":{\"@id\":\"https:\/\/www.associationafmi.com\/fr\/gala\/gala-2018\/#breadcrumb\"},\"inLanguage\":\"fr-FR\",\"potentialAction\":[{\"@type\":\"ReadAction\",\"target\":[\"https:\/\/www.associationafmi.com\/fr\/gala\/gala-2018\/\"]}]},{\"@type\":\"ImageObject\",\"inLanguage\":\"fr-FR\",\"@id\":\"https:\/\/www.associationafmi.com\/fr\/gala\/gala-2018\/#primaryimage\",\"url\":\"https:\/\/www.associationafmi.com\/amis-france-musee-israel\/2018\/10\/gala-1.jpg\",\"contentUrl\":\"https:\/\/www.associationafmi.com\/amis-france-musee-israel\/2018\/10\/gala-1.jpg\"},{\"@type\":\"BreadcrumbList\",\"@id\":\"https:\/\/www.associationafmi.com\/fr\/gala\/gala-2018\/#breadcrumb\",\"itemListElement\":[{\"@type\":\"ListItem\",\"position\":1,\"name\":\"Accueil\",\"item\":\"https:\/\/www.associationafmi.com\/fr\/\"},{\"@type\":\"ListItem\",\"position\":2,\"name\":\"Les galas de l\u2019AFMI\",\"item\":\"https:\/\/www.associationafmi.com\/fr\/gala\/\"},{\"@type\":\"ListItem\",\"position\":3,\"name\":\"Gala 2018 &#8211; Pavillon Gabriel\"}]},{\"@type\":\"WebSite\",\"@id\":\"https:\/\/www.associationafmi.com\/fr\/#website\",\"url\":\"https:\/\/www.associationafmi.com\/fr\/\",\"name\":\"Association des Amis Fran\u00e7ais du Mus\u00e9e d&#039;Isra\u00ebll\",\"description\":\"AFMI I Amis Fran\u00e7ais du Mus\u00e9e d&#039;Isra\u00ebl\",\"potentialAction\":[{\"@type\":\"SearchAction\",\"target\":{\"@type\":\"EntryPoint\",\"urlTemplate\":\"https:\/\/www.associationafmi.com\/fr\/?s={search_term_string}\"},\"query-input\":{\"@type\":\"PropertyValueSpecification\",\"valueRequired\":true,\"valueName\":\"search_term_string\"}}],\"inLanguage\":\"fr-FR\"}]}<\/script>\n<!-- \/ Yoast SEO plugin. -->","yoast_head_json":{"title":"Gala 2018 - Pavillon Gabriel - Association des Amis Fran\u00e7ais du Mus\u00e9e d&#039;Isra\u00ebll","robots":{"index":"index","follow":"follow","max-snippet":"max-snippet:-1","max-image-preview":"max-image-preview:large","max-video-preview":"max-video-preview:-1"},"canonical":"https:\/\/www.associationafmi.com\/fr\/gala\/gala-2018\/","og_locale":"fr_FR","og_type":"article","og_title":"Gala 2018 - Pavillon Gabriel - Association des Amis Fran\u00e7ais du Mus\u00e9e d&#039;Isra\u00ebll","og_description":"[vc_row dfd_row_responsive_enable=\u00a0\u00bbdfd-row-responsive-enable\u00a0\u00bb css=\u00a0\u00bb.vc_custom_1528705555786{padding-right: 300px !important;padding-left: 300px !important;}\u00a0\u00bb responsive_styles=\u00a0\u00bbpadding_left_mobile:10|padding_right_mobile:10&Prime;][vc_column css=\u00a0\u00bb.vc_custom_1527582087916{padding-top: 50px !important;padding-bottom: 50px !important;}\u00a0\u00bb col_shadow=\u00a0\u00bbbox_shadow_enable:disable|shadow_horizontal:0|shadow_vertical:15|shadow_blur:50|shadow_spread:0|box_shadow_color:rgba(0%2C0%2C0%2C0.35)\u00a0\u00bb col_shadow_hover=\u00a0\u00bbbox_shadow_enable:disable|shadow_horizontal:0|shadow_vertical:15|shadow_blur:50|shadow_spread:0|box_shadow_color:rgba(0%2C0%2C0%2C0.35)\u00a0\u00bb][dfd_heading subtitle=\u00a0\u00bb\u00a0\u00bb enable_delimiter=\u00a0\u00bb\u00a0\u00bb undefined=\u00a0\u00bb\u00a0\u00bb title_font_options=\u00a0\u00bbtag:h1|font_size:30|line_height:35|letter_spacing:1&Prime; subtitle_font_options=\u00a0\u00bbtag:div\u00a0\u00bb]Gala 2018 &#8211; Pavillon Gabriel[\/dfd_heading][\/vc_column][\/vc_row][vc_row dfd_row_responsive_enable=\u00a0\u00bbdfd-row-responsive-enable\u00a0\u00bb css=\u00a0\u00bb.vc_custom_1528705447753{padding-right: 200px !important;padding-left: 200px !important;}\u00a0\u00bb","og_url":"https:\/\/www.associationafmi.com\/fr\/gala\/gala-2018\/","og_site_name":"Association des Amis Fran\u00e7ais du Mus\u00e9e d&#039;Isra\u00ebll","article_modified_time":"2018-10-11T14:08:49+00:00","og_image":[{"url":"https:\/\/www.associationafmi.com\/amis-france-musee-israel\/2018\/10\/gala-1.jpg","type":"","width":"","height":""}],"twitter_card":"summary_large_image","twitter_misc":{"Dur\u00e9e de lecture estim\u00e9e":"1 minute"},"schema":{"@context":"https:\/\/schema.org","@graph":[{"@type":"WebPage","@id":"https:\/\/www.associationafmi.com\/fr\/gala\/gala-2018\/","url":"https:\/\/www.associationafmi.com\/fr\/gala\/gala-2018\/","name":"Gala 2018 - Pavillon Gabriel - Association des Amis Fran\u00e7ais du Mus\u00e9e d&#039;Isra\u00ebll","isPartOf":{"@id":"https:\/\/www.associationafmi.com\/fr\/#website"},"primaryImageOfPage":{"@id":"https:\/\/www.associationafmi.com\/fr\/gala\/gala-2018\/#primaryimage"},"image":{"@id":"https:\/\/www.associationafmi.com\/fr\/gala\/gala-2018\/#primaryimage"},"thumbnailUrl":"https:\/\/www.associationafmi.com\/amis-france-musee-israel\/2018\/10\/gala-1.jpg","datePublished":"2018-10-11T12:52:17+00:00","dateModified":"2018-10-11T14:08:49+00:00","breadcrumb":{"@id":"https:\/\/www.associationafmi.com\/fr\/gala\/gala-2018\/#breadcrumb"},"inLanguage":"fr-FR","potentialAction":[{"@type":"ReadAction","target":["https:\/\/www.associationafmi.com\/fr\/gala\/gala-2018\/"]}]},{"@type":"ImageObject","inLanguage":"fr-FR","@id":"https:\/\/www.associationafmi.com\/fr\/gala\/gala-2018\/#primaryimage","url":"https:\/\/www.associationafmi.com\/amis-france-musee-israel\/2018\/10\/gala-1.jpg","contentUrl":"https:\/\/www.associationafmi.com\/amis-france-musee-israel\/2018\/10\/gala-1.jpg"},{"@type":"BreadcrumbList","@id":"https:\/\/www.associationafmi.com\/fr\/gala\/gala-2018\/#breadcrumb","itemListElement":[{"@type":"ListItem","position":1,"name":"Accueil","item":"https:\/\/www.associationafmi.com\/fr\/"},{"@type":"ListItem","position":2,"name":"Les galas de l\u2019AFMI","item":"https:\/\/www.associationafmi.com\/fr\/gala\/"},{"@type":"ListItem","position":3,"name":"Gala 2018 &#8211; Pavillon Gabriel"}]},{"@type":"WebSite","@id":"https:\/\/www.associationafmi.com\/fr\/#website","url":"https:\/\/www.associationafmi.com\/fr\/","name":"Association des Amis Fran\u00e7ais du Mus\u00e9e d&#039;Isra\u00ebll","description":"AFMI I Amis Fran\u00e7ais du Mus\u00e9e d&#039;Isra\u00ebl","potentialAction":[{"@type":"SearchAction","target":{"@type":"EntryPoint","urlTemplate":"https:\/\/www.associationafmi.com\/fr\/?s={search_term_string}"},"query-input":{"@type":"PropertyValueSpecification","valueRequired":true,"valueName":"search_term_string"}}],"inLanguage":"fr-FR"}]}},"_links":{"self":[{"href":"https:\/\/www.associationafmi.com\/fr\/wp-json\/wp\/v2\/pages\/2509","targetHints":{"allow":["GET"]}}],"collection":[{"href":"https:\/\/www.associationafmi.com\/fr\/wp-json\/wp\/v2\/pages"}],"about":[{"href":"https:\/\/www.associationafmi.com\/fr\/wp-json\/wp\/v2\/types\/page"}],"author":[{"embeddable":true,"href":"https:\/\/www.associationafmi.com\/fr\/wp-json\/wp\/v2\/users\/1"}],"replies":[{"embeddable":true,"href":"https:\/\/www.associationafmi.com\/fr\/wp-json\/wp\/v2\/comments?post=2509"}],"version-history":[{"count":0,"href":"https:\/\/www.associationafmi.com\/fr\/wp-json\/wp\/v2\/pages\/2509\/revisions"}],"up":[{"embeddable":true,"href":"https:\/\/www.associationafmi.com\/fr\/wp-json\/wp\/v2\/pages\/283"}],"wp:attachment":[{"href":"https:\/\/www.associationafmi.com\/fr\/wp-json\/wp\/v2\/media?parent=2509"}],"curies":[{"name":"wp","href":"https:\/\/api.w.org\/{rel}","templated":true}]}}