{"id":2573,"date":"2023-01-24T14:32:09","date_gmt":"2023-01-24T13:32:09","guid":{"rendered":"https:\/\/www.associationafmi.com\/?page_id=2573"},"modified":"2023-01-24T14:45:02","modified_gmt":"2023-01-24T13:45:02","slug":"voyage-a-venise","status":"publish","type":"page","link":"https:\/\/www.associationafmi.com\/fr\/gala\/voyage-a-venise\/","title":{"rendered":"Voyage \u00e0 Venise"},"content":{"rendered":"<div class=\"wpb-content-wrapper\"><p>[vc_row dfd_row_responsive_enable=\u00a0\u00bbdfd-row-responsive-enable\u00a0\u00bb css=\u00a0\u00bb.vc_custom_1528705555786{padding-right: 300px !important;padding-left: 300px !important;}\u00a0\u00bb responsive_styles=\u00a0\u00bbpadding_left_mobile:10|padding_right_mobile:10&Prime;][vc_column css=\u00a0\u00bb.vc_custom_1527582087916{padding-top: 50px !important;padding-bottom: 50px !important;}\u00a0\u00bb col_shadow=\u00a0\u00bbbox_shadow_enable:disable|shadow_horizontal:0|shadow_vertical:15|shadow_blur:50|shadow_spread:0|box_shadow_color:rgba(0%2C0%2C0%2C0.35)\u00a0\u00bb col_shadow_hover=\u00a0\u00bbbox_shadow_enable:disable|shadow_horizontal:0|shadow_vertical:15|shadow_blur:50|shadow_spread:0|box_shadow_color:rgba(0%2C0%2C0%2C0.35)\u00a0\u00bb][dfd_heading subtitle=\u00a0\u00bb\u00a0\u00bb enable_delimiter=\u00a0\u00bb\u00a0\u00bb undefined=\u00a0\u00bb\u00a0\u00bb title_font_options=\u00a0\u00bbtag:h1|font_size:30|line_height:35|letter_spacing:1&Prime; subtitle_font_options=\u00a0\u00bbtag:div\u00a0\u00bb]Voyage \u00e0 Venise[\/dfd_heading][\/vc_column][\/vc_row][vc_row dfd_row_responsive_enable=\u00a0\u00bbdfd-row-responsive-enable\u00a0\u00bb css=\u00a0\u00bb.vc_custom_1528705447753{padding-right: 200px !important;padding-left: 200px !important;}\u00a0\u00bb responsive_styles=\u00a0\u00bbpadding_left_mobile:10|padding_right_mobile:10&Prime;][vc_column width=\u00a0\u00bb2\/3&Prime;][vc_column_text]<\/p>\n<h2>En Septembre 2022 \u00e0 l\u2019occasion de la Biennale les Amis Italiens du Mus\u00e9e d\u2019Israel ont organis\u00e9 avec l\u2019aide des Amis Fran\u00e7ais au profit du Mus\u00e9e D&rsquo;Isra\u00ebl \u00e0 J\u00e9rusalem.<\/h2>\n<p>Une visite particuli\u00e8rement riche et document\u00e9e de tous les hauts lieux culturels \u00e0 Venise. Grace \u00e0 Davide Blei president des Amis Italiens nous avons pu acc\u00e9der \u00e0 des lieux priv\u00e9s spectaculaires comme le ghetto vu de l\u2019int\u00e9rieur avec son propre guide et les diners chez les collectionneurs italiens au bord de la lagune.[\/vc_column_text][vc_column_text]<img loading=\"lazy\" decoding=\"async\" class=\"alignnone size-full wp-image-2576 aligncenter\" src=\"https:\/\/www.associationafmi.com\/amis-france-musee-israel\/2023\/01\/IMG_7035.jpeg\" alt=\"\" width=\"960\" height=\"1001\" srcset=\"https:\/\/www.associationafmi.com\/amis-france-musee-israel\/2023\/01\/IMG_7035.jpeg 960w, https:\/\/www.associationafmi.com\/amis-france-musee-israel\/2023\/01\/IMG_7035-288x300.jpeg 288w, https:\/\/www.associationafmi.com\/amis-france-musee-israel\/2023\/01\/IMG_7035-768x801.jpeg 768w\" sizes=\"auto, (max-width: 960px) 100vw, 960px\" \/><img loading=\"lazy\" decoding=\"async\" class=\"alignnone size-large wp-image-2578 aligncenter\" src=\"https:\/\/www.associationafmi.com\/amis-france-musee-israel\/2023\/01\/bc153836-03ea-4451-bcdb-08ee3241e735.jpg\" alt=\"\" width=\"1024\" height=\"768\" srcset=\"https:\/\/www.associationafmi.com\/amis-france-musee-israel\/2023\/01\/bc153836-03ea-4451-bcdb-08ee3241e735.jpg 1024w, https:\/\/www.associationafmi.com\/amis-france-musee-israel\/2023\/01\/bc153836-03ea-4451-bcdb-08ee3241e735-300x225.jpg 300w, https:\/\/www.associationafmi.com\/amis-france-musee-israel\/2023\/01\/bc153836-03ea-4451-bcdb-08ee3241e735-768x576.jpg 768w\" sizes=\"auto, (max-width: 1024px) 100vw, 1024px\" \/><img loading=\"lazy\" decoding=\"async\" class=\"alignnone size-large wp-image-2580 aligncenter\" src=\"https:\/\/www.associationafmi.com\/amis-france-musee-israel\/2023\/01\/86bd1846-481d-4997-b55f-c14b0f885dca.jpg\" alt=\"\" width=\"1024\" height=\"768\" srcset=\"https:\/\/www.associationafmi.com\/amis-france-musee-israel\/2023\/01\/86bd1846-481d-4997-b55f-c14b0f885dca.jpg 1024w, https:\/\/www.associationafmi.com\/amis-france-musee-israel\/2023\/01\/86bd1846-481d-4997-b55f-c14b0f885dca-300x225.jpg 300w, https:\/\/www.associationafmi.com\/amis-france-musee-israel\/2023\/01\/86bd1846-481d-4997-b55f-c14b0f885dca-768x576.jpg 768w\" sizes=\"auto, (max-width: 1024px) 100vw, 1024px\" \/><img loading=\"lazy\" decoding=\"async\" class=\"alignnone size-large wp-image-2582 aligncenter\" src=\"https:\/\/www.associationafmi.com\/amis-france-musee-israel\/2023\/01\/IMG_5634-1024x768.jpeg\" alt=\"\" width=\"1024\" height=\"768\" srcset=\"https:\/\/www.associationafmi.com\/amis-france-musee-israel\/2023\/01\/IMG_5634-1024x768.jpeg 1024w, https:\/\/www.associationafmi.com\/amis-france-musee-israel\/2023\/01\/IMG_5634-300x225.jpeg 300w, https:\/\/www.associationafmi.com\/amis-france-musee-israel\/2023\/01\/IMG_5634-768x576.jpeg 768w, https:\/\/www.associationafmi.com\/amis-france-musee-israel\/2023\/01\/IMG_5634.jpeg 1280w\" sizes=\"auto, (max-width: 1024px) 100vw, 1024px\" \/>[\/vc_column_text][\/vc_column][vc_column width=\u00a0\u00bb1\/3&Prime;][vc_wp_custommenu nav_menu=\u00a0\u00bb22&Prime;][\/vc_column][\/vc_row]<\/p>\n<\/div>","protected":false},"excerpt":{"rendered":"<p>[vc_row dfd_row_responsive_enable=\u00a0\u00bbdfd-row-responsive-enable\u00a0\u00bb css=\u00a0\u00bb.vc_custom_1528705555786{padding-right: 300px !important;padding-left: 300px !important;}\u00a0\u00bb responsive_styles=\u00a0\u00bbpadding_left_mobile:10|padding_right_mobile:10&Prime;][vc_column css=\u00a0\u00bb.vc_custom_1527582087916{padding-top: 50px !important;padding-bottom: 50px !important;}\u00a0\u00bb col_shadow=\u00a0\u00bbbox_shadow_enable:disable|shadow_horizontal:0|shadow_vertical:15|shadow_blur:50|shadow_spread:0|box_shadow_color:rgba(0%2C0%2C0%2C0.35)\u00a0\u00bb col_shadow_hover=\u00a0\u00bbbox_shadow_enable:disable|shadow_horizontal:0|shadow_vertical:15|shadow_blur:50|shadow_spread:0|box_shadow_color:rgba(0%2C0%2C0%2C0.35)\u00a0\u00bb][dfd_heading subtitle=\u00a0\u00bb\u00a0\u00bb enable_delimiter=\u00a0\u00bb\u00a0\u00bb undefined=\u00a0\u00bb\u00a0\u00bb title_font_options=\u00a0\u00bbtag:h1|font_size:30|line_height:35|letter_spacing:1&Prime; subtitle_font_options=\u00a0\u00bbtag:div\u00a0\u00bb]Voyage \u00e0 Venise[\/dfd_heading][\/vc_column][\/vc_row][vc_row dfd_row_responsive_enable=\u00a0\u00bbdfd-row-responsive-enable\u00a0\u00bb css=\u00a0\u00bb.vc_custom_1528705447753{padding-right: 200px !important;padding-left: 200px !important;}\u00a0\u00bb responsive_styles=\u00a0\u00bbpadding_left_mobile:10|padding_right_mobile:10&Prime;][vc_column width=\u00a0\u00bb2\/3&Prime;][vc_column_text]<\/p>\n","protected":false},"author":1,"featured_media":0,"parent":283,"menu_order":0,"comment_status":"closed","ping_status":"closed","template":"","meta":{"footnotes":""},"class_list":["post-2573","page","type-page","status-publish","hentry"],"yoast_head":"<!-- This site is optimized with the Yoast SEO plugin v27.0 - https:\/\/yoast.com\/product\/yoast-seo-wordpress\/ -->\n<title>Voyage \u00e0 Venise - Association des Amis Fran\u00e7ais du Mus\u00e9e d&#039;Isra\u00ebll<\/title>\n<meta name=\"robots\" content=\"index, follow, max-snippet:-1, max-image-preview:large, max-video-preview:-1\" \/>\n<link rel=\"canonical\" href=\"https:\/\/www.associationafmi.com\/fr\/gala\/voyage-a-venise\/\" \/>\n<meta property=\"og:locale\" content=\"fr_FR\" \/>\n<meta property=\"og:type\" content=\"article\" \/>\n<meta property=\"og:title\" content=\"Voyage \u00e0 Venise - Association des Amis Fran\u00e7ais du Mus\u00e9e d&#039;Isra\u00ebll\" \/>\n<meta property=\"og:description\" content=\"[vc_row dfd_row_responsive_enable=\u00a0\u00bbdfd-row-responsive-enable\u00a0\u00bb css=\u00a0\u00bb.vc_custom_1528705555786{padding-right: 300px !important;padding-left: 300px !important;}\u00a0\u00bb responsive_styles=\u00a0\u00bbpadding_left_mobile:10|padding_right_mobile:10&Prime;][vc_column css=\u00a0\u00bb.vc_custom_1527582087916{padding-top: 50px !important;padding-bottom: 50px !important;}\u00a0\u00bb col_shadow=\u00a0\u00bbbox_shadow_enable:disable|shadow_horizontal:0|shadow_vertical:15|shadow_blur:50|shadow_spread:0|box_shadow_color:rgba(0%2C0%2C0%2C0.35)\u00a0\u00bb col_shadow_hover=\u00a0\u00bbbox_shadow_enable:disable|shadow_horizontal:0|shadow_vertical:15|shadow_blur:50|shadow_spread:0|box_shadow_color:rgba(0%2C0%2C0%2C0.35)\u00a0\u00bb][dfd_heading subtitle=\u00a0\u00bb\u00a0\u00bb enable_delimiter=\u00a0\u00bb\u00a0\u00bb undefined=\u00a0\u00bb\u00a0\u00bb title_font_options=\u00a0\u00bbtag:h1|font_size:30|line_height:35|letter_spacing:1&Prime; subtitle_font_options=\u00a0\u00bbtag:div\u00a0\u00bb]Voyage \u00e0 Venise[\/dfd_heading][\/vc_column][\/vc_row][vc_row dfd_row_responsive_enable=\u00a0\u00bbdfd-row-responsive-enable\u00a0\u00bb css=\u00a0\u00bb.vc_custom_1528705447753{padding-right: 200px !important;padding-left: 200px !important;}\u00a0\u00bb responsive_styles=\u00a0\u00bbpadding_left_mobile:10|padding_right_mobile:10&Prime;][vc_column width=\u00a0\u00bb2\/3&Prime;][vc_column_text]\" \/>\n<meta property=\"og:url\" content=\"https:\/\/www.associationafmi.com\/fr\/gala\/voyage-a-venise\/\" \/>\n<meta property=\"og:site_name\" content=\"Association des Amis Fran\u00e7ais du Mus\u00e9e d&#039;Isra\u00ebll\" \/>\n<meta property=\"article:modified_time\" content=\"2023-01-24T13:45:02+00:00\" \/>\n<meta property=\"og:image\" content=\"https:\/\/www.associationafmi.com\/amis-france-musee-israel\/2023\/01\/IMG_7035.jpeg\" \/>\n<meta name=\"twitter:card\" content=\"summary_large_image\" \/>\n<meta name=\"twitter:label1\" content=\"Dur\u00e9e de lecture estim\u00e9e\" \/>\n\t<meta name=\"twitter:data1\" content=\"2 minutes\" \/>\n<script type=\"application\/ld+json\" class=\"yoast-schema-graph\">{\"@context\":\"https:\/\/schema.org\",\"@graph\":[{\"@type\":\"WebPage\",\"@id\":\"https:\/\/www.associationafmi.com\/fr\/gala\/voyage-a-venise\/\",\"url\":\"https:\/\/www.associationafmi.com\/fr\/gala\/voyage-a-venise\/\",\"name\":\"Voyage \u00e0 Venise - Association des Amis Fran\u00e7ais du Mus\u00e9e d&#039;Isra\u00ebll\",\"isPartOf\":{\"@id\":\"https:\/\/www.associationafmi.com\/fr\/#website\"},\"primaryImageOfPage\":{\"@id\":\"https:\/\/www.associationafmi.com\/fr\/gala\/voyage-a-venise\/#primaryimage\"},\"image\":{\"@id\":\"https:\/\/www.associationafmi.com\/fr\/gala\/voyage-a-venise\/#primaryimage\"},\"thumbnailUrl\":\"https:\/\/www.associationafmi.com\/amis-france-musee-israel\/2023\/01\/IMG_7035.jpeg\",\"datePublished\":\"2023-01-24T13:32:09+00:00\",\"dateModified\":\"2023-01-24T13:45:02+00:00\",\"breadcrumb\":{\"@id\":\"https:\/\/www.associationafmi.com\/fr\/gala\/voyage-a-venise\/#breadcrumb\"},\"inLanguage\":\"fr-FR\",\"potentialAction\":[{\"@type\":\"ReadAction\",\"target\":[\"https:\/\/www.associationafmi.com\/fr\/gala\/voyage-a-venise\/\"]}]},{\"@type\":\"ImageObject\",\"inLanguage\":\"fr-FR\",\"@id\":\"https:\/\/www.associationafmi.com\/fr\/gala\/voyage-a-venise\/#primaryimage\",\"url\":\"https:\/\/www.associationafmi.com\/amis-france-musee-israel\/2023\/01\/IMG_7035.jpeg\",\"contentUrl\":\"https:\/\/www.associationafmi.com\/amis-france-musee-israel\/2023\/01\/IMG_7035.jpeg\"},{\"@type\":\"BreadcrumbList\",\"@id\":\"https:\/\/www.associationafmi.com\/fr\/gala\/voyage-a-venise\/#breadcrumb\",\"itemListElement\":[{\"@type\":\"ListItem\",\"position\":1,\"name\":\"Accueil\",\"item\":\"https:\/\/www.associationafmi.com\/fr\/\"},{\"@type\":\"ListItem\",\"position\":2,\"name\":\"Les galas de l\u2019AFMI\",\"item\":\"https:\/\/www.associationafmi.com\/fr\/gala\/\"},{\"@type\":\"ListItem\",\"position\":3,\"name\":\"Voyage \u00e0 Venise\"}]},{\"@type\":\"WebSite\",\"@id\":\"https:\/\/www.associationafmi.com\/fr\/#website\",\"url\":\"https:\/\/www.associationafmi.com\/fr\/\",\"name\":\"Association des Amis Fran\u00e7ais du Mus\u00e9e d&#039;Isra\u00ebll\",\"description\":\"AFMI I Amis Fran\u00e7ais du Mus\u00e9e d&#039;Isra\u00ebl\",\"potentialAction\":[{\"@type\":\"SearchAction\",\"target\":{\"@type\":\"EntryPoint\",\"urlTemplate\":\"https:\/\/www.associationafmi.com\/fr\/?s={search_term_string}\"},\"query-input\":{\"@type\":\"PropertyValueSpecification\",\"valueRequired\":true,\"valueName\":\"search_term_string\"}}],\"inLanguage\":\"fr-FR\"}]}<\/script>\n<!-- \/ Yoast SEO plugin. -->","yoast_head_json":{"title":"Voyage \u00e0 Venise - Association des Amis Fran\u00e7ais du Mus\u00e9e d&#039;Isra\u00ebll","robots":{"index":"index","follow":"follow","max-snippet":"max-snippet:-1","max-image-preview":"max-image-preview:large","max-video-preview":"max-video-preview:-1"},"canonical":"https:\/\/www.associationafmi.com\/fr\/gala\/voyage-a-venise\/","og_locale":"fr_FR","og_type":"article","og_title":"Voyage \u00e0 Venise - Association des Amis Fran\u00e7ais du Mus\u00e9e d&#039;Isra\u00ebll","og_description":"[vc_row dfd_row_responsive_enable=\u00a0\u00bbdfd-row-responsive-enable\u00a0\u00bb css=\u00a0\u00bb.vc_custom_1528705555786{padding-right: 300px !important;padding-left: 300px !important;}\u00a0\u00bb responsive_styles=\u00a0\u00bbpadding_left_mobile:10|padding_right_mobile:10&Prime;][vc_column css=\u00a0\u00bb.vc_custom_1527582087916{padding-top: 50px !important;padding-bottom: 50px !important;}\u00a0\u00bb col_shadow=\u00a0\u00bbbox_shadow_enable:disable|shadow_horizontal:0|shadow_vertical:15|shadow_blur:50|shadow_spread:0|box_shadow_color:rgba(0%2C0%2C0%2C0.35)\u00a0\u00bb col_shadow_hover=\u00a0\u00bbbox_shadow_enable:disable|shadow_horizontal:0|shadow_vertical:15|shadow_blur:50|shadow_spread:0|box_shadow_color:rgba(0%2C0%2C0%2C0.35)\u00a0\u00bb][dfd_heading subtitle=\u00a0\u00bb\u00a0\u00bb enable_delimiter=\u00a0\u00bb\u00a0\u00bb undefined=\u00a0\u00bb\u00a0\u00bb title_font_options=\u00a0\u00bbtag:h1|font_size:30|line_height:35|letter_spacing:1&Prime; subtitle_font_options=\u00a0\u00bbtag:div\u00a0\u00bb]Voyage \u00e0 Venise[\/dfd_heading][\/vc_column][\/vc_row][vc_row dfd_row_responsive_enable=\u00a0\u00bbdfd-row-responsive-enable\u00a0\u00bb css=\u00a0\u00bb.vc_custom_1528705447753{padding-right: 200px !important;padding-left: 200px !important;}\u00a0\u00bb responsive_styles=\u00a0\u00bbpadding_left_mobile:10|padding_right_mobile:10&Prime;][vc_column width=\u00a0\u00bb2\/3&Prime;][vc_column_text]","og_url":"https:\/\/www.associationafmi.com\/fr\/gala\/voyage-a-venise\/","og_site_name":"Association des Amis Fran\u00e7ais du Mus\u00e9e d&#039;Isra\u00ebll","article_modified_time":"2023-01-24T13:45:02+00:00","og_image":[{"url":"https:\/\/www.associationafmi.com\/amis-france-musee-israel\/2023\/01\/IMG_7035.jpeg","type":"","width":"","height":""}],"twitter_card":"summary_large_image","twitter_misc":{"Dur\u00e9e de lecture estim\u00e9e":"2 minutes"},"schema":{"@context":"https:\/\/schema.org","@graph":[{"@type":"WebPage","@id":"https:\/\/www.associationafmi.com\/fr\/gala\/voyage-a-venise\/","url":"https:\/\/www.associationafmi.com\/fr\/gala\/voyage-a-venise\/","name":"Voyage \u00e0 Venise - Association des Amis Fran\u00e7ais du Mus\u00e9e d&#039;Isra\u00ebll","isPartOf":{"@id":"https:\/\/www.associationafmi.com\/fr\/#website"},"primaryImageOfPage":{"@id":"https:\/\/www.associationafmi.com\/fr\/gala\/voyage-a-venise\/#primaryimage"},"image":{"@id":"https:\/\/www.associationafmi.com\/fr\/gala\/voyage-a-venise\/#primaryimage"},"thumbnailUrl":"https:\/\/www.associationafmi.com\/amis-france-musee-israel\/2023\/01\/IMG_7035.jpeg","datePublished":"2023-01-24T13:32:09+00:00","dateModified":"2023-01-24T13:45:02+00:00","breadcrumb":{"@id":"https:\/\/www.associationafmi.com\/fr\/gala\/voyage-a-venise\/#breadcrumb"},"inLanguage":"fr-FR","potentialAction":[{"@type":"ReadAction","target":["https:\/\/www.associationafmi.com\/fr\/gala\/voyage-a-venise\/"]}]},{"@type":"ImageObject","inLanguage":"fr-FR","@id":"https:\/\/www.associationafmi.com\/fr\/gala\/voyage-a-venise\/#primaryimage","url":"https:\/\/www.associationafmi.com\/amis-france-musee-israel\/2023\/01\/IMG_7035.jpeg","contentUrl":"https:\/\/www.associationafmi.com\/amis-france-musee-israel\/2023\/01\/IMG_7035.jpeg"},{"@type":"BreadcrumbList","@id":"https:\/\/www.associationafmi.com\/fr\/gala\/voyage-a-venise\/#breadcrumb","itemListElement":[{"@type":"ListItem","position":1,"name":"Accueil","item":"https:\/\/www.associationafmi.com\/fr\/"},{"@type":"ListItem","position":2,"name":"Les galas de l\u2019AFMI","item":"https:\/\/www.associationafmi.com\/fr\/gala\/"},{"@type":"ListItem","position":3,"name":"Voyage \u00e0 Venise"}]},{"@type":"WebSite","@id":"https:\/\/www.associationafmi.com\/fr\/#website","url":"https:\/\/www.associationafmi.com\/fr\/","name":"Association des Amis Fran\u00e7ais du Mus\u00e9e d&#039;Isra\u00ebll","description":"AFMI I Amis Fran\u00e7ais du Mus\u00e9e d&#039;Isra\u00ebl","potentialAction":[{"@type":"SearchAction","target":{"@type":"EntryPoint","urlTemplate":"https:\/\/www.associationafmi.com\/fr\/?s={search_term_string}"},"query-input":{"@type":"PropertyValueSpecification","valueRequired":true,"valueName":"search_term_string"}}],"inLanguage":"fr-FR"}]}},"_links":{"self":[{"href":"https:\/\/www.associationafmi.com\/fr\/wp-json\/wp\/v2\/pages\/2573","targetHints":{"allow":["GET"]}}],"collection":[{"href":"https:\/\/www.associationafmi.com\/fr\/wp-json\/wp\/v2\/pages"}],"about":[{"href":"https:\/\/www.associationafmi.com\/fr\/wp-json\/wp\/v2\/types\/page"}],"author":[{"embeddable":true,"href":"https:\/\/www.associationafmi.com\/fr\/wp-json\/wp\/v2\/users\/1"}],"replies":[{"embeddable":true,"href":"https:\/\/www.associationafmi.com\/fr\/wp-json\/wp\/v2\/comments?post=2573"}],"version-history":[{"count":0,"href":"https:\/\/www.associationafmi.com\/fr\/wp-json\/wp\/v2\/pages\/2573\/revisions"}],"up":[{"embeddable":true,"href":"https:\/\/www.associationafmi.com\/fr\/wp-json\/wp\/v2\/pages\/283"}],"wp:attachment":[{"href":"https:\/\/www.associationafmi.com\/fr\/wp-json\/wp\/v2\/media?parent=2573"}],"curies":[{"name":"wp","href":"https:\/\/api.w.org\/{rel}","templated":true}]}}