{"id":32,"date":"2011-05-18T08:57:11","date_gmt":"2011-05-18T08:57:11","guid":{"rendered":"http:\/\/localhost:8888\/wordpress\/?page_id=32"},"modified":"2018-07-19T11:43:12","modified_gmt":"2018-07-19T09:43:12","slug":"nous-soutenir","status":"publish","type":"page","link":"https:\/\/www.associationafmi.com\/fr\/nous-soutenir\/","title":{"rendered":"Nous soutenir"},"content":{"rendered":"<div class=\"wpb-content-wrapper\"><p>[vc_row css=\u00a0\u00bb.vc_custom_1531932842021{padding-right: 100px !important;padding-left: 100px !important;}\u00a0\u00bb][vc_column css=\u00a0\u00bb.vc_custom_1527582087916{padding-top: 50px !important;padding-bottom: 50px !important;}\u00a0\u00bb col_shadow=\u00a0\u00bbbox_shadow_enable:disable|shadow_horizontal:0|shadow_vertical:15|shadow_blur:50|shadow_spread:0|box_shadow_color:rgba(0%2C0%2C0%2C0.35)\u00a0\u00bb col_shadow_hover=\u00a0\u00bbbox_shadow_enable:disable|shadow_horizontal:0|shadow_vertical:15|shadow_blur:50|shadow_spread:0|box_shadow_color:rgba(0%2C0%2C0%2C0.35)\u00a0\u00bb][dfd_heading subtitle=\u00a0\u00bb\u00a0\u00bb enable_delimiter=\u00a0\u00bb\u00a0\u00bb undefined=\u00a0\u00bb\u00a0\u00bb title_font_options=\u00a0\u00bbtag:h1|font_size:30|line_height:35|letter_spacing:1&Prime; subtitle_font_options=\u00a0\u00bbtag:div\u00a0\u00bb]Soutenir notre action[\/dfd_heading][dfd_single_image enable_retina=\u00a0\u00bb\u00a0\u00bb image=\u00a0\u00bb2444&Prime;][dfd_spacer screen_wide_spacer_size=\u00a0\u00bb50&Prime; screen_normal_resolution=\u00a0\u00bb1024&Prime; screen_tablet_resolution=\u00a0\u00bb800&Prime; screen_mobile_resolution=\u00a0\u00bb480&Prime;][dfd_heading subtitle=\u00a0\u00bb\u00a0\u00bb enable_delimiter=\u00a0\u00bb\u00a0\u00bb undefined=\u00a0\u00bb\u00a0\u00bb title_font_options=\u00a0\u00bbtag:h2|font_size:20|line_height:35|letter_spacing:1&Prime; subtitle_font_options=\u00a0\u00bbtag:div\u00a0\u00bb]Don en somme d&rsquo;argent ou en oeuvre d&rsquo;art,<br \/>\nl&rsquo;AFMI dispose du statut d&rsquo;association 1901.[\/dfd_heading][\/vc_column][\/vc_row][vc_row dfd_row_responsive_enable=\u00a0\u00bbdfd-row-responsive-enable\u00a0\u00bb css=\u00a0\u00bb.vc_custom_1531926913825{padding-right: 200px !important;padding-bottom: 100px !important;padding-left: 200px !important;}\u00a0\u00bb responsive_styles=\u00a0\u00bbpadding_top_mobile:10|padding_bottom_mobile:10|padding_left_mobile:10|padding_right_mobile:10&Prime;][vc_column width=\u00a0\u00bb1\/2&Prime;][dfd_heading subtitle=\u00a0\u00bb\u00a0\u00bb content_alignment=\u00a0\u00bbtext-left\u00a0\u00bb enable_delimiter=\u00a0\u00bb\u00a0\u00bb undefined=\u00a0\u00bb\u00a0\u00bb title_font_options=\u00a0\u00bbtag:h3|font_size:15|letter_spacing:1&Prime; title_google_fonts=\u00a0\u00bbyes\u00a0\u00bb title_custom_fonts=\u00a0\u00bbfont_family:Roboto%3A100%2C100italic%2C300%2C300italic%2Cregular%2Citalic%2C500%2C500italic%2C700%2C700italic%2C900%2C900italic|font_style:100%20light%20regular%3A100%3Anormal\u00a0\u00bb subtitle_font_options=\u00a0\u00bbtag:div\u00a0\u00bb]Donner pour le d\u00e9veloppement du Mus\u00e9e d&rsquo;Isra\u00ebl[\/dfd_heading][vc_column_text]L\u2019inauguration en 2010 du Mus\u00e9e d\u2019Isra\u00ebl nouvellement r\u00e9nov\u00e9 fut l\u2019occasion de c\u00e9l\u00e9brer l\u2019incroyable richesse de ses nombreuses collections.<\/p>\n<p>Toute la presse internationale a salu\u00e9 entre autres la qualit\u00e9 de la collection d\u2019art contemporain, qui est devenue, gr\u00e2ce \u00e0 la vision de sa conservatrice Suzanne Landau, une des plus grandes collections d\u2019art contemporain au monde.<\/p>\n<p>Cette collection a \u00e9t\u00e9 principalement constitu\u00e9e gr\u00e2ce \u00e0 la g\u00e9n\u00e9rosit\u00e9 de collectionneurs et de m\u00e9c\u00e8nes, mais aussi gr\u00e2ce \u00e0 un r\u00e9seau actif de comit\u00e9s d\u2019acquisition dans le monde (New York, Londres, Paris et Isra\u00ebl).<\/p>\n<p>Pour mener \u00e0 bien sa mission et acheter des \u0153uvres d\u2019art de qualit\u00e9, les Amis Fran\u00e7ais du Mus\u00e9e d\u2019Isra\u00ebl ne peuvent compter que sur leurs ressources propres : cotisations et dons.<\/p>\n<p>Quel qu\u2019en soit le montant, vous avez l\u2019assurance qu\u2019il sera employ\u00e9 \u00e0 l\u2019achat d\u2019\u0153uvres d\u2019art pour le Mus\u00e9e d\u2019Isra\u00ebl.<\/p>\n<p>Les Amis Fran\u00e7ais du Mus\u00e9e d\u2019Isra\u00ebl est une association d\u00e9clar\u00e9e loi 1901.<\/p>\n<p>Les lib\u00e9ralit\u00e9s qui lui sont accord\u00e9es b\u00e9n\u00e9ficient \u00e0 ce titre d\u2019avantages fiscaux particuli\u00e8rement attractifs dans le cadre juridique et fiscal de la loi du 1er ao\u00fbt 2003.[\/vc_column_text][\/vc_column][vc_column width=\u00a0\u00bb1\/2&Prime;][dfd_single_image enable_retina=\u00a0\u00bb\u00a0\u00bb image=\u00a0\u00bb2323&Prime;][dfd_spacer screen_wide_spacer_size=\u00a0\u00bb10&Prime; screen_normal_resolution=\u00a0\u00bb1024&Prime; screen_tablet_resolution=\u00a0\u00bb800&Prime; screen_mobile_resolution=\u00a0\u00bb480&Prime;][dfd_single_image enable_retina=\u00a0\u00bb\u00a0\u00bb image=\u00a0\u00bb2292&Prime;][\/vc_column][\/vc_row][vc_row dfd_row_responsive_enable=\u00a0\u00bbdfd-row-responsive-enable\u00a0\u00bb css=\u00a0\u00bb.vc_custom_1527580010515{padding-top: 100px !important;padding-right: 200px !important;padding-bottom: 100px !important;padding-left: 200px !important;}\u00a0\u00bb responsive_styles=\u00a0\u00bbpadding_top_mobile:10|padding_bottom_mobile:10|padding_left_mobile:10|padding_right_mobile:10&Prime;][vc_column width=\u00a0\u00bb1\/2&Prime;][dfd_single_image enable_retina=\u00a0\u00bb\u00a0\u00bb image=\u00a0\u00bb2326&Prime;][\/vc_column][vc_column width=\u00a0\u00bb1\/2&Prime;][dfd_heading subtitle=\u00a0\u00bb\u00a0\u00bb content_alignment=\u00a0\u00bbtext-left\u00a0\u00bb enable_delimiter=\u00a0\u00bb\u00a0\u00bb undefined=\u00a0\u00bb\u00a0\u00bb title_font_options=\u00a0\u00bbtag:h3|font_size:15|letter_spacing:1&Prime; title_google_fonts=\u00a0\u00bbyes\u00a0\u00bb title_custom_fonts=\u00a0\u00bbfont_family:Roboto%3A100%2C100italic%2C300%2C300italic%2Cregular%2Citalic%2C500%2C500italic%2C700%2C700italic%2C900%2C900italic|font_style:100%20light%20regular%3A100%3Anormal\u00a0\u00bb subtitle_font_options=\u00a0\u00bbtag:div\u00a0\u00bb]Association d\u00e9clar\u00e9e loi 1901[\/dfd_heading][vc_column_text]Que vous soyez un particulier ou une entreprise, vous pouvez soutenir les Amis Fran\u00e7ais du Mus\u00e9e de J\u00e9rusalem en lui consentant des lib\u00e9ralit\u00e9s. Ces lib\u00e9ralit\u00e9s peuvent prendre plusieurs formes.<\/p>\n<p>Les Amis Fran\u00e7ais du Mus\u00e9e d\u2019Isra\u00ebl est une association d\u00e9clar\u00e9e loi 1901.<\/p>\n<p>Les lib\u00e9ralit\u00e9s qui lui sont accord\u00e9es b\u00e9n\u00e9ficient \u00e0 ce titre d\u2019avantages fiscaux particuli\u00e8rement attractifs. dans le cadre juridique et fiscal de la loi du 1er ao\u00fbt 2003.[\/vc_column_text][\/vc_column][\/vc_row][vc_row dfd_row_responsive_enable=\u00a0\u00bbdfd-row-responsive-enable\u00a0\u00bb css=\u00a0\u00bb.vc_custom_1527580010515{padding-top: 100px !important;padding-right: 200px !important;padding-bottom: 100px !important;padding-left: 200px !important;}\u00a0\u00bb responsive_styles=\u00a0\u00bbpadding_top_mobile:10|padding_bottom_mobile:10|padding_left_mobile:10|padding_right_mobile:10&Prime;][vc_column width=\u00a0\u00bb1\/2&Prime;][dfd_heading subtitle=\u00a0\u00bb\u00a0\u00bb content_alignment=\u00a0\u00bbtext-left\u00a0\u00bb enable_delimiter=\u00a0\u00bb\u00a0\u00bb undefined=\u00a0\u00bb\u00a0\u00bb title_font_options=\u00a0\u00bbtag:h3|font_size:15|letter_spacing:1&Prime; title_google_fonts=\u00a0\u00bbyes\u00a0\u00bb title_custom_fonts=\u00a0\u00bbfont_family:Roboto%3A100%2C100italic%2C300%2C300italic%2Cregular%2Citalic%2C500%2C500italic%2C700%2C700italic%2C900%2C900italic|font_style:100%20light%20regular%3A100%3Anormal\u00a0\u00bb subtitle_font_options=\u00a0\u00bbtag:div\u00a0\u00bb]Don en somme d&rsquo;argent[\/dfd_heading][vc_column_text]Pour mener \u00e0 bien sa mission et acheter sur le march\u00e9 de l\u2019art des \u0153uvres de qualit\u00e9, nous ne pouvons compter que sur nos ressources propres : cotisations, dons et legs.<\/p>\n<p>Vous aimez les \u0153uvres d\u2019art, vous souhaitez les prot\u00e9ger et les rendre accessibles au plus grand nombre, manifestez-nous votre g\u00e9n\u00e9rosit\u00e9 par un don.<\/p>\n<p>Quel qu\u2019en soit le montant, vous avez l\u2019assurance qu\u2019il sera employ\u00e9 \u00e0 l\u2019achat d\u2019\u0153uvres d\u2019art.<br \/>\nCe soutien financier est r\u00e9gi par les m\u00eames r\u00e8gles fiscales et juridiques que les dons traditionnels.<br \/>\n[\/vc_column_text][\/vc_column][vc_column width=\u00a0\u00bb1\/2&Prime;][dfd_single_image enable_retina=\u00a0\u00bb\u00a0\u00bb image=\u00a0\u00bb2328&Prime;][\/vc_column][\/vc_row][vc_row dfd_row_responsive_enable=\u00a0\u00bbdfd-row-responsive-enable\u00a0\u00bb css=\u00a0\u00bb.vc_custom_1527580010515{padding-top: 100px !important;padding-right: 200px !important;padding-bottom: 100px !important;padding-left: 200px !important;}\u00a0\u00bb responsive_styles=\u00a0\u00bbpadding_top_mobile:10|padding_bottom_mobile:10|padding_left_mobile:10|padding_right_mobile:10&Prime;][vc_column width=\u00a0\u00bb1\/2&Prime;][dfd_single_image enable_retina=\u00a0\u00bb\u00a0\u00bb image=\u00a0\u00bb2331&Prime;][\/vc_column][vc_column width=\u00a0\u00bb1\/2&Prime;][dfd_spacer screen_wide_spacer_size=\u00a0\u00bb30&Prime; screen_normal_resolution=\u00a0\u00bb1024&Prime; screen_tablet_resolution=\u00a0\u00bb800&Prime; screen_mobile_resolution=\u00a0\u00bb480&Prime;][dfd_heading subtitle=\u00a0\u00bb\u00a0\u00bb content_alignment=\u00a0\u00bbtext-left\u00a0\u00bb enable_delimiter=\u00a0\u00bb\u00a0\u00bb undefined=\u00a0\u00bb\u00a0\u00bb title_font_options=\u00a0\u00bbtag:h3|font_size:15|letter_spacing:1&Prime; title_google_fonts=\u00a0\u00bbyes\u00a0\u00bb title_custom_fonts=\u00a0\u00bbfont_family:Roboto%3A100%2C100italic%2C300%2C300italic%2Cregular%2Citalic%2C500%2C500italic%2C700%2C700italic%2C900%2C900italic|font_style:100%20light%20regular%3A100%3Anormal\u00a0\u00bb subtitle_font_options=\u00a0\u00bbtag:div\u00a0\u00bb]Don d&rsquo;oeuvres d&rsquo;art[\/dfd_heading][vc_column_text]Il est de longue tradition dans l\u2019histoire des Amis Fran\u00e7ais du Mus\u00e9e d\u2019Isra\u00ebl de permettre l\u2019entr\u00e9e, par son interm\u00e9diaire, d\u2019\u0153uvres de qualit\u00e9 dans les collections du Mus\u00e9e.<\/p>\n<p>Ces dons peuvent \u00eatre consentis sous r\u00e9serve d\u2019usufruit.[\/vc_column_text][\/vc_column][\/vc_row][vc_row][vc_column dfd_column_responsive_enable=\u00a0\u00bbdfd-column-responsive-enable\u00a0\u00bb css=\u00a0\u00bb.vc_custom_1528702057430{padding-right: 300px !important;padding-left: 300px !important;}\u00a0\u00bb col_shadow=\u00a0\u00bbbox_shadow_enable:disable|shadow_horizontal:0|shadow_vertical:15|shadow_blur:50|shadow_spread:0|box_shadow_color:rgba(0%2C0%2C0%2C0.35)\u00a0\u00bb col_shadow_hover=\u00a0\u00bbbox_shadow_enable:disable|shadow_horizontal:0|shadow_vertical:15|shadow_blur:50|shadow_spread:0|box_shadow_color:rgba(0%2C0%2C0%2C0.35)\u00a0\u00bb responsive_styles=\u00a0\u00bbpadding_left_tablet:10|padding_right_tablet:1|padding_left_mobile:10|padding_right_mobile:10&Prime;][dfd_heading subtitle=\u00a0\u00bb\u00a0\u00bb enable_delimiter=\u00a0\u00bb\u00a0\u00bb undefined=\u00a0\u00bb\u00a0\u00bb title_font_options=\u00a0\u00bbtag:h3|font_size:15|letter_spacing:1&Prime; title_google_fonts=\u00a0\u00bbyes\u00a0\u00bb title_custom_fonts=\u00a0\u00bbfont_family:Roboto%3A100%2C100italic%2C300%2C300italic%2Cregular%2Citalic%2C500%2C500italic%2C700%2C700italic%2C900%2C900italic|font_style:100%20light%20regular%3A100%3Anormal\u00a0\u00bb subtitle_font_options=\u00a0\u00bbtag:div\u00a0\u00bb]Cadre juridique et l\u00e9gal[\/dfd_heading][vc_column_text]<\/p>\n<p><strong>Dons effectu\u00e9s par les particuliers<\/strong><\/p>\n<p>Le taux de la r\u00e9duction d\u2019imp\u00f4t est \u00e9gal \u00e0 66 % des sommes vers\u00e9es, retenues dans la limite annuelle de 20 % du revenu imposable.<br \/>\nLorsque les dons exc\u00e8dent cette limite, l\u2019exc\u00e9dent est report\u00e9 successivement sur les cinq ann\u00e9es suivantes et ouvre droit \u00e0 la r\u00e9duction d\u2019imp\u00f4t dans les m\u00eames conditions.<\/p>\n<p><strong>Dons effectu\u00e9s par les entreprises<\/strong><\/p>\n<p>Toutes les entreprises relevant de l\u2019imp\u00f4t sur les soci\u00e9t\u00e9s ou de l\u2019imp\u00f4t sur le revenu dans la cat\u00e9gorie des BIC, des BNC ou des BA.<br \/>\nLes exploitants individuels ont le choix entre le dispositif du m\u00e9c\u00e9nat pr\u00e9vu en faveur des entreprises et l\u2019application des r\u00e8gles concernant les particuliers.<\/p>\n<p>Les versements effectu\u00e9s au titre du m\u00e9c\u00e9nat ouvrent droit \u00e0 une r\u00e9duction d\u2019imp\u00f4t au taux de 60 % de leur montant dans la limite de 5 pour mille du chiffre d\u2019affaires annuel.<\/p>\n<p>Un m\u00e9canisme de report des dons exc\u00e9dentaires est pr\u00e9vu.<\/p>\n<p>Les dons exc\u00e9dant la limite de 5 pour mille peuvent donner lieu \u00e0 l\u2019avantage fiscal au titre de l\u2019un des cinq exercices suivants apr\u00e8s prise en compte des versements effectu\u00e9s au titre de chacun des exercices, sous r\u00e9serve du respect de la limite de chaque exercice.<br \/>\nS\u2019agissant des entreprises soumises \u00e0 l\u2019imp\u00f4t sur le revenu, cette r\u00e9duction d\u2019imp\u00f4t s\u2019impute sur l\u2019imp\u00f4t d\u00fb au titre de l\u2019ann\u00e9e de r\u00e9alisation des versements.<\/p>\n<p>L\u2019exc\u00e9dent \u00e9ventuel de la r\u00e9duction d\u2019imp\u00f4t sur le montant de l\u2019imp\u00f4t d\u00fb pourra \u00eatre utilis\u00e9 pour le paiement de l\u2019imp\u00f4t aff\u00e9rent \u00e0 l\u2019une des cinq ann\u00e9es suivantes.<\/p>\n<p>Pour les entreprises soumises \u00e0 l\u2019imp\u00f4t sur les soci\u00e9t\u00e9s, l\u2019imputation de la r\u00e9-duction d\u2019imp\u00f4t est op\u00e9r\u00e9e sur le solde de l\u2019imp\u00f4t sur les soci\u00e9t\u00e9s d\u00fb au titre de l\u2019exercice au cours duquel les versements ont \u00e9t\u00e9 effectu\u00e9s.<br \/>\n[\/vc_column_text][\/vc_column][\/vc_row]<\/p>\n<\/div>","protected":false},"excerpt":{"rendered":"<p>[vc_row css=\u00a0\u00bb.vc_custom_1531932842021{padding-right: 100px !important;padding-left: 100px !important;}\u00a0\u00bb][vc_column css=\u00a0\u00bb.vc_custom_1527582087916{padding-top: 50px !important;padding-bottom: 50px !important;}\u00a0\u00bb col_shadow=\u00a0\u00bbbox_shadow_enable:disable|shadow_horizontal:0|shadow_vertical:15|shadow_blur:50|shadow_spread:0|box_shadow_color:rgba(0%2C0%2C0%2C0.35)\u00a0\u00bb col_shadow_hover=\u00a0\u00bbbox_shadow_enable:disable|shadow_horizontal:0|shadow_vertical:15|shadow_blur:50|shadow_spread:0|box_shadow_color:rgba(0%2C0%2C0%2C0.35)\u00a0\u00bb][dfd_heading subtitle=\u00a0\u00bb\u00a0\u00bb enable_delimiter=\u00a0\u00bb\u00a0\u00bb undefined=\u00a0\u00bb\u00a0\u00bb title_font_options=\u00a0\u00bbtag:h1|font_size:30|line_height:35|letter_spacing:1&Prime; subtitle_font_options=\u00a0\u00bbtag:div\u00a0\u00bb]Soutenir notre action[\/dfd_heading][dfd_single_image enable_retina=\u00a0\u00bb\u00a0\u00bb image=\u00a0\u00bb2444&Prime;][dfd_spacer screen_wide_spacer_size=\u00a0\u00bb50&Prime; screen_normal_resolution=\u00a0\u00bb1024&Prime; screen_tablet_resolution=\u00a0\u00bb800&Prime; screen_mobile_resolution=\u00a0\u00bb480&Prime;][dfd_heading subtitle=\u00a0\u00bb\u00a0\u00bb enable_delimiter=\u00a0\u00bb\u00a0\u00bb undefined=\u00a0\u00bb\u00a0\u00bb title_font_options=\u00a0\u00bbtag:h2|font_size:20|line_height:35|letter_spacing:1&Prime;<\/p>\n","protected":false},"author":1,"featured_media":0,"parent":0,"menu_order":12,"comment_status":"open","ping_status":"open","template":"","meta":{"footnotes":""},"class_list":["post-32","page","type-page","status-publish","hentry"],"yoast_head":"<!-- This site is optimized with the Yoast SEO plugin v27.0 - https:\/\/yoast.com\/product\/yoast-seo-wordpress\/ -->\n<title>Nous soutenir - Association des Amis Fran\u00e7ais du Mus\u00e9e d&#039;Isra\u00ebll<\/title>\n<meta name=\"robots\" content=\"index, follow, max-snippet:-1, max-image-preview:large, max-video-preview:-1\" \/>\n<link rel=\"canonical\" href=\"https:\/\/www.associationafmi.com\/fr\/nous-soutenir\/\" \/>\n<meta property=\"og:locale\" content=\"fr_FR\" \/>\n<meta property=\"og:type\" content=\"article\" \/>\n<meta property=\"og:title\" content=\"Nous soutenir - Association des Amis Fran\u00e7ais du Mus\u00e9e d&#039;Isra\u00ebll\" \/>\n<meta property=\"og:description\" content=\"[vc_row css=\u00a0\u00bb.vc_custom_1531932842021{padding-right: 100px !important;padding-left: 100px !important;}\u00a0\u00bb][vc_column css=\u00a0\u00bb.vc_custom_1527582087916{padding-top: 50px !important;padding-bottom: 50px !important;}\u00a0\u00bb col_shadow=\u00a0\u00bbbox_shadow_enable:disable|shadow_horizontal:0|shadow_vertical:15|shadow_blur:50|shadow_spread:0|box_shadow_color:rgba(0%2C0%2C0%2C0.35)\u00a0\u00bb col_shadow_hover=\u00a0\u00bbbox_shadow_enable:disable|shadow_horizontal:0|shadow_vertical:15|shadow_blur:50|shadow_spread:0|box_shadow_color:rgba(0%2C0%2C0%2C0.35)\u00a0\u00bb][dfd_heading subtitle=\u00a0\u00bb\u00a0\u00bb enable_delimiter=\u00a0\u00bb\u00a0\u00bb undefined=\u00a0\u00bb\u00a0\u00bb title_font_options=\u00a0\u00bbtag:h1|font_size:30|line_height:35|letter_spacing:1&Prime; subtitle_font_options=\u00a0\u00bbtag:div\u00a0\u00bb]Soutenir notre action[\/dfd_heading][dfd_single_image enable_retina=\u00a0\u00bb\u00a0\u00bb image=\u00a0\u00bb2444&Prime;][dfd_spacer screen_wide_spacer_size=\u00a0\u00bb50&Prime; screen_normal_resolution=\u00a0\u00bb1024&Prime; screen_tablet_resolution=\u00a0\u00bb800&Prime; screen_mobile_resolution=\u00a0\u00bb480&Prime;][dfd_heading subtitle=\u00a0\u00bb\u00a0\u00bb enable_delimiter=\u00a0\u00bb\u00a0\u00bb undefined=\u00a0\u00bb\u00a0\u00bb title_font_options=\u00a0\u00bbtag:h2|font_size:20|line_height:35|letter_spacing:1&Prime;\" \/>\n<meta property=\"og:url\" content=\"https:\/\/www.associationafmi.com\/fr\/nous-soutenir\/\" \/>\n<meta property=\"og:site_name\" content=\"Association des Amis Fran\u00e7ais du Mus\u00e9e d&#039;Isra\u00ebll\" \/>\n<meta property=\"article:modified_time\" content=\"2018-07-19T09:43:12+00:00\" \/>\n<meta name=\"twitter:card\" content=\"summary_large_image\" \/>\n<meta name=\"twitter:label1\" content=\"Dur\u00e9e de lecture estim\u00e9e\" \/>\n\t<meta name=\"twitter:data1\" content=\"8 minutes\" \/>\n<script type=\"application\/ld+json\" class=\"yoast-schema-graph\">{\"@context\":\"https:\/\/schema.org\",\"@graph\":[{\"@type\":\"WebPage\",\"@id\":\"https:\/\/www.associationafmi.com\/fr\/nous-soutenir\/\",\"url\":\"https:\/\/www.associationafmi.com\/fr\/nous-soutenir\/\",\"name\":\"Nous soutenir - Association des Amis Fran\u00e7ais du Mus\u00e9e d&#039;Isra\u00ebll\",\"isPartOf\":{\"@id\":\"https:\/\/www.associationafmi.com\/fr\/#website\"},\"datePublished\":\"2011-05-18T08:57:11+00:00\",\"dateModified\":\"2018-07-19T09:43:12+00:00\",\"breadcrumb\":{\"@id\":\"https:\/\/www.associationafmi.com\/fr\/nous-soutenir\/#breadcrumb\"},\"inLanguage\":\"fr-FR\",\"potentialAction\":[{\"@type\":\"ReadAction\",\"target\":[\"https:\/\/www.associationafmi.com\/fr\/nous-soutenir\/\"]}]},{\"@type\":\"BreadcrumbList\",\"@id\":\"https:\/\/www.associationafmi.com\/fr\/nous-soutenir\/#breadcrumb\",\"itemListElement\":[{\"@type\":\"ListItem\",\"position\":1,\"name\":\"Accueil\",\"item\":\"https:\/\/www.associationafmi.com\/fr\/\"},{\"@type\":\"ListItem\",\"position\":2,\"name\":\"Nous soutenir\"}]},{\"@type\":\"WebSite\",\"@id\":\"https:\/\/www.associationafmi.com\/fr\/#website\",\"url\":\"https:\/\/www.associationafmi.com\/fr\/\",\"name\":\"Association des Amis Fran\u00e7ais du Mus\u00e9e d&#039;Isra\u00ebll\",\"description\":\"AFMI I Amis Fran\u00e7ais du Mus\u00e9e d&#039;Isra\u00ebl\",\"potentialAction\":[{\"@type\":\"SearchAction\",\"target\":{\"@type\":\"EntryPoint\",\"urlTemplate\":\"https:\/\/www.associationafmi.com\/fr\/?s={search_term_string}\"},\"query-input\":{\"@type\":\"PropertyValueSpecification\",\"valueRequired\":true,\"valueName\":\"search_term_string\"}}],\"inLanguage\":\"fr-FR\"}]}<\/script>\n<!-- \/ Yoast SEO plugin. -->","yoast_head_json":{"title":"Nous soutenir - Association des Amis Fran\u00e7ais du Mus\u00e9e d&#039;Isra\u00ebll","robots":{"index":"index","follow":"follow","max-snippet":"max-snippet:-1","max-image-preview":"max-image-preview:large","max-video-preview":"max-video-preview:-1"},"canonical":"https:\/\/www.associationafmi.com\/fr\/nous-soutenir\/","og_locale":"fr_FR","og_type":"article","og_title":"Nous soutenir - Association des Amis Fran\u00e7ais du Mus\u00e9e d&#039;Isra\u00ebll","og_description":"[vc_row css=\u00a0\u00bb.vc_custom_1531932842021{padding-right: 100px !important;padding-left: 100px !important;}\u00a0\u00bb][vc_column css=\u00a0\u00bb.vc_custom_1527582087916{padding-top: 50px !important;padding-bottom: 50px !important;}\u00a0\u00bb col_shadow=\u00a0\u00bbbox_shadow_enable:disable|shadow_horizontal:0|shadow_vertical:15|shadow_blur:50|shadow_spread:0|box_shadow_color:rgba(0%2C0%2C0%2C0.35)\u00a0\u00bb col_shadow_hover=\u00a0\u00bbbox_shadow_enable:disable|shadow_horizontal:0|shadow_vertical:15|shadow_blur:50|shadow_spread:0|box_shadow_color:rgba(0%2C0%2C0%2C0.35)\u00a0\u00bb][dfd_heading subtitle=\u00a0\u00bb\u00a0\u00bb enable_delimiter=\u00a0\u00bb\u00a0\u00bb undefined=\u00a0\u00bb\u00a0\u00bb title_font_options=\u00a0\u00bbtag:h1|font_size:30|line_height:35|letter_spacing:1&Prime; subtitle_font_options=\u00a0\u00bbtag:div\u00a0\u00bb]Soutenir notre action[\/dfd_heading][dfd_single_image enable_retina=\u00a0\u00bb\u00a0\u00bb image=\u00a0\u00bb2444&Prime;][dfd_spacer screen_wide_spacer_size=\u00a0\u00bb50&Prime; screen_normal_resolution=\u00a0\u00bb1024&Prime; screen_tablet_resolution=\u00a0\u00bb800&Prime; screen_mobile_resolution=\u00a0\u00bb480&Prime;][dfd_heading subtitle=\u00a0\u00bb\u00a0\u00bb enable_delimiter=\u00a0\u00bb\u00a0\u00bb undefined=\u00a0\u00bb\u00a0\u00bb title_font_options=\u00a0\u00bbtag:h2|font_size:20|line_height:35|letter_spacing:1&Prime;","og_url":"https:\/\/www.associationafmi.com\/fr\/nous-soutenir\/","og_site_name":"Association des Amis Fran\u00e7ais du Mus\u00e9e d&#039;Isra\u00ebll","article_modified_time":"2018-07-19T09:43:12+00:00","twitter_card":"summary_large_image","twitter_misc":{"Dur\u00e9e de lecture estim\u00e9e":"8 minutes"},"schema":{"@context":"https:\/\/schema.org","@graph":[{"@type":"WebPage","@id":"https:\/\/www.associationafmi.com\/fr\/nous-soutenir\/","url":"https:\/\/www.associationafmi.com\/fr\/nous-soutenir\/","name":"Nous soutenir - Association des Amis Fran\u00e7ais du Mus\u00e9e d&#039;Isra\u00ebll","isPartOf":{"@id":"https:\/\/www.associationafmi.com\/fr\/#website"},"datePublished":"2011-05-18T08:57:11+00:00","dateModified":"2018-07-19T09:43:12+00:00","breadcrumb":{"@id":"https:\/\/www.associationafmi.com\/fr\/nous-soutenir\/#breadcrumb"},"inLanguage":"fr-FR","potentialAction":[{"@type":"ReadAction","target":["https:\/\/www.associationafmi.com\/fr\/nous-soutenir\/"]}]},{"@type":"BreadcrumbList","@id":"https:\/\/www.associationafmi.com\/fr\/nous-soutenir\/#breadcrumb","itemListElement":[{"@type":"ListItem","position":1,"name":"Accueil","item":"https:\/\/www.associationafmi.com\/fr\/"},{"@type":"ListItem","position":2,"name":"Nous soutenir"}]},{"@type":"WebSite","@id":"https:\/\/www.associationafmi.com\/fr\/#website","url":"https:\/\/www.associationafmi.com\/fr\/","name":"Association des Amis Fran\u00e7ais du Mus\u00e9e d&#039;Isra\u00ebll","description":"AFMI I Amis Fran\u00e7ais du Mus\u00e9e d&#039;Isra\u00ebl","potentialAction":[{"@type":"SearchAction","target":{"@type":"EntryPoint","urlTemplate":"https:\/\/www.associationafmi.com\/fr\/?s={search_term_string}"},"query-input":{"@type":"PropertyValueSpecification","valueRequired":true,"valueName":"search_term_string"}}],"inLanguage":"fr-FR"}]}},"_links":{"self":[{"href":"https:\/\/www.associationafmi.com\/fr\/wp-json\/wp\/v2\/pages\/32","targetHints":{"allow":["GET"]}}],"collection":[{"href":"https:\/\/www.associationafmi.com\/fr\/wp-json\/wp\/v2\/pages"}],"about":[{"href":"https:\/\/www.associationafmi.com\/fr\/wp-json\/wp\/v2\/types\/page"}],"author":[{"embeddable":true,"href":"https:\/\/www.associationafmi.com\/fr\/wp-json\/wp\/v2\/users\/1"}],"replies":[{"embeddable":true,"href":"https:\/\/www.associationafmi.com\/fr\/wp-json\/wp\/v2\/comments?post=32"}],"version-history":[{"count":0,"href":"https:\/\/www.associationafmi.com\/fr\/wp-json\/wp\/v2\/pages\/32\/revisions"}],"wp:attachment":[{"href":"https:\/\/www.associationafmi.com\/fr\/wp-json\/wp\/v2\/media?parent=32"}],"curies":[{"name":"wp","href":"https:\/\/api.w.org\/{rel}","templated":true}]}}